{"id":2283,"date":"2019-10-18T23:48:16","date_gmt":"2019-10-18T21:48:16","guid":{"rendered":"http:\/\/evoluscience.fr\/?page_id=2283"},"modified":"2022-10-06T21:18:52","modified_gmt":"2022-10-06T19:18:52","slug":"realiser-un-schema","status":"publish","type":"page","link":"https:\/\/www.evoluscience.fr\/index.php\/methodologie\/fiches-methodologiques\/realiser-un-schema\/","title":{"rendered":"R\u00e9aliser un sch\u00e9ma"},"content":{"rendered":"<div id=\"modal-ready\">\n<div id=\"wp-block-themeisle-blocks-advanced-columns-756c9463\" class=\"wp-block-themeisle-blocks-advanced-columns has-1-columns has-desktop-equal-layout has-tablet-equal-layout has-mobile-equal-layout has-vertical-unset\"><div class=\"wp-block-themeisle-blocks-advanced-columns-overlay\"><\/div><div class=\"innerblocks-wrap\">\n<div id=\"wp-block-themeisle-blocks-advanced-column-d853ebc2\" class=\"wp-block-themeisle-blocks-advanced-column\"><a href=\"https:\/\/www.evoluscience.fr\/wp-content\/uploads\/2022\/10\/Fiche-methode-Realisation-dun-schema.pdf\" class=\"pdfemb-viewer\" style=\"\" data-width=\"max\" data-height=\"max\" data-toolbar=\"top\" data-toolbar-fixed=\"off\">Fiche-methode-Realisation-dun-schema<\/a>\n<p class=\"wp-block-pdfemb-pdf-embedder-viewer\"><\/p>\n\n\n\n<figure class=\"wp-block-image\"><img loading=\"lazy\" decoding=\"async\" width=\"702\" height=\"528\" src=\"http:\/\/evoluscience.fr\/wp-content\/uploads\/2019\/10\/Crit\u00e8res-soleil-R\u00e9aliser-un-sch\u00e9ma.jpg\" alt=\"\" class=\"wp-image-2251\" srcset=\"https:\/\/www.evoluscience.fr\/wp-content\/uploads\/2019\/10\/Crit\u00e8res-soleil-R\u00e9aliser-un-sch\u00e9ma.jpg 702w, https:\/\/www.evoluscience.fr\/wp-content\/uploads\/2019\/10\/Crit\u00e8res-soleil-R\u00e9aliser-un-sch\u00e9ma-300x226.jpg 300w, https:\/\/www.evoluscience.fr\/wp-content\/uploads\/2019\/10\/Crit\u00e8res-soleil-R\u00e9aliser-un-sch\u00e9ma-520x391.jpg 520w\" sizes=\"auto, (max-width: 702px) 100vw, 702px\" \/><\/figure>\n<\/div>\n<\/div><\/div>\n<\/div>","protected":false},"excerpt":{"rendered":"","protected":false},"author":1,"featured_media":0,"parent":271,"menu_order":8,"comment_status":"closed","ping_status":"closed","template":"","meta":{"om_disable_all_campaigns":false,"_monsterinsights_skip_tracking":false,"_monsterinsights_sitenote_active":false,"_monsterinsights_sitenote_note":"","_monsterinsights_sitenote_category":0,"_themeisle_gutenberg_block_has_review":false,"footnotes":""},"c2tw_page_folder":[],"class_list":["post-2283","page","type-page","status-publish","hentry"],"aioseo_notices":[],"_links":{"self":[{"href":"https:\/\/www.evoluscience.fr\/index.php\/wp-json\/wp\/v2\/pages\/2283","targetHints":{"allow":["GET"]}}],"collection":[{"href":"https:\/\/www.evoluscience.fr\/index.php\/wp-json\/wp\/v2\/pages"}],"about":[{"href":"https:\/\/www.evoluscience.fr\/index.php\/wp-json\/wp\/v2\/types\/page"}],"author":[{"embeddable":true,"href":"https:\/\/www.evoluscience.fr\/index.php\/wp-json\/wp\/v2\/users\/1"}],"replies":[{"embeddable":true,"href":"https:\/\/www.evoluscience.fr\/index.php\/wp-json\/wp\/v2\/comments?post=2283"}],"version-history":[{"count":0,"href":"https:\/\/www.evoluscience.fr\/index.php\/wp-json\/wp\/v2\/pages\/2283\/revisions"}],"up":[{"embeddable":true,"href":"https:\/\/www.evoluscience.fr\/index.php\/wp-json\/wp\/v2\/pages\/271"}],"wp:attachment":[{"href":"https:\/\/www.evoluscience.fr\/index.php\/wp-json\/wp\/v2\/media?parent=2283"}],"wp:term":[{"taxonomy":"c2tw_page_folder","embeddable":true,"href":"https:\/\/www.evoluscience.fr\/index.php\/wp-json\/wp\/v2\/c2tw_page_folder?post=2283"}],"curies":[{"name":"wp","href":"https:\/\/api.w.org\/{rel}","templated":true}]}}