{"id":2196,"date":"2019-10-18T19:55:49","date_gmt":"2019-10-18T17:55:49","guid":{"rendered":"http:\/\/evoluscience.fr\/?page_id=2196"},"modified":"2025-03-17T21:36:55","modified_gmt":"2025-03-17T20:36:55","slug":"capsules","status":"publish","type":"page","link":"https:\/\/www.evoluscience.fr\/index.php\/cycle-4\/troisieme-2\/3e-le-vivant\/chapitre-2-genetique-et-selection-naturelle\/activite-1\/capsules\/","title":{"rendered":"Capsules"},"content":{"rendered":"<div id=\"modal-ready\">\n<div id=\"wp-block-themeisle-blocks-advanced-columns-590c96f6\" class=\"wp-block-themeisle-blocks-advanced-columns has-1-columns has-desktop-equal-layout has-tablet-equal-layout has-mobile-equal-layout has-vertical-unset\"><div class=\"wp-block-themeisle-blocks-advanced-columns-overlay\"><\/div><div class=\"innerblocks-wrap\">\n<div id=\"wp-block-themeisle-blocks-advanced-column-2fbb3c80\" class=\"wp-block-themeisle-blocks-advanced-column\">\n<p><\/p>\n\n\n\n<p><a rel=\"noreferrer noopener\" href=\"https:\/\/evoluscience.fr\/index.php\/methodologie\/fiches-methodologiques\/realiser-un-expose\/\" target=\"_blank\">Fiche m\u00e9thodologique pour la r\u00e9alisation d\u2019un expos\u00e9 ou d\u2019une vid\u00e9o contenant une vid\u00e9o expliquant l\u2019aide apport\u00e9e par l\u2019application Keynote<\/a><\/p>\n\n\n\n<div style=\"height:100px\" aria-hidden=\"true\" class=\"wp-block-spacer\"><\/div>\n\n\n\n<p><\/p>\n\n\n\n<p><\/p>\n\n\n\n<p>Capsule A&nbsp;: A partir de recherches documentaires, r\u00e9aliser\nun expos\u00e9 concernant l\u2019exploitation des ressources naturelles renouvelables\npermettant \u00e0 l\u2019Homme de r\u00e9aliser ses activit\u00e9s quotidiennes.<\/p>\n\n\n\n<p>Pour dans 4 s\u00e9ances <\/p>\n\n\n\n<p> Le 29 juillet 2019, l&rsquo;humanit\u00e9 a d\u00e9pens\u00e9 l&rsquo;ensemble des ressources que la Terre peut r\u00e9g\u00e9n\u00e9rer en un an&#8230;<\/p>\n\n\n<div class=\"wp-block-image\">\n<figure class=\"aligncenter is-resized\"><img decoding=\"async\" src=\"https:\/\/www.wwf.fr\/sites\/default\/files\/2019-07\/How_many_Earths_2019_French_Jour_du_depassement_GFN.png\" alt=\"Jour du d\u00e9passement 2019\" style=\"width:350px;height:606px\"\/><\/figure>\n<\/div>\n\n\n<div class=\"_df_book df-lite\" id=\"df_11511\"  _slug=\"3-pt-chp1act2-grille-devaluation-distance-covid\" data-title=\"3-pt-chp1act2-grille-devaluation-distance-covid\" wpoptions=\"true\" thumbtype=\"\" ><\/div><script class=\"df-shortcode-script\" nowprocket type=\"application\/javascript\">window.option_df_11511 = {\"outline\":[],\"autoEnableOutline\":\"false\",\"autoEnableThumbnail\":\"false\",\"overwritePDFOutline\":\"false\",\"enableDownload\":\"false\",\"direction\":\"1\",\"pageSize\":\"0\",\"soundEnable\":\"false\",\"autoPlay\":\"false\",\"source\":\"https:\\\/\\\/www.evoluscience.fr\\\/wp-content\\\/uploads\\\/2023\\\/02\\\/3-PT-Chp1Act2-Grille-devaluation-distance-COVID.pdf\",\"wpOptions\":\"true\"}; if(window.DFLIP && window.DFLIP.parseBooks){window.DFLIP.parseBooks();}<\/script>\n\n\n\n<div style=\"height:100px\" aria-hidden=\"true\" class=\"wp-block-spacer\"><\/div>\n\n\n\n<p class=\"has-text-align-center\">OU (suivant le groupe)<\/p>\n\n\n\n<div style=\"height:100px\" aria-hidden=\"true\" class=\"wp-block-spacer\"><\/div>\n\n\n\n<p>Capsule B&nbsp;: A\npartir de recherches documentaires, r\u00e9aliser un expos\u00e9 concernant l\u2019influence\nde l\u2019activit\u00e9 humaine sur la dynamique des populations.<\/p>\n\n\n\n<p>Pour dans 6 s\u00e9ances<\/p>\n\n\n\n<p><a href=\"http:\/\/www.trameverteetbleue.fr\/presentation-tvb\/qu-est-ce-que-trame-verte-bleue\/definitions-trame-verte-bleue?language%3Den=fr\" target=\"_blank\" rel=\"noreferrer noopener\">Aide pour certains expos\u00e9s<\/a><\/p>\n\n\n\n<div class=\"_df_book df-lite\" id=\"df_11514\"  _slug=\"3-pt-chp1act4-grille-devaluation-distance-covid\" data-title=\"3-pt-chp1act4-grille-devaluation-distance-covid\" wpoptions=\"true\" thumbtype=\"\" ><\/div><script class=\"df-shortcode-script\" nowprocket type=\"application\/javascript\">window.option_df_11514 = {\"outline\":[],\"autoEnableOutline\":\"false\",\"autoEnableThumbnail\":\"false\",\"overwritePDFOutline\":\"false\",\"enableDownload\":\"false\",\"direction\":\"1\",\"pageSize\":\"0\",\"soundEnable\":\"false\",\"autoPlay\":\"false\",\"source\":\"https:\\\/\\\/www.evoluscience.fr\\\/wp-content\\\/uploads\\\/2023\\\/02\\\/3-PT-Chp1Act4-Grille-devaluation-distance-COVID.pdf\",\"wpOptions\":\"true\"}; if(window.DFLIP && window.DFLIP.parseBooks){window.DFLIP.parseBooks();}<\/script>\n<\/div>\n<\/div><\/div>\n<\/div>","protected":false},"excerpt":{"rendered":"","protected":false},"author":1,"featured_media":0,"parent":2190,"menu_order":4,"comment_status":"closed","ping_status":"closed","template":"","meta":{"om_disable_all_campaigns":false,"_monsterinsights_skip_tracking":false,"_monsterinsights_sitenote_active":false,"_monsterinsights_sitenote_note":"","_monsterinsights_sitenote_category":0,"_themeisle_gutenberg_block_has_review":false,"footnotes":""},"c2tw_page_folder":[],"class_list":["post-2196","page","type-page","status-publish","hentry"],"aioseo_notices":[],"_links":{"self":[{"href":"https:\/\/www.evoluscience.fr\/index.php\/wp-json\/wp\/v2\/pages\/2196","targetHints":{"allow":["GET"]}}],"collection":[{"href":"https:\/\/www.evoluscience.fr\/index.php\/wp-json\/wp\/v2\/pages"}],"about":[{"href":"https:\/\/www.evoluscience.fr\/index.php\/wp-json\/wp\/v2\/types\/page"}],"author":[{"embeddable":true,"href":"https:\/\/www.evoluscience.fr\/index.php\/wp-json\/wp\/v2\/users\/1"}],"replies":[{"embeddable":true,"href":"https:\/\/www.evoluscience.fr\/index.php\/wp-json\/wp\/v2\/comments?post=2196"}],"version-history":[{"count":2,"href":"https:\/\/www.evoluscience.fr\/index.php\/wp-json\/wp\/v2\/pages\/2196\/revisions"}],"predecessor-version":[{"id":11516,"href":"https:\/\/www.evoluscience.fr\/index.php\/wp-json\/wp\/v2\/pages\/2196\/revisions\/11516"}],"up":[{"embeddable":true,"href":"https:\/\/www.evoluscience.fr\/index.php\/wp-json\/wp\/v2\/pages\/2190"}],"wp:attachment":[{"href":"https:\/\/www.evoluscience.fr\/index.php\/wp-json\/wp\/v2\/media?parent=2196"}],"wp:term":[{"taxonomy":"c2tw_page_folder","embeddable":true,"href":"https:\/\/www.evoluscience.fr\/index.php\/wp-json\/wp\/v2\/c2tw_page_folder?post=2196"}],"curies":[{"name":"wp","href":"https:\/\/api.w.org\/{rel}","templated":true}]}}