{"id":2187,"date":"2019-10-18T19:40:17","date_gmt":"2019-10-18T17:40:17","guid":{"rendered":"http:\/\/evoluscience.fr\/?page_id=2187"},"modified":"2019-10-18T22:17:25","modified_gmt":"2019-10-18T20:17:25","slug":"chapitre-2-genetique-et-selection-naturelle","status":"publish","type":"page","link":"https:\/\/www.evoluscience.fr\/index.php\/cycle-4\/troisieme-2\/3e-le-vivant\/chapitre-2-genetique-et-selection-naturelle\/","title":{"rendered":"Chapitre 2 &#8211; G\u00e9n\u00e9tique et s\u00e9lection naturelle"},"content":{"rendered":"<div id=\"modal-ready\">\n<div class=\"wp-block-themeisle-blocks-advanced-columns has-1-columns has-desktop-equal-layout has-tablet-equal-layout has-mobile-equal-layout has-default-gap has-vertical-unset\" id=\"wp-block-themeisle-blocks-advanced-columns-dd820068\" style=\"border-width:0px;border-style:solid;border-color:#000000;border-radius:0px;justify-content:unset\"><div class=\"wp-themeisle-block-overlay\" style=\"opacity:0.5;mix-blend-mode:normal\"><\/div><div class=\"innerblocks-wrap\">\n<div class=\"wp-block-themeisle-blocks-advanced-column\" id=\"wp-block-themeisle-blocks-advanced-column-00715d82\" style=\"border-width:0px;border-style:solid;border-color:#000000;border-radius:0px\">\n<div style=\"height:44px\" aria-hidden=\"true\" class=\"wp-block-spacer\"><\/div>\n\n\n\n<p class=\"has-drop-cap\"><em>Hugo se demande si le ph\u00e9nom\u00e8ne\nd\u2019\u00e9volution s\u2019observe aussi dans l\u2019ADN.<\/em><\/p>\n\n\n\n<p class=\"has-text-color has-vivid-green-cyan-color\">Comment un m\u00e9canisme g\u00e9n\u00e9tique peut-il expliquer en partie la s\u00e9lection naturelle&nbsp;?<\/p>\n\n\n\n<div style=\"height:41px\" aria-hidden=\"true\" class=\"wp-block-spacer\"><\/div>\n\n\n\n<p><a href=\"http:\/\/evoluscience.fr\/index.php\/cycle-4\/troisieme-2\/3e-le-vivant\/chapitre-2-genetique-et-selection-naturelle\/activite-1\/\">Activit\u00e9 1 &#8211; Comment le nombre de chromosomes est-il maintenu au cours des g\u00e9n\u00e9rations&nbsp;?<\/a><\/p>\n\n\n\n<p><a href=\"http:\/\/evoluscience.fr\/index.php\/cycle-4\/troisieme-2\/3e-le-vivant\/chapitre-2-genetique-et-selection-naturelle\/activite-2\/\">Activit\u00e9 2 &#8211; Comment la f\u00e9condation permet-elle de former des individus g\u00e9n\u00e9tiquement diff\u00e9rents&nbsp;?<\/a><\/p>\n\n\n\n<p><a href=\"http:\/\/evoluscience.fr\/index.php\/cycle-4\/troisieme-2\/3e-le-vivant\/chapitre-2-genetique-et-selection-naturelle\/activite-3\/\">Activit\u00e9 3 &#8211; Comment un nouvel all\u00e8le permettant un avantage sur l\u2019environnement peut-il se former\u00a0?<\/a><\/p>\n<\/div>\n<\/div><\/div>\n\n\n\n<p><\/p>\n<\/div>","protected":false},"excerpt":{"rendered":"","protected":false},"author":1,"featured_media":0,"parent":2092,"menu_order":4,"comment_status":"closed","ping_status":"closed","template":"","meta":{"om_disable_all_campaigns":false,"_monsterinsights_skip_tracking":false,"_monsterinsights_sitenote_active":false,"_monsterinsights_sitenote_note":"","_monsterinsights_sitenote_category":0,"_themeisle_gutenberg_block_has_review":false,"footnotes":""},"c2tw_page_folder":[],"class_list":["post-2187","page","type-page","status-publish","hentry"],"aioseo_notices":[],"_links":{"self":[{"href":"https:\/\/www.evoluscience.fr\/index.php\/wp-json\/wp\/v2\/pages\/2187","targetHints":{"allow":["GET"]}}],"collection":[{"href":"https:\/\/www.evoluscience.fr\/index.php\/wp-json\/wp\/v2\/pages"}],"about":[{"href":"https:\/\/www.evoluscience.fr\/index.php\/wp-json\/wp\/v2\/types\/page"}],"author":[{"embeddable":true,"href":"https:\/\/www.evoluscience.fr\/index.php\/wp-json\/wp\/v2\/users\/1"}],"replies":[{"embeddable":true,"href":"https:\/\/www.evoluscience.fr\/index.php\/wp-json\/wp\/v2\/comments?post=2187"}],"version-history":[{"count":0,"href":"https:\/\/www.evoluscience.fr\/index.php\/wp-json\/wp\/v2\/pages\/2187\/revisions"}],"up":[{"embeddable":true,"href":"https:\/\/www.evoluscience.fr\/index.php\/wp-json\/wp\/v2\/pages\/2092"}],"wp:attachment":[{"href":"https:\/\/www.evoluscience.fr\/index.php\/wp-json\/wp\/v2\/media?parent=2187"}],"wp:term":[{"taxonomy":"c2tw_page_folder","embeddable":true,"href":"https:\/\/www.evoluscience.fr\/index.php\/wp-json\/wp\/v2\/c2tw_page_folder?post=2187"}],"curies":[{"name":"wp","href":"https:\/\/api.w.org\/{rel}","templated":true}]}}