{"id":2152,"date":"2019-10-18T15:04:19","date_gmt":"2019-10-18T13:04:19","guid":{"rendered":"http:\/\/evoluscience.fr\/?page_id=2152"},"modified":"2025-02-21T15:23:23","modified_gmt":"2025-02-21T14:23:23","slug":"conclusion","status":"publish","type":"page","link":"https:\/\/www.evoluscience.fr\/index.php\/cycle-4\/troisieme-2\/3e-le-vivant\/chapitre-1-les-facteurs-externes-impliques-dans-levolution-dune-population\/activite-3\/conclusion\/","title":{"rendered":"Conclusion"},"content":{"rendered":"<div id=\"modal-ready\">\n<div id=\"wp-block-themeisle-blocks-advanced-columns-43e0d9d1\" class=\"wp-block-themeisle-blocks-advanced-columns has-1-columns has-desktop-equal-layout has-tablet-equal-layout has-mobile-equal-layout has-vertical-unset\"><div class=\"wp-block-themeisle-blocks-advanced-columns-overlay\"><\/div><div class=\"innerblocks-wrap\">\n<div id=\"wp-block-themeisle-blocks-advanced-column-6d11bbde\" class=\"wp-block-themeisle-blocks-advanced-column\">\n<p class=\"has-drop-cap has-vivid-red-color has-text-color\">Les roches s\u00e9dimentaires renferment parfois\ndes fossiles qui permettent de reconstituer les peuplements \u00e0 diverses p\u00e9riodes.\n<\/p>\n\n\n\n<p class=\"has-vivid-red-color has-text-color\">Depuis plus de trois milliards d\u2019ann\u00e9es,\ndes groupes d&rsquo;organismes vivants sont apparus, se sont d\u00e9velopp\u00e9s, ont\nr\u00e9gress\u00e9, et ont pu dispara\u00eetre.<\/p>\n\n\n\n<p class=\"has-vivid-red-color has-text-color\">Au\ncours des temps g\u00e9ologiques, de grandes crises de la biodiversit\u00e9 ont marqu\u00e9\nl\u2019\u00e9volution&nbsp;: \u00e0 des extinctions en masse succ\u00e8dent des p\u00e9riodes de\ndiversification.<\/p>\n\n\n\n<p class=\"has-vivid-red-color has-text-color\">Les\ntemps g\u00e9ologiques sont d\u00e9termin\u00e9s par l\u2019\u00e9volution des groupes d\u2019organismes et\nles transformations g\u00e9ologiques.<\/p>\n\n\n\n<div style=\"height:100px\" aria-hidden=\"true\" class=\"wp-block-spacer\"><\/div>\n\n\n\n<p>Astuce mn\u00e9motechnique&nbsp;pour retenir l\u2019ordre des p\u00e9riodes:<\/p>\n\n\n\n<p>Prends cet or si d\u00e9sir\u00e9 car, penses-tu , je changerai plomb en or, mais pas par habitude.<br><em>(Pr\u00e9cambrien, Cambrien, Ordovicien, Silurien, D\u00e9vonien, Carbonif\u00e8re, Permien, Trias, Jurassique, Cr\u00e9tac\u00e9, Pal\u00e9oc\u00e8ne, Eoc\u00e8ne, Oligoc\u00e8ne, Mioc\u00e8ne, Plioc\u00e8ne, Pl\u00e9istoc\u00e8ne, Holoc\u00e8ne).<\/em><\/p>\n\n\n\n<p>Ou&nbsp;<strong>surtout retenir<\/strong>&nbsp;(p\u00e9riodes du tertiaire moins utilis\u00e9es) :<\/p>\n\n\n\n<p>Prends cet or si d\u00e9sir\u00e9 car, penses-tu , je changerai tout.<br><em>(Pr\u00e9cambrien, Cambrien, Ordovicien, Silurien, D\u00e9vonien, Carbonif\u00e8re, Permien, Trias, Jurassique, Cr\u00e9tac\u00e9, Tertiaire).<\/em><\/p>\n<\/div>\n<\/div><\/div>\n<\/div>","protected":false},"excerpt":{"rendered":"","protected":false},"author":1,"featured_media":0,"parent":2148,"menu_order":3,"comment_status":"closed","ping_status":"closed","template":"","meta":{"om_disable_all_campaigns":false,"_monsterinsights_skip_tracking":false,"_monsterinsights_sitenote_active":false,"_monsterinsights_sitenote_note":"","_monsterinsights_sitenote_category":0,"_themeisle_gutenberg_block_has_review":false,"footnotes":""},"c2tw_page_folder":[],"class_list":["post-2152","page","type-page","status-publish","hentry"],"aioseo_notices":[],"_links":{"self":[{"href":"https:\/\/www.evoluscience.fr\/index.php\/wp-json\/wp\/v2\/pages\/2152","targetHints":{"allow":["GET"]}}],"collection":[{"href":"https:\/\/www.evoluscience.fr\/index.php\/wp-json\/wp\/v2\/pages"}],"about":[{"href":"https:\/\/www.evoluscience.fr\/index.php\/wp-json\/wp\/v2\/types\/page"}],"author":[{"embeddable":true,"href":"https:\/\/www.evoluscience.fr\/index.php\/wp-json\/wp\/v2\/users\/1"}],"replies":[{"embeddable":true,"href":"https:\/\/www.evoluscience.fr\/index.php\/wp-json\/wp\/v2\/comments?post=2152"}],"version-history":[{"count":1,"href":"https:\/\/www.evoluscience.fr\/index.php\/wp-json\/wp\/v2\/pages\/2152\/revisions"}],"predecessor-version":[{"id":11042,"href":"https:\/\/www.evoluscience.fr\/index.php\/wp-json\/wp\/v2\/pages\/2152\/revisions\/11042"}],"up":[{"embeddable":true,"href":"https:\/\/www.evoluscience.fr\/index.php\/wp-json\/wp\/v2\/pages\/2148"}],"wp:attachment":[{"href":"https:\/\/www.evoluscience.fr\/index.php\/wp-json\/wp\/v2\/media?parent=2152"}],"wp:term":[{"taxonomy":"c2tw_page_folder","embeddable":true,"href":"https:\/\/www.evoluscience.fr\/index.php\/wp-json\/wp\/v2\/c2tw_page_folder?post=2152"}],"curies":[{"name":"wp","href":"https:\/\/api.w.org\/{rel}","templated":true}]}}