{"id":2099,"date":"2019-10-17T22:51:05","date_gmt":"2019-10-17T20:51:05","guid":{"rendered":"http:\/\/evoluscience.fr\/?page_id=2099"},"modified":"2019-10-18T16:08:40","modified_gmt":"2019-10-18T14:08:40","slug":"chapitre-1-les-facteurs-externes-impliques-dans-levolution-dune-population","status":"publish","type":"page","link":"https:\/\/www.evoluscience.fr\/index.php\/cycle-4\/troisieme-2\/3e-le-vivant\/chapitre-1-les-facteurs-externes-impliques-dans-levolution-dune-population\/","title":{"rendered":"Chapitre 1 &#8211; Les facteurs externes impliqu\u00e9s dans l&rsquo;\u00e9volution d&rsquo;une population"},"content":{"rendered":"\n<div class=\"wp-block-themeisle-blocks-advanced-columns has-1-columns has-desktop-equal-layout has-tablet-equal-layout has-mobile-equal-layout has-default-gap has-vertical-unset\" id=\"wp-block-themeisle-blocks-advanced-columns-199c0079\" style=\"border-width:0px;border-style:solid;border-color:#000000;border-radius:0px;justify-content:unset\"><div class=\"wp-themeisle-block-overlay\" style=\"opacity:0.5;mix-blend-mode:normal\"><\/div><div class=\"innerblocks-wrap\">\n<div class=\"wp-block-themeisle-blocks-advanced-column\" id=\"wp-block-themeisle-blocks-advanced-column-2569c383\" style=\"border-width:0px;border-style:solid;border-color:#000000;border-radius:0px\">\n<p class=\"has-text-color has-vivid-green-cyan-color\">Quels facteurs peuvent influencer l\u2019avenir d\u2019une population&nbsp;?<\/p>\n\n\n\n<div style=\"height:100px\" aria-hidden=\"true\" class=\"wp-block-spacer\"><\/div>\n\n\n\n<p><a href=\"http:\/\/evoluscience.fr\/index.php\/cycle-4\/troisieme-2\/3e-le-vivant\/chapitre-1-les-facteurs-externes-impliques-dans-levolution-dune-population\/activite-1\/\">Activit\u00e9 1 &#8211; Comment le type de reproduction peut-il changer l\u2019avenir d\u2019une population&nbsp;?<\/a><\/p>\n\n\n\n<p><a href=\"http:\/\/evoluscience.fr\/index.php\/cycle-4\/troisieme-2\/3e-le-vivant\/chapitre-1-les-facteurs-externes-impliques-dans-levolution-dune-population\/activite-2\/\">Activit\u00e9 2 &#8211; Quel m\u00e9canisme permet l\u2019\u00e9volution d\u2019une population au cours des g\u00e9n\u00e9rations&nbsp;? <\/a><\/p>\n\n\n\n<p><a href=\"http:\/\/evoluscience.fr\/index.php\/cycle-4\/troisieme-2\/3e-le-vivant\/chapitre-1-les-facteurs-externes-impliques-dans-levolution-dune-population\/activite-3\/\">Activit\u00e9 3 &#8211; Comment observe-t-on les effets de la s\u00e9lection naturelle \u00e0 l\u2019\u00e9chelle g\u00e9ologique&nbsp;?<\/a><\/p>\n\n\n\n<p><a href=\"http:\/\/evoluscience.fr\/index.php\/cycle-4\/troisieme-2\/3e-le-vivant\/chapitre-1-les-facteurs-externes-impliques-dans-levolution-dune-population\/activite-4\/\">Activit\u00e9 4 &#8211; Comment distingue-t-on la lign\u00e9e humaine des autres esp\u00e8ces animales\u00a0?<\/a><\/p>\n\n\n\n<p><\/p>\n<\/div>\n<\/div><\/div>\n","protected":false},"excerpt":{"rendered":"","protected":false},"author":1,"featured_media":0,"parent":2092,"menu_order":3,"comment_status":"closed","ping_status":"closed","template":"","meta":{"_monsterinsights_skip_tracking":false,"_monsterinsights_sitenote_active":false,"_monsterinsights_sitenote_note":"","_monsterinsights_sitenote_category":0,"_themeisle_gutenberg_block_has_review":false,"footnotes":""},"class_list":["post-2099","page","type-page","status-publish","hentry"],"_links":{"self":[{"href":"https:\/\/www.evoluscience.fr\/index.php\/wp-json\/wp\/v2\/pages\/2099","targetHints":{"allow":["GET"]}}],"collection":[{"href":"https:\/\/www.evoluscience.fr\/index.php\/wp-json\/wp\/v2\/pages"}],"about":[{"href":"https:\/\/www.evoluscience.fr\/index.php\/wp-json\/wp\/v2\/types\/page"}],"author":[{"embeddable":true,"href":"https:\/\/www.evoluscience.fr\/index.php\/wp-json\/wp\/v2\/users\/1"}],"replies":[{"embeddable":true,"href":"https:\/\/www.evoluscience.fr\/index.php\/wp-json\/wp\/v2\/comments?post=2099"}],"version-history":[{"count":0,"href":"https:\/\/www.evoluscience.fr\/index.php\/wp-json\/wp\/v2\/pages\/2099\/revisions"}],"up":[{"embeddable":true,"href":"https:\/\/www.evoluscience.fr\/index.php\/wp-json\/wp\/v2\/pages\/2092"}],"wp:attachment":[{"href":"https:\/\/www.evoluscience.fr\/index.php\/wp-json\/wp\/v2\/media?parent=2099"}],"curies":[{"name":"wp","href":"https:\/\/api.w.org\/{rel}","templated":true}]}}