{"id":2081,"date":"2019-10-17T22:37:36","date_gmt":"2019-10-17T20:37:36","guid":{"rendered":"http:\/\/evoluscience.fr\/?page_id=2081"},"modified":"2019-10-17T22:37:37","modified_gmt":"2019-10-17T20:37:37","slug":"conclusion","status":"publish","type":"page","link":"https:\/\/www.evoluscience.fr\/index.php\/cycle-4\/quatrieme-2\/4e-le-vivant\/chapitre-3-les-interactions-intraspecifiques-dans-la-reproduction-sexuee\/activite-5\/conclusion\/","title":{"rendered":"Conclusion"},"content":{"rendered":"\n<div class=\"wp-block-themeisle-blocks-advanced-columns has-1-columns has-desktop-equal-layout has-tablet-equal-layout has-mobile-equal-layout has-default-gap has-vertical-unset\" id=\"wp-block-themeisle-blocks-advanced-columns-52721072\" style=\"border-width:0px;border-style:solid;border-color:#000000;border-radius:0px;justify-content:unset\"><div class=\"wp-themeisle-block-overlay\" style=\"opacity:0.5;mix-blend-mode:normal\"><\/div><div class=\"innerblocks-wrap\">\n<div class=\"wp-block-themeisle-blocks-advanced-column\" id=\"wp-block-themeisle-blocks-advanced-column-adefa3ab\" style=\"border-width:0px;border-style:solid;border-color:#000000;border-radius:0px\">\n<p class=\"has-text-color has-drop-cap has-vivid-red-color\">L\u2019\u00e9volution de la biodiversit\u00e9 n\u2019est pas constante au cours des temps g\u00e9ologiques\u00a0: augmentation g\u00e9n\u00e9rale mais entrecoup\u00e9e de crises biologiques (dont la crise permo-triasique il y a -250 Ma).<\/p>\n\n\n\n<p class=\"has-text-color has-vivid-red-color\">Elle est marqu\u00e9e par une extinction en masse (chute de la\nbiodiversit\u00e9 en qqMa \u00e0 l\u2019\u00e9chelle de la plan\u00e8te). 96% des esp\u00e8ces marines\ndisparaissent.<\/p>\n\n\n\n<p class=\"has-text-color has-vivid-red-color\">La s\u00e9lection naturelle s\u2019applique&nbsp;: les esp\u00e8ces les plus\naptes \u00e0 survivre ont une descendance. De plus, la reproduction sexu\u00e9e entra\u00eene\nune variation g\u00e9n\u00e9tique chez les individus pouvant mettre en place une nouvelle\nadaptation s\u00e9lective.<\/p>\n<\/div>\n<\/div><\/div>\n","protected":false},"excerpt":{"rendered":"","protected":false},"author":1,"featured_media":0,"parent":2078,"menu_order":3,"comment_status":"closed","ping_status":"closed","template":"","meta":{"_monsterinsights_skip_tracking":false,"_monsterinsights_sitenote_active":false,"_monsterinsights_sitenote_note":"","_monsterinsights_sitenote_category":0,"_themeisle_gutenberg_block_has_review":false,"footnotes":""},"class_list":["post-2081","page","type-page","status-publish","hentry"],"_links":{"self":[{"href":"https:\/\/www.evoluscience.fr\/index.php\/wp-json\/wp\/v2\/pages\/2081","targetHints":{"allow":["GET"]}}],"collection":[{"href":"https:\/\/www.evoluscience.fr\/index.php\/wp-json\/wp\/v2\/pages"}],"about":[{"href":"https:\/\/www.evoluscience.fr\/index.php\/wp-json\/wp\/v2\/types\/page"}],"author":[{"embeddable":true,"href":"https:\/\/www.evoluscience.fr\/index.php\/wp-json\/wp\/v2\/users\/1"}],"replies":[{"embeddable":true,"href":"https:\/\/www.evoluscience.fr\/index.php\/wp-json\/wp\/v2\/comments?post=2081"}],"version-history":[{"count":0,"href":"https:\/\/www.evoluscience.fr\/index.php\/wp-json\/wp\/v2\/pages\/2081\/revisions"}],"up":[{"embeddable":true,"href":"https:\/\/www.evoluscience.fr\/index.php\/wp-json\/wp\/v2\/pages\/2078"}],"wp:attachment":[{"href":"https:\/\/www.evoluscience.fr\/index.php\/wp-json\/wp\/v2\/media?parent=2081"}],"curies":[{"name":"wp","href":"https:\/\/api.w.org\/{rel}","templated":true}]}}