{"id":2071,"date":"2019-10-17T22:29:11","date_gmt":"2019-10-17T20:29:11","guid":{"rendered":"http:\/\/evoluscience.fr\/?page_id=2071"},"modified":"2019-10-17T22:29:54","modified_gmt":"2019-10-17T20:29:54","slug":"conclusion","status":"publish","type":"page","link":"https:\/\/www.evoluscience.fr\/index.php\/cycle-4\/quatrieme-2\/4e-le-vivant\/chapitre-3-les-interactions-intraspecifiques-dans-la-reproduction-sexuee\/activite-4\/conclusion\/","title":{"rendered":"Conclusion"},"content":{"rendered":"<div id=\"modal-ready\">\n<div class=\"wp-block-themeisle-blocks-advanced-columns has-1-columns has-desktop-equal-layout has-tablet-equal-layout has-mobile-equal-layout has-default-gap has-vertical-unset\" id=\"wp-block-themeisle-blocks-advanced-columns-ae69c336\" style=\"border-width:0px;border-style:solid;border-color:#000000;border-radius:0px;justify-content:unset\"><div class=\"wp-themeisle-block-overlay\" style=\"opacity:0.5;mix-blend-mode:normal\"><\/div><div class=\"innerblocks-wrap\">\n<div class=\"wp-block-themeisle-blocks-advanced-column\" id=\"wp-block-themeisle-blocks-advanced-column-d0a236c0\" style=\"border-width:0px;border-style:solid;border-color:#000000;border-radius:0px\">\n<p class=\"has-text-color has-drop-cap has-vivid-red-color\">Une population est form\u00e9e par d\u00e9finition d&rsquo;individus susceptibles de se reproduire entre eux (esp\u00e8ce ou une partie d\u2019une esp\u00e8ce). <\/p>\n\n\n\n<p class=\"has-text-color has-vivid-red-color\">La population subit, au cours du temps, des changements incessants li\u00e9s \u00e0 la disparition (mortalit\u00e9, \u00e9migration) et \u00e0 l&rsquo;apparition de nouveaux sujets (reproduction, immigration). <\/p>\n\n\n\n<p class=\"has-text-color has-vivid-red-color\">Son \u00e9tude est la dynamique des populations. Celle-ci a \u00e9galement pour but de comprendre les influences environnementales sur les effectifs des populations.<\/p>\n\n\n\n<p class=\"has-text-color has-vivid-red-color\">La reproduction sexu\u00e9e peut-\u00eatre influenc\u00e9e par la quantit\u00e9 de ressources alimentaires, un agent de pollinisation, par une pollution\u2026<\/p>\n<\/div>\n<\/div><\/div>\n<\/div>","protected":false},"excerpt":{"rendered":"","protected":false},"author":1,"featured_media":0,"parent":2067,"menu_order":0,"comment_status":"closed","ping_status":"closed","template":"","meta":{"om_disable_all_campaigns":false,"_monsterinsights_skip_tracking":false,"_monsterinsights_sitenote_active":false,"_monsterinsights_sitenote_note":"","_monsterinsights_sitenote_category":0,"_themeisle_gutenberg_block_has_review":false,"footnotes":""},"c2tw_page_folder":[],"class_list":["post-2071","page","type-page","status-publish","hentry"],"aioseo_notices":[],"_links":{"self":[{"href":"https:\/\/www.evoluscience.fr\/index.php\/wp-json\/wp\/v2\/pages\/2071","targetHints":{"allow":["GET"]}}],"collection":[{"href":"https:\/\/www.evoluscience.fr\/index.php\/wp-json\/wp\/v2\/pages"}],"about":[{"href":"https:\/\/www.evoluscience.fr\/index.php\/wp-json\/wp\/v2\/types\/page"}],"author":[{"embeddable":true,"href":"https:\/\/www.evoluscience.fr\/index.php\/wp-json\/wp\/v2\/users\/1"}],"replies":[{"embeddable":true,"href":"https:\/\/www.evoluscience.fr\/index.php\/wp-json\/wp\/v2\/comments?post=2071"}],"version-history":[{"count":0,"href":"https:\/\/www.evoluscience.fr\/index.php\/wp-json\/wp\/v2\/pages\/2071\/revisions"}],"up":[{"embeddable":true,"href":"https:\/\/www.evoluscience.fr\/index.php\/wp-json\/wp\/v2\/pages\/2067"}],"wp:attachment":[{"href":"https:\/\/www.evoluscience.fr\/index.php\/wp-json\/wp\/v2\/media?parent=2071"}],"wp:term":[{"taxonomy":"c2tw_page_folder","embeddable":true,"href":"https:\/\/www.evoluscience.fr\/index.php\/wp-json\/wp\/v2\/c2tw_page_folder?post=2071"}],"curies":[{"name":"wp","href":"https:\/\/api.w.org\/{rel}","templated":true}]}}