{"id":2067,"date":"2019-10-17T22:25:58","date_gmt":"2019-10-17T20:25:58","guid":{"rendered":"http:\/\/evoluscience.fr\/?page_id=2067"},"modified":"2021-04-06T16:02:16","modified_gmt":"2021-04-06T14:02:16","slug":"activite-4","status":"publish","type":"page","link":"https:\/\/www.evoluscience.fr\/index.php\/cycle-4\/quatrieme-2\/4e-le-vivant\/chapitre-3-les-interactions-intraspecifiques-dans-la-reproduction-sexuee\/activite-4\/","title":{"rendered":"Activit\u00e9 4"},"content":{"rendered":"\n<div class=\"wp-block-themeisle-blocks-advanced-columns has-1-columns has-desktop-equal-layout has-tablet-equal-layout has-mobile-equal-layout has-default-gap has-vertical-unset\" id=\"wp-block-themeisle-blocks-advanced-columns-548d8252\"><div class=\"wp-block-themeisle-blocks-advanced-columns-overlay\"><\/div><div class=\"innerblocks-wrap\">\n<div class=\"wp-block-themeisle-blocks-advanced-column\" id=\"wp-block-themeisle-blocks-advanced-column-dc5cfeea\">\n<p><\/p>\n\n\n\n<p class=\"has-text-align-center\"><iframe loading=\"lazy\" src=\"https:\/\/anchor.fm\/laure-emilie-verkest\/embed\/episodes\/4-PV-Chp3Act4-eboae2\/a-a57pl6\" height=\"102px\" width=\"400px\" frameborder=\"0\" scrolling=\"no\"><\/iframe><\/p>\n\n\n\n<div style=\"height:100px\" aria-hidden=\"true\" class=\"wp-block-spacer\"><\/div>\n\n\n\n<p class=\"has-vivid-green-cyan-color has-text-color\"><strong>Quels param\u00e8tres du milieu influencent\nla reproduction sexu\u00e9e&nbsp;?<\/strong><\/p>\n\n\n\n<div style=\"height:58px\" aria-hidden=\"true\" class=\"wp-block-spacer\"><\/div>\n\n\n\n<p class=\"has-background\" style=\"background-color:#ffe9b9\">Activit\u00e9 4&nbsp;: A partir de recherches documentaires sur un exemple, expliquer comment les param\u00e8tres du milieu peuvent influencer la reproduction sexu\u00e9e sous forme d\u2019une vid\u00e9o.<\/p>\n\n\n\n<div style=\"height:100px\" aria-hidden=\"true\" class=\"wp-block-spacer\"><\/div>\n\n\n\n<p><em>Comp\u00e9tences travaill\u00e9es&nbsp;:<\/em><\/p>\n\n\n\n<ul class=\"wp-block-list\"><li><em>Planifier le travail personnel ou en groupe<\/em><\/li><\/ul>\n\n\n\n<ul class=\"wp-block-list\"><li><em>Utiliser des outils de recherche<\/em><\/li><\/ul>\n\n\n\n<ul class=\"wp-block-list\"><li><em>Cr\u00e9er&nbsp; un document num\u00e9rique<\/em><\/li><\/ul>\n\n\n\n<ul class=\"wp-block-list\"><li><em>S\u2019auto\u00e9valuer<\/em><\/li><\/ul>\n\n\n\n<ul class=\"wp-block-list\"><li><em>D\u00e9velopper son esprit critique<\/em><\/li><\/ul>\n\n\n\n<ul class=\"wp-block-list\"><li><em>Sensibiliser \u00e0 l\u2019environnement<\/em><\/li><\/ul>\n\n\n\n<ul class=\"wp-block-list\"><li><em>Inventer une production<\/em><\/li><\/ul>\n\n\n\n<div style=\"height:100px\" aria-hidden=\"true\" class=\"wp-block-spacer\"><\/div>\n\n\n\n<p>Comparaison des diff\u00e9rents param\u00e8tres agissant sur la reproduction sexu\u00e9e:<\/p>\n\n\n\n<ol class=\"wp-block-list\"><li>L\u2019importance de l\u2019abeille dans la      reproduction sexu\u00e9e des plantes \u00e0 fleurs<\/li><li>Les relations entre les ressources alimentaires      et la reproduction sexu\u00e9e de l\u2019harfang des neiges. <\/li><li>Les effets de l\u2019usage du DDT (dichlorodiph\u00e9nyltrichloro\u00e9thane) sur la      reproduction des go\u00e9lands. <\/li><li>L\u2019impact du r\u00e9chauffement climatique sur la reproduction sexu\u00e9e des tortues<\/li><\/ol>\n\n\n\n<div style=\"height:100px\" aria-hidden=\"true\" class=\"wp-block-spacer\"><\/div>\n\n\n\n<div style=\"height:34px\" aria-hidden=\"true\" class=\"wp-block-spacer\"><\/div>\n\n\n\n<div style=\"height:129px\" aria-hidden=\"true\" class=\"wp-block-spacer\"><\/div>\n\n\n\n<div class=\"wp-block-image\"><figure class=\"aligncenter is-resized\"><a href=\"http:\/\/evoluscience.fr\/index.php\/cycle-4\/quatrieme-2\/4e-le-vivant\/chapitre-3-les-interactions-intraspecifiques-dans-la-reproduction-sexuee\/activite-4\/conclusion\/\" target=\"_blank\" rel=\"noreferrer noopener\"><img loading=\"lazy\" decoding=\"async\" src=\"http:\/\/evoluscience.fr\/wp-content\/uploads\/2019\/09\/conclusion.png\" alt=\"\" class=\"wp-image-370\" width=\"323\" height=\"323\" srcset=\"https:\/\/www.evoluscience.fr\/wp-content\/uploads\/2019\/09\/conclusion.png 538w, https:\/\/www.evoluscience.fr\/wp-content\/uploads\/2019\/09\/conclusion-150x150.png 150w, https:\/\/www.evoluscience.fr\/wp-content\/uploads\/2019\/09\/conclusion-300x300.png 300w, https:\/\/www.evoluscience.fr\/wp-content\/uploads\/2019\/09\/conclusion-520x520.png 520w\" sizes=\"auto, (max-width: 323px) 100vw, 323px\" \/><\/a><\/figure><\/div>\n\n\n\n<div class=\"wp-block-image\"><figure class=\"aligncenter is-resized\"><a href=\"http:\/\/evoluscience.fr\/index.php\/cycle-4\/quatrieme-2\/4e-le-vivant\/chapitre-3-les-interactions-intraspecifiques-dans-la-reproduction-sexuee\/activite-4\/capsule\/\" target=\"_blank\" rel=\"noreferrer noopener\"><img loading=\"lazy\" decoding=\"async\" src=\"http:\/\/evoluscience.fr\/wp-content\/uploads\/2019\/09\/capsule.png\" alt=\"\" class=\"wp-image-427\" width=\"314\" height=\"314\" srcset=\"https:\/\/www.evoluscience.fr\/wp-content\/uploads\/2019\/09\/capsule.png 538w, https:\/\/www.evoluscience.fr\/wp-content\/uploads\/2019\/09\/capsule-150x150.png 150w, https:\/\/www.evoluscience.fr\/wp-content\/uploads\/2019\/09\/capsule-300x300.png 300w, https:\/\/www.evoluscience.fr\/wp-content\/uploads\/2019\/09\/capsule-520x520.png 520w\" sizes=\"auto, (max-width: 314px) 100vw, 314px\" \/><\/a><\/figure><\/div>\n\n\n\n<div class=\"wp-block-image is-style-circle-mask\"><figure class=\"aligncenter size-large is-resized\"><a href=\"http:\/\/evoluscience.fr\/index.php\/cycle-4\/quatrieme-2\/4e-le-vivant\/chapitre-3-les-interactions-intraspecifiques-dans-la-reproduction-sexuee\/activite-4\/english-vocabulary\/\" target=\"_blank\" rel=\"noreferrer noopener\"><img loading=\"lazy\" decoding=\"async\" src=\"http:\/\/evoluscience.fr\/wp-content\/uploads\/2020\/02\/Flag_of_the_United_Kingdom.png\" alt=\"\" class=\"wp-image-3115\" width=\"432\" height=\"216\" srcset=\"https:\/\/www.evoluscience.fr\/wp-content\/uploads\/2020\/02\/Flag_of_the_United_Kingdom.png 800w, https:\/\/www.evoluscience.fr\/wp-content\/uploads\/2020\/02\/Flag_of_the_United_Kingdom-300x150.png 300w, https:\/\/www.evoluscience.fr\/wp-content\/uploads\/2020\/02\/Flag_of_the_United_Kingdom-768x384.png 768w, https:\/\/www.evoluscience.fr\/wp-content\/uploads\/2020\/02\/Flag_of_the_United_Kingdom-520x260.png 520w, https:\/\/www.evoluscience.fr\/wp-content\/uploads\/2020\/02\/Flag_of_the_United_Kingdom-740x370.png 740w\" sizes=\"auto, (max-width: 432px) 100vw, 432px\" \/><\/a><\/figure><\/div>\n\n\n\n<div class=\"wp-block-image\"><figure class=\"aligncenter size-large is-resized\"><a href=\"https:\/\/evoluscience.fr\/wp-content\/uploads\/2020\/03\/4-PV-Chp3Act4-FC.pdf\" target=\"_blank\" rel=\"noreferrer noopener\"><img loading=\"lazy\" decoding=\"async\" src=\"http:\/\/evoluscience.fr\/wp-content\/uploads\/2020\/03\/pjiece_jointe-1.png\" alt=\"\" class=\"wp-image-4366\" width=\"338\" height=\"338\" srcset=\"https:\/\/www.evoluscience.fr\/wp-content\/uploads\/2020\/03\/pjiece_jointe-1.png 735w, https:\/\/www.evoluscience.fr\/wp-content\/uploads\/2020\/03\/pjiece_jointe-1-300x300.png 300w, https:\/\/www.evoluscience.fr\/wp-content\/uploads\/2020\/03\/pjiece_jointe-1-150x150.png 150w, https:\/\/www.evoluscience.fr\/wp-content\/uploads\/2020\/03\/pjiece_jointe-1-520x520.png 520w\" sizes=\"auto, (max-width: 338px) 100vw, 338px\" \/><\/a><\/figure><\/div>\n<\/div>\n<\/div><\/div>\n","protected":false},"excerpt":{"rendered":"","protected":false},"author":1,"featured_media":0,"parent":2005,"menu_order":4,"comment_status":"closed","ping_status":"closed","template":"","meta":{"_monsterinsights_skip_tracking":false,"_monsterinsights_sitenote_active":false,"_monsterinsights_sitenote_note":"","_monsterinsights_sitenote_category":0,"_themeisle_gutenberg_block_has_review":false,"footnotes":""},"class_list":["post-2067","page","type-page","status-publish","hentry"],"_links":{"self":[{"href":"https:\/\/www.evoluscience.fr\/index.php\/wp-json\/wp\/v2\/pages\/2067","targetHints":{"allow":["GET"]}}],"collection":[{"href":"https:\/\/www.evoluscience.fr\/index.php\/wp-json\/wp\/v2\/pages"}],"about":[{"href":"https:\/\/www.evoluscience.fr\/index.php\/wp-json\/wp\/v2\/types\/page"}],"author":[{"embeddable":true,"href":"https:\/\/www.evoluscience.fr\/index.php\/wp-json\/wp\/v2\/users\/1"}],"replies":[{"embeddable":true,"href":"https:\/\/www.evoluscience.fr\/index.php\/wp-json\/wp\/v2\/comments?post=2067"}],"version-history":[{"count":0,"href":"https:\/\/www.evoluscience.fr\/index.php\/wp-json\/wp\/v2\/pages\/2067\/revisions"}],"up":[{"embeddable":true,"href":"https:\/\/www.evoluscience.fr\/index.php\/wp-json\/wp\/v2\/pages\/2005"}],"wp:attachment":[{"href":"https:\/\/www.evoluscience.fr\/index.php\/wp-json\/wp\/v2\/media?parent=2067"}],"curies":[{"name":"wp","href":"https:\/\/api.w.org\/{rel}","templated":true}]}}