{"id":206,"date":"2019-10-24T21:53:07","date_gmt":"2019-10-24T19:53:07","guid":{"rendered":"http:\/\/evoluscience.fr\/?page_id=206"},"modified":"2019-10-25T08:50:38","modified_gmt":"2019-10-25T06:50:38","slug":"droits","status":"publish","type":"page","link":"https:\/\/www.evoluscience.fr\/index.php\/droits\/","title":{"rendered":"Droits"},"content":{"rendered":"<div id=\"modal-ready\">\n<p>Les donn\u00e9es et les documents du site internet Evoluscience peuvent \u00eatre utilis\u00e9s et modifi\u00e9s sans but commercial.<\/p>\n\n\n\n<p>Merci d&rsquo;indiquer le nom du site et de citer les sources.<\/p>\n\n\n\n<p style=\"text-align:right\">Merci,   Laure-Emilie Verkest<\/p>\n\n\n\n<div style=\"height:56px\" aria-hidden=\"true\" class=\"wp-block-spacer\"><\/div>\n<\/div>","protected":false},"excerpt":{"rendered":"<p>Les donn\u00e9es et les documents du site internet Evoluscience peuvent \u00eatre utilis\u00e9s et modifi\u00e9s sans but commercial. Merci d&rsquo;indiquer le nom du site et de citer les sources. Merci, Laure-Emilie Verkest<\/p>\n","protected":false},"author":1,"featured_media":0,"parent":0,"menu_order":10,"comment_status":"closed","ping_status":"closed","template":"","meta":{"om_disable_all_campaigns":false,"_monsterinsights_skip_tracking":false,"_monsterinsights_sitenote_active":false,"_monsterinsights_sitenote_note":"","_monsterinsights_sitenote_category":0,"_themeisle_gutenberg_block_has_review":false,"footnotes":""},"c2tw_page_folder":[],"class_list":["post-206","page","type-page","status-publish","hentry"],"aioseo_notices":[],"_links":{"self":[{"href":"https:\/\/www.evoluscience.fr\/index.php\/wp-json\/wp\/v2\/pages\/206","targetHints":{"allow":["GET"]}}],"collection":[{"href":"https:\/\/www.evoluscience.fr\/index.php\/wp-json\/wp\/v2\/pages"}],"about":[{"href":"https:\/\/www.evoluscience.fr\/index.php\/wp-json\/wp\/v2\/types\/page"}],"author":[{"embeddable":true,"href":"https:\/\/www.evoluscience.fr\/index.php\/wp-json\/wp\/v2\/users\/1"}],"replies":[{"embeddable":true,"href":"https:\/\/www.evoluscience.fr\/index.php\/wp-json\/wp\/v2\/comments?post=206"}],"version-history":[{"count":0,"href":"https:\/\/www.evoluscience.fr\/index.php\/wp-json\/wp\/v2\/pages\/206\/revisions"}],"wp:attachment":[{"href":"https:\/\/www.evoluscience.fr\/index.php\/wp-json\/wp\/v2\/media?parent=206"}],"wp:term":[{"taxonomy":"c2tw_page_folder","embeddable":true,"href":"https:\/\/www.evoluscience.fr\/index.php\/wp-json\/wp\/v2\/c2tw_page_folder?post=206"}],"curies":[{"name":"wp","href":"https:\/\/api.w.org\/{rel}","templated":true}]}}