{"id":1977,"date":"2019-10-16T15:40:28","date_gmt":"2019-10-16T13:40:28","guid":{"rendered":"http:\/\/evoluscience.fr\/?page_id=1977"},"modified":"2019-10-16T15:40:29","modified_gmt":"2019-10-16T13:40:29","slug":"conclusion","status":"publish","type":"page","link":"https:\/\/www.evoluscience.fr\/index.php\/cycle-4\/quatrieme-2\/4e-le-vivant\/chapitre-2-la-diversite-des-interactions-interspecifiques\/activite-2\/conclusion\/","title":{"rendered":"Conclusion"},"content":{"rendered":"\n<div class=\"wp-block-themeisle-blocks-advanced-columns has-1-columns has-desktop-equal-layout has-tablet-equal-layout has-mobile-equal-layout has-default-gap has-vertical-unset\" id=\"wp-block-themeisle-blocks-advanced-columns-e75579f6\" style=\"border-width:0px;border-style:solid;border-color:#000000;border-radius:0px;justify-content:unset\"><div class=\"wp-themeisle-block-overlay\" style=\"opacity:0.5;mix-blend-mode:normal\"><\/div><div class=\"innerblocks-wrap\">\n<div class=\"wp-block-themeisle-blocks-advanced-column\" id=\"wp-block-themeisle-blocks-advanced-column-e0c450b9\" style=\"border-width:0px;border-style:solid;border-color:#000000;border-radius:0px\">\n<p class=\"has-text-color has-luminous-vivid-orange-color\">La symbiose est une relation obligatoire b\u00e9n\u00e9fique entre deux\nesp\u00e8ces qui s\u2019installe dans la dur\u00e9e.<\/p>\n\n\n\n<p class=\"has-text-color has-luminous-vivid-orange-color\">Le mutualisme procure un b\u00e9n\u00e9fice r\u00e9ciproque aux deux organismes.<\/p>\n\n\n\n<p class=\"has-text-color has-luminous-vivid-orange-color\">Dans le commensalisme, un organisme b\u00e9n\u00e9ficie de l&rsquo;autre sans\nl&rsquo;affecter.<\/p>\n\n\n\n<p class=\"has-text-color has-drop-cap has-vivid-red-color\">Les individus pr\u00e9sentant les adaptations&nbsp; les plus avantageuses connaissent une\nmeilleure r\u00e9ussite que d&rsquo;autres, et parviennent \u00e0 survivre et prolif\u00e9rer&nbsp;:\nil s\u2019agit de la s\u00e9lection naturelle. <\/p>\n<\/div>\n<\/div><\/div>\n","protected":false},"excerpt":{"rendered":"","protected":false},"author":1,"featured_media":0,"parent":1974,"menu_order":0,"comment_status":"closed","ping_status":"closed","template":"","meta":{"_monsterinsights_skip_tracking":false,"_monsterinsights_sitenote_active":false,"_monsterinsights_sitenote_note":"","_monsterinsights_sitenote_category":0,"footnotes":""},"class_list":["post-1977","page","type-page","status-publish","hentry"],"_links":{"self":[{"href":"https:\/\/www.evoluscience.fr\/index.php\/wp-json\/wp\/v2\/pages\/1977","targetHints":{"allow":["GET"]}}],"collection":[{"href":"https:\/\/www.evoluscience.fr\/index.php\/wp-json\/wp\/v2\/pages"}],"about":[{"href":"https:\/\/www.evoluscience.fr\/index.php\/wp-json\/wp\/v2\/types\/page"}],"author":[{"embeddable":true,"href":"https:\/\/www.evoluscience.fr\/index.php\/wp-json\/wp\/v2\/users\/1"}],"replies":[{"embeddable":true,"href":"https:\/\/www.evoluscience.fr\/index.php\/wp-json\/wp\/v2\/comments?post=1977"}],"version-history":[{"count":0,"href":"https:\/\/www.evoluscience.fr\/index.php\/wp-json\/wp\/v2\/pages\/1977\/revisions"}],"up":[{"embeddable":true,"href":"https:\/\/www.evoluscience.fr\/index.php\/wp-json\/wp\/v2\/pages\/1974"}],"wp:attachment":[{"href":"https:\/\/www.evoluscience.fr\/index.php\/wp-json\/wp\/v2\/media?parent=1977"}],"curies":[{"name":"wp","href":"https:\/\/api.w.org\/{rel}","templated":true}]}}