{"id":1974,"date":"2019-10-16T15:38:37","date_gmt":"2019-10-16T13:38:37","guid":{"rendered":"http:\/\/evoluscience.fr\/?page_id=1974"},"modified":"2021-02-28T17:20:17","modified_gmt":"2021-02-28T16:20:17","slug":"activite-2","status":"publish","type":"page","link":"https:\/\/www.evoluscience.fr\/index.php\/cycle-4\/quatrieme-2\/4e-le-vivant\/chapitre-2-la-diversite-des-interactions-interspecifiques\/activite-2\/","title":{"rendered":"Activit\u00e9 2"},"content":{"rendered":"\n<div class=\"wp-block-themeisle-blocks-advanced-columns has-1-columns has-desktop-equal-layout has-tablet-equal-layout has-mobile-equal-layout has-default-gap has-vertical-unset\" id=\"wp-block-themeisle-blocks-advanced-columns-cd70a65e\"><div class=\"wp-block-themeisle-blocks-advanced-columns-overlay\"><\/div><div class=\"innerblocks-wrap\">\n<div class=\"wp-block-themeisle-blocks-advanced-column\" id=\"wp-block-themeisle-blocks-advanced-column-4d6b0d2d\">\n<p class=\"has-vivid-red-color has-text-color has-large-font-size\">II. <strong>Les relations b\u00e9n\u00e9fiques entre esp\u00e8ces<\/strong><\/p>\n\n\n\n<div style=\"height:33px\" aria-hidden=\"true\" class=\"wp-block-spacer\"><\/div>\n\n\n\n<p class=\"has-vivid-green-cyan-color has-text-color\"><strong>Comment les esp\u00e8ces interagissent-elles\npour mieux survivre ensemble dans leur environnement&nbsp;?<\/strong><\/p>\n\n\n\n<div style=\"height:45px\" aria-hidden=\"true\" class=\"wp-block-spacer\"><\/div>\n\n\n\n<p class=\"has-background\" style=\"background-color:#ffe6b0\">Activit\u00e9 2&nbsp;:\nA partir de recherches documentaires,&nbsp;\nd\u00e9velopper comment certaines esp\u00e8ces r\u00e9ussissent \u00e0 construire une\ninteraction positive sous forme de 4-5 phrases pr\u00e9cises (d\u00e9finition, exemple,\nimage) expliqu\u00e9es \u00e0 l\u2019oral (de mani\u00e8re simple, humoristique ou musicale). <\/p>\n\n\n\n<p>Cas \u00e0 pr\u00e9senter&nbsp;: symbiose (autre que bact\u00e9ries de l\u2019intestin \u2013 mycorhize) \u2013 mutualisme \u2013 commensalisme<\/p>\n\n\n\n<div style=\"height:100px\" aria-hidden=\"true\" class=\"wp-block-spacer\"><\/div>\n\n\n\n<p><em>Comp\u00e9tences travaill\u00e9es&nbsp;:<\/em><\/p>\n\n\n\n<ul class=\"wp-block-list\"><li><em>Planifier le travail en groupe<\/em><\/li><\/ul>\n\n\n\n<ul class=\"wp-block-list\"><li><em>Utiliser des outils de recherche<\/em><\/li><\/ul>\n\n\n\n<ul class=\"wp-block-list\"><li><em>D\u00e9velopper son esprit critique<\/em><\/li><\/ul>\n\n\n\n<ul class=\"wp-block-list\"><li><em>Sensibiliser \u00e0 l\u2019environnement<\/em><\/li><\/ul>\n\n\n\n<div style=\"height:67px\" aria-hidden=\"true\" class=\"wp-block-spacer\"><\/div>\n\n\n\n<div class=\"wp-block-image\"><figure class=\"aligncenter is-resized\"><a href=\"http:\/\/evoluscience.fr\/index.php\/cycle-4\/quatrieme-2\/4e-le-vivant\/chapitre-2-la-diversite-des-interactions-interspecifiques\/activite-2\/conclusion\/\" target=\"_blank\" rel=\"noreferrer noopener\"><img loading=\"lazy\" decoding=\"async\" src=\"http:\/\/evoluscience.fr\/wp-content\/uploads\/2019\/09\/conclusion.png\" alt=\"\" class=\"wp-image-370\" width=\"347\" height=\"347\" srcset=\"https:\/\/www.evoluscience.fr\/wp-content\/uploads\/2019\/09\/conclusion.png 538w, https:\/\/www.evoluscience.fr\/wp-content\/uploads\/2019\/09\/conclusion-150x150.png 150w, https:\/\/www.evoluscience.fr\/wp-content\/uploads\/2019\/09\/conclusion-300x300.png 300w, https:\/\/www.evoluscience.fr\/wp-content\/uploads\/2019\/09\/conclusion-520x520.png 520w\" sizes=\"auto, (max-width: 347px) 100vw, 347px\" \/><\/a><\/figure><\/div>\n\n\n\n<div class=\"wp-block-image\"><figure class=\"aligncenter is-resized\"><a href=\"http:\/\/evoluscience.fr\/index.php\/cycle-4\/quatrieme-2\/4e-le-vivant\/chapitre-2-la-diversite-des-interactions-interspecifiques\/activite-2\/capsules\/\" target=\"_blank\" rel=\"noreferrer noopener\"><img loading=\"lazy\" decoding=\"async\" src=\"http:\/\/evoluscience.fr\/wp-content\/uploads\/2019\/09\/capsule.png\" alt=\"\" class=\"wp-image-427\" width=\"314\" height=\"314\" srcset=\"https:\/\/www.evoluscience.fr\/wp-content\/uploads\/2019\/09\/capsule.png 538w, https:\/\/www.evoluscience.fr\/wp-content\/uploads\/2019\/09\/capsule-150x150.png 150w, https:\/\/www.evoluscience.fr\/wp-content\/uploads\/2019\/09\/capsule-300x300.png 300w, https:\/\/www.evoluscience.fr\/wp-content\/uploads\/2019\/09\/capsule-520x520.png 520w\" sizes=\"auto, (max-width: 314px) 100vw, 314px\" \/><\/a><\/figure><\/div>\n\n\n\n<div class=\"wp-block-image is-style-circle-mask\"><figure class=\"aligncenter size-large is-resized\"><a href=\"http:\/\/evoluscience.fr\/index.php\/cycle-4\/quatrieme-2\/4e-le-vivant\/chapitre-2-la-diversite-des-interactions-interspecifiques\/activite-2\/english-vocabulary\/\" target=\"_blank\" rel=\"noreferrer noopener\"><img loading=\"lazy\" decoding=\"async\" src=\"http:\/\/evoluscience.fr\/wp-content\/uploads\/2020\/02\/Flag_of_the_United_Kingdom.png\" alt=\"\" class=\"wp-image-3115\" width=\"416\" height=\"208\" srcset=\"https:\/\/www.evoluscience.fr\/wp-content\/uploads\/2020\/02\/Flag_of_the_United_Kingdom.png 800w, https:\/\/www.evoluscience.fr\/wp-content\/uploads\/2020\/02\/Flag_of_the_United_Kingdom-300x150.png 300w, https:\/\/www.evoluscience.fr\/wp-content\/uploads\/2020\/02\/Flag_of_the_United_Kingdom-768x384.png 768w, https:\/\/www.evoluscience.fr\/wp-content\/uploads\/2020\/02\/Flag_of_the_United_Kingdom-520x260.png 520w, https:\/\/www.evoluscience.fr\/wp-content\/uploads\/2020\/02\/Flag_of_the_United_Kingdom-740x370.png 740w\" sizes=\"auto, (max-width: 416px) 100vw, 416px\" \/><\/a><\/figure><\/div>\n\n\n\n<div class=\"wp-block-image\"><figure class=\"aligncenter size-large is-resized\"><a href=\"https:\/\/evoluscience.fr\/wp-content\/uploads\/2020\/03\/4-PV-Chp2Act2-FC.pdf\" target=\"_blank\" rel=\"noopener noreferrer\"><img loading=\"lazy\" decoding=\"async\" src=\"https:\/\/evoluscience.fr\/wp-content\/uploads\/2020\/03\/pjiece_jointe-1.png\" alt=\"\" class=\"wp-image-4366\" width=\"288\" height=\"288\" srcset=\"https:\/\/www.evoluscience.fr\/wp-content\/uploads\/2020\/03\/pjiece_jointe-1.png 735w, https:\/\/www.evoluscience.fr\/wp-content\/uploads\/2020\/03\/pjiece_jointe-1-300x300.png 300w, https:\/\/www.evoluscience.fr\/wp-content\/uploads\/2020\/03\/pjiece_jointe-1-150x150.png 150w, https:\/\/www.evoluscience.fr\/wp-content\/uploads\/2020\/03\/pjiece_jointe-1-520x520.png 520w\" sizes=\"auto, (max-width: 288px) 100vw, 288px\" \/><\/a><\/figure><\/div>\n<\/div>\n<\/div><\/div>\n","protected":false},"excerpt":{"rendered":"","protected":false},"author":1,"featured_media":0,"parent":1962,"menu_order":3,"comment_status":"closed","ping_status":"closed","template":"","meta":{"_monsterinsights_skip_tracking":false,"_monsterinsights_sitenote_active":false,"_monsterinsights_sitenote_note":"","_monsterinsights_sitenote_category":0,"_themeisle_gutenberg_block_has_review":false,"footnotes":""},"class_list":["post-1974","page","type-page","status-publish","hentry"],"_links":{"self":[{"href":"https:\/\/www.evoluscience.fr\/index.php\/wp-json\/wp\/v2\/pages\/1974","targetHints":{"allow":["GET"]}}],"collection":[{"href":"https:\/\/www.evoluscience.fr\/index.php\/wp-json\/wp\/v2\/pages"}],"about":[{"href":"https:\/\/www.evoluscience.fr\/index.php\/wp-json\/wp\/v2\/types\/page"}],"author":[{"embeddable":true,"href":"https:\/\/www.evoluscience.fr\/index.php\/wp-json\/wp\/v2\/users\/1"}],"replies":[{"embeddable":true,"href":"https:\/\/www.evoluscience.fr\/index.php\/wp-json\/wp\/v2\/comments?post=1974"}],"version-history":[{"count":0,"href":"https:\/\/www.evoluscience.fr\/index.php\/wp-json\/wp\/v2\/pages\/1974\/revisions"}],"up":[{"embeddable":true,"href":"https:\/\/www.evoluscience.fr\/index.php\/wp-json\/wp\/v2\/pages\/1962"}],"wp:attachment":[{"href":"https:\/\/www.evoluscience.fr\/index.php\/wp-json\/wp\/v2\/media?parent=1974"}],"curies":[{"name":"wp","href":"https:\/\/api.w.org\/{rel}","templated":true}]}}