{"id":1969,"date":"2019-10-16T15:33:34","date_gmt":"2019-10-16T13:33:34","guid":{"rendered":"http:\/\/evoluscience.fr\/?page_id=1969"},"modified":"2019-10-16T15:33:35","modified_gmt":"2019-10-16T13:33:35","slug":"conclusion","status":"publish","type":"page","link":"https:\/\/www.evoluscience.fr\/index.php\/cycle-4\/quatrieme-2\/4e-le-vivant\/chapitre-2-la-diversite-des-interactions-interspecifiques\/activite-1\/conclusion\/","title":{"rendered":"Conclusion"},"content":{"rendered":"<div id=\"modal-ready\">\n<div class=\"wp-block-themeisle-blocks-advanced-columns has-1-columns has-desktop-equal-layout has-tablet-equal-layout has-mobile-equal-layout has-default-gap has-vertical-unset\" id=\"wp-block-themeisle-blocks-advanced-columns-8a29cee9\" style=\"border-width:0px;border-style:solid;border-color:#000000;border-radius:0px;justify-content:unset\"><div class=\"wp-themeisle-block-overlay\" style=\"opacity:0.5;mix-blend-mode:normal\"><\/div><div class=\"innerblocks-wrap\">\n<div class=\"wp-block-themeisle-blocks-advanced-column\" id=\"wp-block-themeisle-blocks-advanced-column-cbb1067e\" style=\"border-width:0px;border-style:solid;border-color:#000000;border-radius:0px\">\n<p class=\"has-text-color has-drop-cap has-vivid-red-color\">Au c\u0153ur d\u2019un \u00e9cosyst\u00e8me, les \u00eatres vivants interagissent entre\neux et avec leur environnement (=milieu de vie).&nbsp; <\/p>\n\n\n\n<p class=\"has-text-color has-luminous-vivid-orange-color\">La pr\u00e9dation est une relation\ntrophique (li\u00e9e \u00e0 la nutrition) dans laquelle le pr\u00e9dateur se nourrit de\nproies.<\/p>\n\n\n\n<p class=\"has-text-color has-luminous-vivid-orange-color\">La comp\u00e9tition est une relation\ndans laquelle plusieurs \u00eatres vivants recherchent en m\u00eame temps la ma\u00eetrise des\nressources de leur milieu.<\/p>\n\n\n\n<p class=\"has-text-color has-luminous-vivid-orange-color\">Le parasitisme est l&rsquo;interaction\nentre deux organismes o\u00f9 &nbsp;le parasite vit\naux d\u00e9pens de l&rsquo;h\u00f4te en lui portant pr\u00e9judice (en l\u2019utilisant).<\/p>\n\n\n\n<div style=\"height:100px\" aria-hidden=\"true\" class=\"wp-block-spacer\"><\/div>\n\n\n\n<p>Rappel:<\/p>\n\n\n\n<p class=\"has-text-color has-luminous-vivid-orange-color\">Un \u00e9cosyst\u00e8me est un ensemble dynamique d&rsquo;organismes vivants (plantes, animaux et micro-organismes) qui interagissent entre eux et avec le milieu (sol, climat, eau, lumi\u00e8re) dans lequel ils vivent.<\/p>\n<\/div>\n<\/div><\/div>\n<\/div>","protected":false},"excerpt":{"rendered":"","protected":false},"author":1,"featured_media":0,"parent":1965,"menu_order":0,"comment_status":"closed","ping_status":"closed","template":"","meta":{"om_disable_all_campaigns":false,"_monsterinsights_skip_tracking":false,"_monsterinsights_sitenote_active":false,"_monsterinsights_sitenote_note":"","_monsterinsights_sitenote_category":0,"_themeisle_gutenberg_block_has_review":false,"footnotes":""},"c2tw_page_folder":[],"class_list":["post-1969","page","type-page","status-publish","hentry"],"aioseo_notices":[],"_links":{"self":[{"href":"https:\/\/www.evoluscience.fr\/index.php\/wp-json\/wp\/v2\/pages\/1969","targetHints":{"allow":["GET"]}}],"collection":[{"href":"https:\/\/www.evoluscience.fr\/index.php\/wp-json\/wp\/v2\/pages"}],"about":[{"href":"https:\/\/www.evoluscience.fr\/index.php\/wp-json\/wp\/v2\/types\/page"}],"author":[{"embeddable":true,"href":"https:\/\/www.evoluscience.fr\/index.php\/wp-json\/wp\/v2\/users\/1"}],"replies":[{"embeddable":true,"href":"https:\/\/www.evoluscience.fr\/index.php\/wp-json\/wp\/v2\/comments?post=1969"}],"version-history":[{"count":0,"href":"https:\/\/www.evoluscience.fr\/index.php\/wp-json\/wp\/v2\/pages\/1969\/revisions"}],"up":[{"embeddable":true,"href":"https:\/\/www.evoluscience.fr\/index.php\/wp-json\/wp\/v2\/pages\/1965"}],"wp:attachment":[{"href":"https:\/\/www.evoluscience.fr\/index.php\/wp-json\/wp\/v2\/media?parent=1969"}],"wp:term":[{"taxonomy":"c2tw_page_folder","embeddable":true,"href":"https:\/\/www.evoluscience.fr\/index.php\/wp-json\/wp\/v2\/c2tw_page_folder?post=1969"}],"curies":[{"name":"wp","href":"https:\/\/api.w.org\/{rel}","templated":true}]}}