{"id":1965,"date":"2019-10-16T15:29:03","date_gmt":"2019-10-16T13:29:03","guid":{"rendered":"http:\/\/evoluscience.fr\/?page_id=1965"},"modified":"2021-02-28T17:17:53","modified_gmt":"2021-02-28T16:17:53","slug":"activite-1","status":"publish","type":"page","link":"https:\/\/www.evoluscience.fr\/index.php\/cycle-4\/quatrieme-2\/4e-le-vivant\/chapitre-2-la-diversite-des-interactions-interspecifiques\/activite-1\/","title":{"rendered":"Activit\u00e9 1"},"content":{"rendered":"<div id=\"modal-ready\">\n<div class=\"wp-block-themeisle-blocks-advanced-columns has-1-columns has-desktop-equal-layout has-tablet-equal-layout has-mobile-equal-layout has-default-gap has-vertical-unset\" id=\"wp-block-themeisle-blocks-advanced-columns-b57e7ba2\"><div class=\"wp-block-themeisle-blocks-advanced-columns-overlay\"><\/div><div class=\"innerblocks-wrap\">\n<div class=\"wp-block-themeisle-blocks-advanced-column\" id=\"wp-block-themeisle-blocks-advanced-column-22f9f072\">\n<p class=\"has-vivid-red-color has-text-color\">I. <strong>Les relations n\u00e9fastes entre esp\u00e8ces<\/strong><\/p>\n\n\n\n<div style=\"height:34px\" aria-hidden=\"true\" class=\"wp-block-spacer\"><\/div>\n\n\n\n<p class=\"has-vivid-green-cyan-color has-text-color\"><strong>Comment les esp\u00e8ces agissent-elles\npour mieux survivre que les autres dans leur environnement&nbsp;(= milieu de\nvie)?<\/strong><\/p>\n\n\n\n<div style=\"height:36px\" aria-hidden=\"true\" class=\"wp-block-spacer\"><\/div>\n\n\n\n<p class=\"has-background\" style=\"background-color:#f9e3c1\">Activit\u00e9\n1&nbsp;: A partir de recherches documentaires,&nbsp;\nd\u00e9velopper comment certaines esp\u00e8ces r\u00e9ussissent \u00e0 survivre au d\u00e9triment\ndes autres sous forme de 4-5 phrases pr\u00e9cises (d\u00e9finition, exemple, image)\nexpliqu\u00e9es \u00e0 l\u2019oral (de mani\u00e8re simple, humoristique ou musicale). <\/p>\n\n\n\n<p>Cas \u00e0 pr\u00e9senter&nbsp;: pr\u00e9dation \u2013 comp\u00e9tition \u2013 parasitisme \u2013 (herbivorie)<\/p>\n\n\n\n<div style=\"height:100px\" aria-hidden=\"true\" class=\"wp-block-spacer\"><\/div>\n\n\n\n<p><em>Comp\u00e9tences travaill\u00e9es&nbsp;:<\/em><\/p>\n\n\n\n<ul class=\"wp-block-list\"><li><em>Planifier le travail en groupe<\/em><\/li><\/ul>\n\n\n\n<ul class=\"wp-block-list\"><li><em>Utiliser des outils de recherche<\/em><\/li><\/ul>\n\n\n\n<ul class=\"wp-block-list\"><li><em>D\u00e9velopper son esprit critique<\/em><\/li><\/ul>\n\n\n\n<ul class=\"wp-block-list\"><li><em>Sensibiliser \u00e0 l\u2019environnement<\/em><\/li><\/ul>\n\n\n\n<div style=\"height:75px\" aria-hidden=\"true\" class=\"wp-block-spacer\"><\/div>\n\n\n\n<div class=\"wp-block-image\"><figure class=\"aligncenter is-resized\"><a href=\"http:\/\/evoluscience.fr\/index.php\/cycle-4\/quatrieme-2\/4e-le-vivant\/chapitre-2-la-diversite-des-interactions-interspecifiques\/activite-1\/conclusion\/\" target=\"_blank\" rel=\"noreferrer noopener\"><img loading=\"lazy\" decoding=\"async\" src=\"http:\/\/evoluscience.fr\/wp-content\/uploads\/2019\/09\/conclusion.png\" alt=\"\" class=\"wp-image-370\" width=\"311\" height=\"311\" srcset=\"https:\/\/www.evoluscience.fr\/wp-content\/uploads\/2019\/09\/conclusion.png 538w, https:\/\/www.evoluscience.fr\/wp-content\/uploads\/2019\/09\/conclusion-150x150.png 150w, https:\/\/www.evoluscience.fr\/wp-content\/uploads\/2019\/09\/conclusion-300x300.png 300w, https:\/\/www.evoluscience.fr\/wp-content\/uploads\/2019\/09\/conclusion-520x520.png 520w\" sizes=\"auto, (max-width: 311px) 100vw, 311px\" \/><\/a><\/figure><\/div>\n\n\n\n<div class=\"wp-block-image is-style-circle-mask\"><figure class=\"aligncenter size-large is-resized\"><a href=\"http:\/\/evoluscience.fr\/index.php\/cycle-4\/quatrieme-2\/4e-le-vivant\/chapitre-2-la-diversite-des-interactions-interspecifiques\/activite-1\/english-vocabulary\/\" target=\"_blank\" rel=\"noreferrer noopener\"><img loading=\"lazy\" decoding=\"async\" src=\"http:\/\/evoluscience.fr\/wp-content\/uploads\/2020\/02\/Flag_of_the_United_Kingdom.png\" alt=\"\" class=\"wp-image-3115\" width=\"375\" height=\"188\" srcset=\"https:\/\/www.evoluscience.fr\/wp-content\/uploads\/2020\/02\/Flag_of_the_United_Kingdom.png 800w, https:\/\/www.evoluscience.fr\/wp-content\/uploads\/2020\/02\/Flag_of_the_United_Kingdom-300x150.png 300w, https:\/\/www.evoluscience.fr\/wp-content\/uploads\/2020\/02\/Flag_of_the_United_Kingdom-768x384.png 768w, https:\/\/www.evoluscience.fr\/wp-content\/uploads\/2020\/02\/Flag_of_the_United_Kingdom-520x260.png 520w, https:\/\/www.evoluscience.fr\/wp-content\/uploads\/2020\/02\/Flag_of_the_United_Kingdom-740x370.png 740w\" sizes=\"auto, (max-width: 375px) 100vw, 375px\" \/><\/a><\/figure><\/div>\n\n\n\n<div class=\"wp-block-image\"><figure class=\"aligncenter size-large is-resized\"><a href=\"https:\/\/evoluscience.fr\/wp-content\/uploads\/2020\/03\/4-PV-Chp2Act1-FC.pdf\" target=\"_blank\" rel=\"noopener noreferrer\"><img loading=\"lazy\" decoding=\"async\" src=\"https:\/\/evoluscience.fr\/wp-content\/uploads\/2020\/03\/pjiece_jointe-1.png\" alt=\"\" class=\"wp-image-4366\" width=\"280\" height=\"280\" srcset=\"https:\/\/www.evoluscience.fr\/wp-content\/uploads\/2020\/03\/pjiece_jointe-1.png 735w, https:\/\/www.evoluscience.fr\/wp-content\/uploads\/2020\/03\/pjiece_jointe-1-300x300.png 300w, https:\/\/www.evoluscience.fr\/wp-content\/uploads\/2020\/03\/pjiece_jointe-1-150x150.png 150w, https:\/\/www.evoluscience.fr\/wp-content\/uploads\/2020\/03\/pjiece_jointe-1-520x520.png 520w\" sizes=\"auto, (max-width: 280px) 100vw, 280px\" \/><\/a><\/figure><\/div>\n<\/div>\n<\/div><\/div>\n<\/div>","protected":false},"excerpt":{"rendered":"","protected":false},"author":1,"featured_media":0,"parent":1962,"menu_order":0,"comment_status":"closed","ping_status":"closed","template":"","meta":{"om_disable_all_campaigns":false,"_monsterinsights_skip_tracking":false,"_monsterinsights_sitenote_active":false,"_monsterinsights_sitenote_note":"","_monsterinsights_sitenote_category":0,"_themeisle_gutenberg_block_has_review":false,"footnotes":""},"c2tw_page_folder":[],"class_list":["post-1965","page","type-page","status-publish","hentry"],"aioseo_notices":[],"_links":{"self":[{"href":"https:\/\/www.evoluscience.fr\/index.php\/wp-json\/wp\/v2\/pages\/1965","targetHints":{"allow":["GET"]}}],"collection":[{"href":"https:\/\/www.evoluscience.fr\/index.php\/wp-json\/wp\/v2\/pages"}],"about":[{"href":"https:\/\/www.evoluscience.fr\/index.php\/wp-json\/wp\/v2\/types\/page"}],"author":[{"embeddable":true,"href":"https:\/\/www.evoluscience.fr\/index.php\/wp-json\/wp\/v2\/users\/1"}],"replies":[{"embeddable":true,"href":"https:\/\/www.evoluscience.fr\/index.php\/wp-json\/wp\/v2\/comments?post=1965"}],"version-history":[{"count":0,"href":"https:\/\/www.evoluscience.fr\/index.php\/wp-json\/wp\/v2\/pages\/1965\/revisions"}],"up":[{"embeddable":true,"href":"https:\/\/www.evoluscience.fr\/index.php\/wp-json\/wp\/v2\/pages\/1962"}],"wp:attachment":[{"href":"https:\/\/www.evoluscience.fr\/index.php\/wp-json\/wp\/v2\/media?parent=1965"}],"wp:term":[{"taxonomy":"c2tw_page_folder","embeddable":true,"href":"https:\/\/www.evoluscience.fr\/index.php\/wp-json\/wp\/v2\/c2tw_page_folder?post=1965"}],"curies":[{"name":"wp","href":"https:\/\/api.w.org\/{rel}","templated":true}]}}