{"id":1962,"date":"2019-10-16T15:28:23","date_gmt":"2019-10-16T13:28:23","guid":{"rendered":"http:\/\/evoluscience.fr\/?page_id=1962"},"modified":"2019-10-16T16:21:48","modified_gmt":"2019-10-16T14:21:48","slug":"chapitre-2-la-diversite-des-interactions-interspecifiques","status":"publish","type":"page","link":"https:\/\/www.evoluscience.fr\/index.php\/cycle-4\/quatrieme-2\/4e-le-vivant\/chapitre-2-la-diversite-des-interactions-interspecifiques\/","title":{"rendered":"Chapitre 2 &#8211; La diversit\u00e9 des interactions intersp\u00e9cifiques"},"content":{"rendered":"<div id=\"modal-ready\">\n<div class=\"wp-block-themeisle-blocks-advanced-columns has-1-columns has-desktop-equal-layout has-tablet-equal-layout has-mobile-equal-layout has-default-gap has-vertical-unset\" id=\"wp-block-themeisle-blocks-advanced-columns-2370f729\" style=\"border-width:0px;border-style:solid;border-color:#000000;border-radius:0px;justify-content:unset\"><div class=\"wp-themeisle-block-overlay\" style=\"opacity:0.5;mix-blend-mode:normal\"><\/div><div class=\"innerblocks-wrap\">\n<div class=\"wp-block-themeisle-blocks-advanced-column\" id=\"wp-block-themeisle-blocks-advanced-column-f011ef23\" style=\"border-width:0px;border-style:solid;border-color:#000000;border-radius:0px\">\n<p class=\"has-drop-cap\"><em>Maintenant que Bastien comprend\nmieux la notion d\u2019esp\u00e8ce, il souhaite que nous revenions sur la donn\u00e9e qu\u2019il a\ntrouv\u00e9e avec Chlo\u00e9&nbsp;: nous avons dans nos intestins plus de bact\u00e9ries que\nde nos cellules&nbsp;! C\u2019est \u00e9trange&nbsp;!! <\/em><\/p>\n\n\n\n<p><em>En quoi la relation avec ces\nbact\u00e9ries est-elle diff\u00e9rente de celle avec les bact\u00e9ries ext\u00e9rieures&nbsp;?<\/em><\/p>\n\n\n\n<p class=\"has-text-color has-vivid-green-cyan-color\"><strong>Quelles sont les diff\u00e9rentes interactions existant entre les diff\u00e9rentes esp\u00e8ces\u00a0?<\/strong><\/p>\n\n\n\n<p><\/p>\n\n\n\n<div style=\"height:62px\" aria-hidden=\"true\" class=\"wp-block-spacer\"><\/div>\n\n\n\n<p><a href=\"http:\/\/evoluscience.fr\/index.php\/cycle-4\/quatrieme-2\/4e-le-vivant\/chapitre-2-la-diversite-des-interactions-interspecifiques\/activite-1\/\">Activit\u00e9 1 &#8211; Comment les esp\u00e8ces agissent-elles pour mieux survivre que les autres dans leur environnement\u00a0(= milieu de vie)?<\/a><\/p>\n\n\n\n<p><a href=\"http:\/\/evoluscience.fr\/index.php\/cycle-4\/quatrieme-2\/4e-le-vivant\/chapitre-2-la-diversite-des-interactions-interspecifiques\/activite-2\/\">Activit\u00e9 2 &#8211; Comment les esp\u00e8ces interagissent-elles pour mieux survivre ensemble dans leur environnement\u00a0?<\/a><\/p>\n\n\n\n<p><a href=\"http:\/\/evoluscience.fr\/index.php\/cycle-4\/quatrieme-2\/4e-le-vivant\/chapitre-2-la-diversite-des-interactions-interspecifiques\/activite-3\/\">Activit\u00e9 3<\/a> <\/p>\n<\/div>\n<\/div><\/div>\n<\/div>","protected":false},"excerpt":{"rendered":"","protected":false},"author":1,"featured_media":0,"parent":1634,"menu_order":3,"comment_status":"closed","ping_status":"closed","template":"","meta":{"om_disable_all_campaigns":false,"_monsterinsights_skip_tracking":false,"_monsterinsights_sitenote_active":false,"_monsterinsights_sitenote_note":"","_monsterinsights_sitenote_category":0,"_themeisle_gutenberg_block_has_review":false,"footnotes":""},"c2tw_page_folder":[],"class_list":["post-1962","page","type-page","status-publish","hentry"],"aioseo_notices":[],"_links":{"self":[{"href":"https:\/\/www.evoluscience.fr\/index.php\/wp-json\/wp\/v2\/pages\/1962","targetHints":{"allow":["GET"]}}],"collection":[{"href":"https:\/\/www.evoluscience.fr\/index.php\/wp-json\/wp\/v2\/pages"}],"about":[{"href":"https:\/\/www.evoluscience.fr\/index.php\/wp-json\/wp\/v2\/types\/page"}],"author":[{"embeddable":true,"href":"https:\/\/www.evoluscience.fr\/index.php\/wp-json\/wp\/v2\/users\/1"}],"replies":[{"embeddable":true,"href":"https:\/\/www.evoluscience.fr\/index.php\/wp-json\/wp\/v2\/comments?post=1962"}],"version-history":[{"count":0,"href":"https:\/\/www.evoluscience.fr\/index.php\/wp-json\/wp\/v2\/pages\/1962\/revisions"}],"up":[{"embeddable":true,"href":"https:\/\/www.evoluscience.fr\/index.php\/wp-json\/wp\/v2\/pages\/1634"}],"wp:attachment":[{"href":"https:\/\/www.evoluscience.fr\/index.php\/wp-json\/wp\/v2\/media?parent=1962"}],"wp:term":[{"taxonomy":"c2tw_page_folder","embeddable":true,"href":"https:\/\/www.evoluscience.fr\/index.php\/wp-json\/wp\/v2\/c2tw_page_folder?post=1962"}],"curies":[{"name":"wp","href":"https:\/\/api.w.org\/{rel}","templated":true}]}}