{"id":1835,"date":"2019-10-03T19:55:36","date_gmt":"2019-10-03T17:55:36","guid":{"rendered":"http:\/\/evoluscience.fr\/?page_id=1835"},"modified":"2025-04-11T10:20:22","modified_gmt":"2025-04-11T08:20:22","slug":"capsules","status":"publish","type":"page","link":"https:\/\/www.evoluscience.fr\/index.php\/cycle-4\/quatrieme-2\/4e-le-vivant\/chapitre-1-la-particularite-dune-espece\/activite-4\/capsules\/","title":{"rendered":"Capsules"},"content":{"rendered":"<div id=\"modal-ready\">\n<div id=\"wp-block-themeisle-blocks-advanced-columns-1a8eaf41\" class=\"wp-block-themeisle-blocks-advanced-columns has-1-columns has-desktop-equal-layout has-tablet-equal-layout has-mobile-equal-layout has-vertical-unset\"><div class=\"wp-block-themeisle-blocks-advanced-columns-overlay\"><\/div><div class=\"innerblocks-wrap\">\n<div id=\"wp-block-themeisle-blocks-advanced-column-30757762\" class=\"wp-block-themeisle-blocks-advanced-column\">\n<p class=\"has-vivid-red-color has-text-color\">Bien lire et r\u00e9aliser d\u00e8s maintenant les capsules!<\/p>\n\n\n\n<div style=\"height:42px\" aria-hidden=\"true\" class=\"wp-block-spacer\"><\/div>\n\n\n\n<p>Capsule 1 &#8211; A partir des documents concernant la digestion chez la vache, expliquer en qq phrases, les int\u00e9r\u00eats de la vache et des bact\u00e9ries dans cette interaction.<\/p>\n\n\n\n<p>Pour dans deux s\u00e9ances<\/p>\n\n\n\n<div class=\"_df_book df-lite\" id=\"df_10747\"  _slug=\"4-pv-chp2act1-capsule\" data-title=\"4-pv-chp2act1-capsule\" wpoptions=\"true\" thumbtype=\"\" ><\/div><script class=\"df-shortcode-script\" nowprocket type=\"application\/javascript\">window.option_df_10747 = {\"outline\":[],\"autoEnableOutline\":\"false\",\"autoEnableThumbnail\":\"false\",\"overwritePDFOutline\":\"false\",\"enableDownload\":\"false\",\"direction\":\"1\",\"pageSize\":\"0\",\"soundEnable\":\"false\",\"autoPlay\":\"false\",\"source\":\"https:\\\/\\\/www.evoluscience.fr\\\/wp-content\\\/uploads\\\/2023\\\/03\\\/4-PV-Chp2Act1-Capsule.pdf\",\"wpOptions\":\"true\"}; if(window.DFLIP && window.DFLIP.parseBooks){window.DFLIP.parseBooks();}<\/script>\n\n\n\n<p>+<\/p>\n\n\n\n<div style=\"height:66px\" aria-hidden=\"true\" class=\"wp-block-spacer\"><\/div>\n\n\n\n<p><\/p>\n\n\n\n<p> Capsule 2 :  A partir de recherches documentaires sur un des trois sujets, expliquer comment les param\u00e8tres du milieu peuvent influencer la reproduction sexu\u00e9e sous forme d\u2019une vid\u00e9o.<\/p>\n\n\n\n<p>Seul,\n\u00e0 deux ou trois.<\/p>\n\n\n\n<p>A envoyer pour dans 5 s\u00e9ances.<\/p>\n\n\n\n<div class=\"_df_book df-lite\" id=\"df_10749\"  _slug=\"4-pv-chp3act4-grille-devaluation\" data-title=\"4-pv-chp3act4-grille-devaluation\" wpoptions=\"true\" thumbtype=\"\" ><\/div><script class=\"df-shortcode-script\" nowprocket type=\"application\/javascript\">window.option_df_10749 = {\"outline\":[],\"autoEnableOutline\":\"false\",\"autoEnableThumbnail\":\"false\",\"overwritePDFOutline\":\"false\",\"enableDownload\":\"false\",\"direction\":\"1\",\"pageSize\":\"0\",\"soundEnable\":\"false\",\"autoPlay\":\"false\",\"source\":\"https:\\\/\\\/www.evoluscience.fr\\\/wp-content\\\/uploads\\\/2023\\\/02\\\/4-PV-Chp3Act4-Grille-devaluation.pdf\",\"wpOptions\":\"true\"}; if(window.DFLIP && window.DFLIP.parseBooks){window.DFLIP.parseBooks();}<\/script>\n\n\n\n<div style=\"height:39px\" aria-hidden=\"true\" class=\"wp-block-spacer\"><\/div>\n\n\n\n<p><\/p>\n\n\n\n<p><\/p>\n\n\n\n<p><\/p>\n\n\n\n<p><\/p>\n\n\n\n<div style=\"height:83px\" aria-hidden=\"true\" class=\"wp-block-spacer\"><\/div>\n\n\n\n<p>+<\/p>\n\n\n\n<div style=\"height:70px\" aria-hidden=\"true\" class=\"wp-block-spacer\"><\/div>\n\n\n\n<p>Capsule 3&nbsp;: A partir de recherches documentaires concernant un des volcans, r\u00e9aliser un expos\u00e9 pour le pr\u00e9senter. Vous serez par groupe de deux-trois.<\/p>\n\n\n\n<p>Groupes \u00e0 d\u00e9terminer directement en classe.<\/p>\n\n\n\n<p><a href=\"https:\/\/evoluscience.fr\/index.php\/methodologie\/fiches-methodologiques\/realiser-un-expose\/\" target=\"_blank\" rel=\"noreferrer noopener\">Fiche m\u00e9thodologique pour la r\u00e9alisation d&rsquo;un expos\u00e9 ou d&rsquo;une vid\u00e9o contenant une vid\u00e9o expliquant l&rsquo;aide apport\u00e9e par l&rsquo;application Keynote<\/a><\/p>\n\n\n\n<p>Expos\u00e9 dans 10 s\u00e9ances.<\/p>\n<\/div>\n<\/div><\/div>\n\n\n\n<div class=\"_df_book df-lite\" id=\"df_10751\"  _slug=\"4-pt-chp1act1-grille-devaluation-distanciationcovid\" data-title=\"4-pt-chp1act1-grille-devaluation-distanciationcovid\" wpoptions=\"true\" thumbtype=\"\" ><\/div><script class=\"df-shortcode-script\" nowprocket type=\"application\/javascript\">window.option_df_10751 = {\"outline\":[],\"autoEnableOutline\":\"false\",\"autoEnableThumbnail\":\"false\",\"overwritePDFOutline\":\"false\",\"enableDownload\":\"false\",\"direction\":\"1\",\"pageSize\":\"0\",\"soundEnable\":\"false\",\"autoPlay\":\"false\",\"source\":\"https:\\\/\\\/www.evoluscience.fr\\\/wp-content\\\/uploads\\\/2023\\\/02\\\/4-PT-Chp1Act1-Grille-devaluation-distanciationCOVID.pdf\",\"wpOptions\":\"true\"}; if(window.DFLIP && window.DFLIP.parseBooks){window.DFLIP.parseBooks();}<\/script>\n<\/div>","protected":false},"excerpt":{"rendered":"","protected":false},"author":1,"featured_media":0,"parent":1801,"menu_order":3,"comment_status":"closed","ping_status":"closed","template":"","meta":{"om_disable_all_campaigns":false,"_monsterinsights_skip_tracking":false,"_monsterinsights_sitenote_active":false,"_monsterinsights_sitenote_note":"","_monsterinsights_sitenote_category":0,"_themeisle_gutenberg_block_has_review":false,"footnotes":""},"c2tw_page_folder":[],"class_list":["post-1835","page","type-page","status-publish","hentry"],"aioseo_notices":[],"_links":{"self":[{"href":"https:\/\/www.evoluscience.fr\/index.php\/wp-json\/wp\/v2\/pages\/1835","targetHints":{"allow":["GET"]}}],"collection":[{"href":"https:\/\/www.evoluscience.fr\/index.php\/wp-json\/wp\/v2\/pages"}],"about":[{"href":"https:\/\/www.evoluscience.fr\/index.php\/wp-json\/wp\/v2\/types\/page"}],"author":[{"embeddable":true,"href":"https:\/\/www.evoluscience.fr\/index.php\/wp-json\/wp\/v2\/users\/1"}],"replies":[{"embeddable":true,"href":"https:\/\/www.evoluscience.fr\/index.php\/wp-json\/wp\/v2\/comments?post=1835"}],"version-history":[{"count":5,"href":"https:\/\/www.evoluscience.fr\/index.php\/wp-json\/wp\/v2\/pages\/1835\/revisions"}],"predecessor-version":[{"id":11989,"href":"https:\/\/www.evoluscience.fr\/index.php\/wp-json\/wp\/v2\/pages\/1835\/revisions\/11989"}],"up":[{"embeddable":true,"href":"https:\/\/www.evoluscience.fr\/index.php\/wp-json\/wp\/v2\/pages\/1801"}],"wp:attachment":[{"href":"https:\/\/www.evoluscience.fr\/index.php\/wp-json\/wp\/v2\/media?parent=1835"}],"wp:term":[{"taxonomy":"c2tw_page_folder","embeddable":true,"href":"https:\/\/www.evoluscience.fr\/index.php\/wp-json\/wp\/v2\/c2tw_page_folder?post=1835"}],"curies":[{"name":"wp","href":"https:\/\/api.w.org\/{rel}","templated":true}]}}