{"id":1816,"date":"2019-10-03T19:45:57","date_gmt":"2019-10-03T17:45:57","guid":{"rendered":"http:\/\/evoluscience.fr\/?page_id=1816"},"modified":"2019-10-03T19:45:58","modified_gmt":"2019-10-03T17:45:58","slug":"conclusion","status":"publish","type":"page","link":"https:\/\/www.evoluscience.fr\/index.php\/cycle-4\/quatrieme-2\/4e-le-vivant\/chapitre-1-la-particularite-dune-espece\/activite-4\/conclusion\/","title":{"rendered":"Conclusion"},"content":{"rendered":"<div id=\"modal-ready\">\n<div class=\"wp-block-themeisle-blocks-advanced-columns has-1-columns has-desktop-equal-layout has-tablet-equal-layout has-mobile-equal-layout has-default-gap has-vertical-unset\" id=\"wp-block-themeisle-blocks-advanced-columns-56b542e8\" style=\"border-width:0px;border-style:solid;border-color:#000000;border-radius:0px;justify-content:unset\"><div class=\"wp-themeisle-block-overlay\" style=\"opacity:0.5;mix-blend-mode:normal\"><\/div><div class=\"innerblocks-wrap\">\n<div class=\"wp-block-themeisle-blocks-advanced-column\" id=\"wp-block-themeisle-blocks-advanced-column-ab9729f5\" style=\"border-width:0px;border-style:solid;border-color:#000000;border-radius:0px\">\n<p>Les membranes des h\u00e9maties\n(=globules rouges) comporte diff\u00e9rentes mol\u00e9cules.<\/p>\n\n\n\n<p>Dans le groupe sanguin A,\nl\u2019all\u00e8le A s\u2019exprime.<\/p>\n\n\n\n<p>Dans le groupe sanguin B,\nl\u2019all\u00e8le B s\u2019exprime.<\/p>\n\n\n\n<p>Dans le groupe sanguin AB,\nles all\u00e8les A&nbsp; et B s\u2019expriment.<\/p>\n\n\n\n<p>Dans le groupe sanguin O, il\nn\u2019y a que l\u2019all\u00e8le O dans la cellule qui peut s\u2019exprimer.<\/p>\n\n\n\n<div style=\"height:61px\" aria-hidden=\"true\" class=\"wp-block-spacer\"><\/div>\n\n\n\n<p class=\"has-text-color has-drop-cap has-vivid-red-color\">Un g\u00e8ne peut exister sous des versions diff\u00e9rentes appel\u00e9es\nall\u00e8les. Il existe une biodiversit\u00e9 des all\u00e8les.<\/p>\n\n\n\n<p class=\"has-text-color has-luminous-vivid-orange-color\">Le&nbsp;<strong>ph\u00e9notype<\/strong>&nbsp;est l&rsquo;ensemble des\ncaract\u00e8res observables d&rsquo;un individu.<\/p>\n\n\n\n<p class=\"has-text-color has-luminous-vivid-orange-color\">L&rsquo;ensemble\ndes all\u00e8les d\u00e9tenus par un individu constitue le <strong>g\u00e9notype<\/strong>.<\/p>\n\n\n\n<p class=\"has-text-color has-luminous-vivid-orange-color\"><strong>S\u00e9rum<\/strong>&nbsp;:\nPartie liquide du sang, d\u00e9pourvue de cellules et de prot\u00e9ines.<\/p>\n<\/div>\n<\/div><\/div>\n<\/div>","protected":false},"excerpt":{"rendered":"","protected":false},"author":1,"featured_media":0,"parent":1801,"menu_order":0,"comment_status":"closed","ping_status":"closed","template":"","meta":{"om_disable_all_campaigns":false,"_monsterinsights_skip_tracking":false,"_monsterinsights_sitenote_active":false,"_monsterinsights_sitenote_note":"","_monsterinsights_sitenote_category":0,"_themeisle_gutenberg_block_has_review":false,"footnotes":""},"c2tw_page_folder":[],"class_list":["post-1816","page","type-page","status-publish","hentry"],"aioseo_notices":[],"_links":{"self":[{"href":"https:\/\/www.evoluscience.fr\/index.php\/wp-json\/wp\/v2\/pages\/1816","targetHints":{"allow":["GET"]}}],"collection":[{"href":"https:\/\/www.evoluscience.fr\/index.php\/wp-json\/wp\/v2\/pages"}],"about":[{"href":"https:\/\/www.evoluscience.fr\/index.php\/wp-json\/wp\/v2\/types\/page"}],"author":[{"embeddable":true,"href":"https:\/\/www.evoluscience.fr\/index.php\/wp-json\/wp\/v2\/users\/1"}],"replies":[{"embeddable":true,"href":"https:\/\/www.evoluscience.fr\/index.php\/wp-json\/wp\/v2\/comments?post=1816"}],"version-history":[{"count":0,"href":"https:\/\/www.evoluscience.fr\/index.php\/wp-json\/wp\/v2\/pages\/1816\/revisions"}],"up":[{"embeddable":true,"href":"https:\/\/www.evoluscience.fr\/index.php\/wp-json\/wp\/v2\/pages\/1801"}],"wp:attachment":[{"href":"https:\/\/www.evoluscience.fr\/index.php\/wp-json\/wp\/v2\/media?parent=1816"}],"wp:term":[{"taxonomy":"c2tw_page_folder","embeddable":true,"href":"https:\/\/www.evoluscience.fr\/index.php\/wp-json\/wp\/v2\/c2tw_page_folder?post=1816"}],"curies":[{"name":"wp","href":"https:\/\/api.w.org\/{rel}","templated":true}]}}