{"id":1762,"date":"2019-10-03T19:07:44","date_gmt":"2019-10-03T17:07:44","guid":{"rendered":"http:\/\/evoluscience.fr\/?page_id=1762"},"modified":"2019-10-03T19:07:44","modified_gmt":"2019-10-03T17:07:44","slug":"conclusion","status":"publish","type":"page","link":"https:\/\/www.evoluscience.fr\/index.php\/cycle-4\/quatrieme-2\/4e-le-vivant\/chapitre-1-la-particularite-dune-espece\/activite-3\/conclusion\/","title":{"rendered":"Conclusion"},"content":{"rendered":"<div id=\"modal-ready\">\n<div class=\"wp-block-themeisle-blocks-advanced-columns has-1-columns has-desktop-equal-layout has-tablet-equal-layout has-mobile-equal-layout has-default-gap has-vertical-unset\" id=\"wp-block-themeisle-blocks-advanced-columns-71b82906\" style=\"border-width:0px;border-style:solid;border-color:#000000;border-radius:0px;justify-content:unset\"><div class=\"wp-themeisle-block-overlay\" style=\"opacity:0.5;mix-blend-mode:normal\"><\/div><div class=\"innerblocks-wrap\">\n<div class=\"wp-block-themeisle-blocks-advanced-column\" id=\"wp-block-themeisle-blocks-advanced-column-dcf7742d\" style=\"border-width:0px;border-style:solid;border-color:#000000;border-radius:0px\">\n<p class=\"has-text-color has-drop-cap has-vivid-red-color\">Chaque\ncellule d\u2019un individu de l\u2019esp\u00e8ce humaine poss\u00e8de 23 paires de chromosomes (dont\nune pr\u00e9sentant &nbsp;des caract\u00e9ristiques\ndiff\u00e9rentes selon le sexe).<\/p>\n\n\n\n<p class=\"has-text-color has-vivid-red-color\">Un nombre\nanormal de chromosomes emp\u00eache le d\u00e9veloppement de l&#8217;embryon ou entra\u00eene un\nsyndrome comportant des caract\u00e8res diff\u00e9rents chez l&rsquo;individu concern\u00e9.<\/p>\n\n\n\n<p class=\"has-text-color has-vivid-red-color\">Chaque chromosome contient de nombreux g\u00e8nes. Chaque g\u00e8ne\nest porteur d\u2019une information g\u00e9n\u00e9tique d\u00e9terminant un caract\u00e8re h\u00e9r\u00e9ditaire.<\/p>\n\n\n\n<p class=\"has-text-color has-luminous-vivid-orange-color\">Le <strong>g\u00e9nome<\/strong>&nbsp;est l\u2019ensemble de l\u2019ADN d\u2019un organisme.<\/p>\n<\/div>\n<\/div><\/div>\n<\/div>","protected":false},"excerpt":{"rendered":"","protected":false},"author":1,"featured_media":0,"parent":1738,"menu_order":0,"comment_status":"closed","ping_status":"closed","template":"","meta":{"om_disable_all_campaigns":false,"_monsterinsights_skip_tracking":false,"_monsterinsights_sitenote_active":false,"_monsterinsights_sitenote_note":"","_monsterinsights_sitenote_category":0,"_themeisle_gutenberg_block_has_review":false,"footnotes":""},"c2tw_page_folder":[],"class_list":["post-1762","page","type-page","status-publish","hentry"],"aioseo_notices":[],"_links":{"self":[{"href":"https:\/\/www.evoluscience.fr\/index.php\/wp-json\/wp\/v2\/pages\/1762","targetHints":{"allow":["GET"]}}],"collection":[{"href":"https:\/\/www.evoluscience.fr\/index.php\/wp-json\/wp\/v2\/pages"}],"about":[{"href":"https:\/\/www.evoluscience.fr\/index.php\/wp-json\/wp\/v2\/types\/page"}],"author":[{"embeddable":true,"href":"https:\/\/www.evoluscience.fr\/index.php\/wp-json\/wp\/v2\/users\/1"}],"replies":[{"embeddable":true,"href":"https:\/\/www.evoluscience.fr\/index.php\/wp-json\/wp\/v2\/comments?post=1762"}],"version-history":[{"count":0,"href":"https:\/\/www.evoluscience.fr\/index.php\/wp-json\/wp\/v2\/pages\/1762\/revisions"}],"up":[{"embeddable":true,"href":"https:\/\/www.evoluscience.fr\/index.php\/wp-json\/wp\/v2\/pages\/1738"}],"wp:attachment":[{"href":"https:\/\/www.evoluscience.fr\/index.php\/wp-json\/wp\/v2\/media?parent=1762"}],"wp:term":[{"taxonomy":"c2tw_page_folder","embeddable":true,"href":"https:\/\/www.evoluscience.fr\/index.php\/wp-json\/wp\/v2\/c2tw_page_folder?post=1762"}],"curies":[{"name":"wp","href":"https:\/\/api.w.org\/{rel}","templated":true}]}}