{"id":1738,"date":"2019-10-03T19:02:01","date_gmt":"2019-10-03T17:02:01","guid":{"rendered":"http:\/\/evoluscience.fr\/?page_id=1738"},"modified":"2026-03-16T18:34:41","modified_gmt":"2026-03-16T17:34:41","slug":"activite-3","status":"publish","type":"page","link":"https:\/\/www.evoluscience.fr\/index.php\/cycle-4\/quatrieme-2\/4e-le-vivant\/chapitre-1-la-particularite-dune-espece\/activite-3\/","title":{"rendered":"Activit\u00e9 3"},"content":{"rendered":"<div id=\"modal-ready\">\n<div id=\"wp-block-themeisle-blocks-advanced-columns-bf03dfc7\" class=\"wp-block-themeisle-blocks-advanced-columns has-1-columns has-desktop-equal-layout has-tablet-equal-layout has-mobile-equal-layout has-vertical-unset\"><div class=\"wp-block-themeisle-blocks-advanced-columns-overlay\"><\/div><div class=\"innerblocks-wrap\">\n<div id=\"wp-block-themeisle-blocks-advanced-column-70f65bd7\" class=\"wp-block-themeisle-blocks-advanced-column\">\n<div style=\"height:56px\" aria-hidden=\"true\" class=\"wp-block-spacer\"><\/div>\n\n\n\n<p class=\"has-vivid-green-cyan-color has-text-color\"><strong>Comment sont organis\u00e9s les chromosomes\ndes \u00eatres vivants&nbsp;?<\/strong><\/p>\n\n\n\n<div style=\"height:45px\" aria-hidden=\"true\" class=\"wp-block-spacer\"><\/div>\n\n\n\n<p><\/p>\n\n\n<a href=\"https:\/\/www.evoluscience.fr\/wp-content\/uploads\/2023\/02\/4-PV-Chp1Act3-Capsule.pdf\" class=\"pdfemb-viewer\" style=\"\" data-width=\"max\" data-height=\"max\" data-toolbar=\"top\" data-toolbar-fixed=\"off\">4-PV-Chp1Act3-Capsule<\/a>\n\n\n<div style=\"height:50px\" aria-hidden=\"true\" class=\"wp-block-spacer\"><\/div>\n\n\n\n<p class=\"has-drop-cap\"><em>La cousine de Chlo\u00e9, Nathalie,\nest atteinte de mucoviscidose. Elle a des difficult\u00e9s \u00e0 respirer et doit\nr\u00e9guli\u00e8rement faire des s\u00e9ances de kin\u00e9. Sa cousine lui a dit qu\u2019il s\u2019agit\nd\u2019une maladie g\u00e9n\u00e9tique.<\/em><\/p>\n\n\n\n<p><em>Qu\u2019est-ce qu\u2019une maladie\ng\u00e9n\u00e9tique&nbsp;? A quoi est due la mucoviscidose&nbsp;?<\/em><\/p>\n\n\n\n<div style=\"height:54px\" aria-hidden=\"true\" class=\"wp-block-spacer\"><\/div>\n\n\n\n<p class=\"has-background\" style=\"background-color:#fbddb1\">Activit\u00e9 3&nbsp;: A partir de diff\u00e9rents ateliers concernant la mucoviscidose, d\u00e9crire l\u2019organisation de l\u2019information h\u00e9r\u00e9ditaire dans les chromosomes et l\u2019influence de sa perturbation sur l\u2019organisme sous forme d\u2019une carte d\u2019id\u00e9e, d\u2019un sch\u00e9ma ou d\u2019un texte.<\/p>\n\n\n\n<div style=\"height:51px\" aria-hidden=\"true\" class=\"wp-block-spacer\"><\/div>\n\n\n\n<p><em>Comp\u00e9tences travaill\u00e9es\u00a0:<\/em><\/p>\n\n\n\n<ul class=\"wp-block-list\">\n<li><em>Traduire les informations par un sch\u00e9ma<\/em><\/li>\n<\/ul>\n\n\n\n<ul class=\"wp-block-list\">\n<li><em>Planifier le travail en groupe<\/em><\/li>\n<\/ul>\n\n\n\n<ul class=\"wp-block-list\">\n<li><em>Sensibiliser \u00e0 la sant\u00e9<\/em><\/li>\n<\/ul>\n\n\n\n<ul class=\"wp-block-list\">\n<li><em>Inventer une production<\/em><\/li>\n<\/ul>\n\n\n\n<div style=\"height:59px\" aria-hidden=\"true\" class=\"wp-block-spacer\"><\/div>\n\n\n\n<p><\/p>\n\n\n\n<p><\/p>\n\n\n\n<p>Atelier A &#8211; Le ph\u00e9notype de la mucoviscidose<\/p>\n\n\n\n<figure class=\"wp-block-video\"><video height=\"480\" style=\"aspect-ratio: 854 \/ 480;\" width=\"854\" controls src=\"https:\/\/www.evoluscience.fr\/wp-content\/uploads\/2026\/03\/copy_04446255-71D1-4957-8094-425B1506CE4E.mov\"><\/video><\/figure>\n\n\n\n<p class=\"has-small-font-size\">Source : <a href=\"https:\/\/www.youtube.com\/watch?v=OoAJqxxSRgY\" target=\"_blank\" rel=\"noopener\" title=\"\">https:\/\/www.youtube.com\/watch?v=OoAJqxxSRgY<\/a><\/p>\n\n\n\n<div style=\"height:100px\" aria-hidden=\"true\" class=\"wp-block-spacer\"><\/div>\n\n\n\n<p>Atelier B &#8211; L\u2019origine de la mucoviscidose<\/p>\n\n\n<a href=\"https:\/\/www.evoluscience.fr\/wp-content\/uploads\/2026\/03\/4-PV-Chp1Act3-Atelier-B.pdf\" class=\"pdfemb-viewer\" style=\"\" data-width=\"max\" data-height=\"max\" data-toolbar=\"top\" data-toolbar-fixed=\"off\">4-PV-Chp1Act3-Atelier-B<\/a>\n\n\n<div style=\"height:100px\" aria-hidden=\"true\" class=\"wp-block-spacer\"><\/div>\n\n\n\n<p>Atelier C &#8211; Le g\u00e8ne<\/p>\n\n\n\n<figure class=\"wp-block-video\"><video height=\"360\" style=\"aspect-ratio: 640 \/ 360;\" width=\"640\" controls poster=\"https:\/\/www.evoluscience.fr\/wp-content\/uploads\/2026\/03\/Cest-quoi-un-gene-la-genetique-le-Professeur-Gamberge-mp4-image.png\" src=\"https:\/\/www.evoluscience.fr\/wp-content\/uploads\/2026\/03\/Cest-quoi-un-gene-la-genetique-le-Professeur-Gamberge.mp4\"><\/video><\/figure>\n\n\n\n<p class=\"has-small-font-size\">Source : <a href=\"https:\/\/www.youtube.com\/watch?v=Ho6p4hyzewE\" target=\"_blank\" rel=\"noopener\" title=\"\">https:\/\/www.youtube.com\/watch?v=Ho6p4hyzewE<\/a><\/p>\n\n\n\n<p><\/p>\n\n\n\n<div style=\"height:91px\" aria-hidden=\"true\" class=\"wp-block-spacer\"><\/div>\n\n\n<div class=\"wp-block-image\">\n<figure class=\"aligncenter is-resized\"><a href=\"https:\/\/evoluscience.fr\/index.php\/cycle-4\/quatrieme-2\/4e-le-vivant\/chapitre-1-la-particularite-dune-espece\/activite-3\/conclusion\/\" target=\"_blank\" rel=\"noreferrer noopener\"><img loading=\"lazy\" decoding=\"async\" width=\"538\" height=\"538\" src=\"https:\/\/evoluscience.fr\/wp-content\/uploads\/2019\/09\/conclusion.png\" alt=\"\" class=\"wp-image-370\" style=\"width:303px;height:303px\" srcset=\"https:\/\/www.evoluscience.fr\/wp-content\/uploads\/2019\/09\/conclusion.png 538w, https:\/\/www.evoluscience.fr\/wp-content\/uploads\/2019\/09\/conclusion-150x150.png 150w, https:\/\/www.evoluscience.fr\/wp-content\/uploads\/2019\/09\/conclusion-300x300.png 300w, https:\/\/www.evoluscience.fr\/wp-content\/uploads\/2019\/09\/conclusion-520x520.png 520w\" sizes=\"auto, (max-width: 538px) 100vw, 538px\" \/><\/a><\/figure>\n<\/div>\n\n<div class=\"wp-block-image is-style-circle-mask\">\n<figure class=\"aligncenter size-large is-resized\"><a href=\"https:\/\/evoluscience.fr\/index.php\/cycle-4\/quatrieme-2\/4e-le-vivant\/chapitre-1-la-particularite-dune-espece\/activite-3\/english-vocabulary\/\" target=\"_blank\" rel=\"noreferrer noopener\"><img loading=\"lazy\" decoding=\"async\" width=\"800\" height=\"400\" src=\"https:\/\/evoluscience.fr\/wp-content\/uploads\/2020\/02\/Flag_of_the_United_Kingdom.png\" alt=\"\" class=\"wp-image-3115\" style=\"width:436px;height:218px\" srcset=\"https:\/\/www.evoluscience.fr\/wp-content\/uploads\/2020\/02\/Flag_of_the_United_Kingdom.png 800w, https:\/\/www.evoluscience.fr\/wp-content\/uploads\/2020\/02\/Flag_of_the_United_Kingdom-300x150.png 300w, https:\/\/www.evoluscience.fr\/wp-content\/uploads\/2020\/02\/Flag_of_the_United_Kingdom-768x384.png 768w, https:\/\/www.evoluscience.fr\/wp-content\/uploads\/2020\/02\/Flag_of_the_United_Kingdom-520x260.png 520w, https:\/\/www.evoluscience.fr\/wp-content\/uploads\/2020\/02\/Flag_of_the_United_Kingdom-740x370.png 740w\" sizes=\"auto, (max-width: 800px) 100vw, 800px\" \/><\/a><\/figure>\n<\/div>\n\n<div class=\"wp-block-image\">\n<figure class=\"aligncenter size-large is-resized\"><a href=\"https:\/\/evoluscience.fr\/wp-content\/uploads\/2020\/03\/4-PV-Chp1Act3-FC.pdf\" target=\"_blank\" rel=\"noopener noreferrer\"><img loading=\"lazy\" decoding=\"async\" width=\"735\" height=\"735\" src=\"https:\/\/evoluscience.fr\/wp-content\/uploads\/2020\/03\/pjiece_jointe-1.png\" alt=\"\" class=\"wp-image-4366\" style=\"width:321px;height:321px\" srcset=\"https:\/\/www.evoluscience.fr\/wp-content\/uploads\/2020\/03\/pjiece_jointe-1.png 735w, https:\/\/www.evoluscience.fr\/wp-content\/uploads\/2020\/03\/pjiece_jointe-1-300x300.png 300w, https:\/\/www.evoluscience.fr\/wp-content\/uploads\/2020\/03\/pjiece_jointe-1-150x150.png 150w, https:\/\/www.evoluscience.fr\/wp-content\/uploads\/2020\/03\/pjiece_jointe-1-520x520.png 520w\" sizes=\"auto, (max-width: 735px) 100vw, 735px\" \/><\/a><\/figure>\n<\/div><\/div>\n<\/div><\/div>\n<\/div>","protected":false},"excerpt":{"rendered":"","protected":false},"author":1,"featured_media":0,"parent":1638,"menu_order":4,"comment_status":"closed","ping_status":"closed","template":"","meta":{"om_disable_all_campaigns":false,"_monsterinsights_skip_tracking":false,"_monsterinsights_sitenote_active":false,"_monsterinsights_sitenote_note":"","_monsterinsights_sitenote_category":0,"_themeisle_gutenberg_block_has_review":false,"footnotes":""},"c2tw_page_folder":[],"class_list":["post-1738","page","type-page","status-publish","hentry"],"aioseo_notices":[],"_links":{"self":[{"href":"https:\/\/www.evoluscience.fr\/index.php\/wp-json\/wp\/v2\/pages\/1738","targetHints":{"allow":["GET"]}}],"collection":[{"href":"https:\/\/www.evoluscience.fr\/index.php\/wp-json\/wp\/v2\/pages"}],"about":[{"href":"https:\/\/www.evoluscience.fr\/index.php\/wp-json\/wp\/v2\/types\/page"}],"author":[{"embeddable":true,"href":"https:\/\/www.evoluscience.fr\/index.php\/wp-json\/wp\/v2\/users\/1"}],"replies":[{"embeddable":true,"href":"https:\/\/www.evoluscience.fr\/index.php\/wp-json\/wp\/v2\/comments?post=1738"}],"version-history":[{"count":9,"href":"https:\/\/www.evoluscience.fr\/index.php\/wp-json\/wp\/v2\/pages\/1738\/revisions"}],"predecessor-version":[{"id":13552,"href":"https:\/\/www.evoluscience.fr\/index.php\/wp-json\/wp\/v2\/pages\/1738\/revisions\/13552"}],"up":[{"embeddable":true,"href":"https:\/\/www.evoluscience.fr\/index.php\/wp-json\/wp\/v2\/pages\/1638"}],"wp:attachment":[{"href":"https:\/\/www.evoluscience.fr\/index.php\/wp-json\/wp\/v2\/media?parent=1738"}],"wp:term":[{"taxonomy":"c2tw_page_folder","embeddable":true,"href":"https:\/\/www.evoluscience.fr\/index.php\/wp-json\/wp\/v2\/c2tw_page_folder?post=1738"}],"curies":[{"name":"wp","href":"https:\/\/api.w.org\/{rel}","templated":true}]}}