{"id":17,"date":"2019-07-17T11:07:11","date_gmt":"2019-07-17T09:07:11","guid":{"rendered":"http:\/\/evoluscience.fr\/?page_id=17"},"modified":"2026-03-23T18:53:02","modified_gmt":"2026-03-23T17:53:02","slug":"troisieme","status":"publish","type":"page","link":"https:\/\/www.evoluscience.fr\/index.php\/cycle-4\/troisieme-2\/troisieme\/","title":{"rendered":"3e &#8211; Corps &#038; Sant\u00e9"},"content":{"rendered":"\n<p><\/p>\n\n\n\n<div style=\"height:100px\" aria-hidden=\"true\" class=\"wp-block-spacer\"><\/div>\n\n\n\n<div class=\"wp-block-media-text alignwide\" style=\"grid-template-columns:41% auto\"><figure class=\"wp-block-media-text__media\"><img loading=\"lazy\" decoding=\"async\" width=\"600\" height=\"600\" src=\"https:\/\/evoluscience.fr\/wp-content\/uploads\/2019\/09\/caducee_violet.jpg\" alt=\"\" class=\"wp-image-247 size-full\" srcset=\"https:\/\/www.evoluscience.fr\/wp-content\/uploads\/2019\/09\/caducee_violet.jpg 600w, https:\/\/www.evoluscience.fr\/wp-content\/uploads\/2019\/09\/caducee_violet-150x150.jpg 150w, https:\/\/www.evoluscience.fr\/wp-content\/uploads\/2019\/09\/caducee_violet-300x300.jpg 300w, https:\/\/www.evoluscience.fr\/wp-content\/uploads\/2019\/09\/caducee_violet-520x520.jpg 520w\" sizes=\"auto, (max-width: 600px) 100vw, 600px\" \/><\/figure><div class=\"wp-block-media-text__content\">\n<p class=\"has-text-color has-large-font-size\" style=\"color:#8f4bd3\"><strong>Corps &amp; Sant\u00e9<\/strong><\/p>\n<\/div><\/div>\n\n\n<p><span style=\"color: #808080;\">______________________________________________________________________________<\/span><\/p>\n\n\n<div style=\"height:46px\" aria-hidden=\"true\" class=\"wp-block-spacer\"><\/div>\n\n\n\n<p class=\"has-drop-cap\"><em>Ca y est&nbsp;! C\u2019est la\nrentr\u00e9e&nbsp;! Camille et Hugo entre en classe de 3<sup>e<\/sup>. Mais cela dure\nqq jours que les professeurs leur parlent du brevet et du travail \u00e0 fournir.\nIls leur vantent l\u2019int\u00e9r\u00eat de travailler r\u00e9guli\u00e8rement et d\u2019avoir une bonne\nhygi\u00e8ne de vie. Ils souhaitent savoir en quoi cela pourrait les aider \u00e0 \u00eatre\nplus performants.<\/em><\/p>\n\n\n\n<figure class=\"wp-block-video\"><video height=\"360\" style=\"aspect-ratio: 640 \/ 360;\" width=\"640\" controls src=\"https:\/\/evoluscience.fr\/wp-content\/uploads\/2019\/09\/3-PC-Chp1AcT1.mov\"><\/video><\/figure>\n\n\n\n<p class=\"has-vivid-green-cyan-color has-text-color\"><strong>Comment une bonne hygi\u00e8ne de vie\npeut-elle avoir pour cons\u00e9quence une am\u00e9lioration des performances au cours de\nl\u2019ann\u00e9e&nbsp;?<\/strong><\/p>\n\n\n\n<div style=\"height:100px\" aria-hidden=\"true\" class=\"wp-block-spacer\"><\/div>\n\n\n\n<p><a href=\"https:\/\/evoluscience.fr\/index.php\/cycle-4\/troisieme\/chapitre-1-hygiene-de-vie-au-quotidien\/\">Chapitre 1 &#8211; Hygi\u00e8ne de vie au quotidien<\/a><\/p>\n\n\n\n<p><a href=\"https:\/\/evoluscience.fr\/index.php\/cycle-4\/troisieme\/chapitre-2-communication-a-long-terme-entre-les-organes\/\">Chapitre 2 &#8211; Communication \u00e0 long terme entre les organes<\/a><\/p>\n\n\n\n<p><a href=\"https:\/\/evoluscience.fr\/index.php\/cycle-4\/troisieme\/chapitre-3-hygiene-de-vie-et-systeme-immunitaire\/\">Chapitre 3 &#8211; Hygi\u00e8ne de vie et syst\u00e8me immunitaire<\/a><\/p>\n\n\n\n<div style=\"height:100px\" aria-hidden=\"true\" class=\"wp-block-spacer\"><\/div>\n\n\n\n<p>Acc\u00e8s aux cours de SVT<\/p>\n","protected":false},"excerpt":{"rendered":"<p>Corps &amp; Sant\u00e9 ______________________________________________________________________________ Ca y est&nbsp;! C\u2019est la rentr\u00e9e&nbsp;! Camille et Hugo entre en classe de 3e. Mais cela dure qq jours que les professeurs leur parlent du brevet et du travail \u00e0 fournir.<a class=\"read-more\" href=\"https:\/\/www.evoluscience.fr\/index.php\/cycle-4\/troisieme-2\/troisieme\/\">Continue reading<\/a><\/p>\n","protected":false},"author":1,"featured_media":0,"parent":1349,"menu_order":0,"comment_status":"closed","ping_status":"closed","template":"","meta":{"_monsterinsights_skip_tracking":false,"_monsterinsights_sitenote_active":false,"_monsterinsights_sitenote_note":"","_monsterinsights_sitenote_category":0,"_themeisle_gutenberg_block_has_review":false,"footnotes":""},"class_list":["post-17","page","type-page","status-publish","hentry"],"_links":{"self":[{"href":"https:\/\/www.evoluscience.fr\/index.php\/wp-json\/wp\/v2\/pages\/17","targetHints":{"allow":["GET"]}}],"collection":[{"href":"https:\/\/www.evoluscience.fr\/index.php\/wp-json\/wp\/v2\/pages"}],"about":[{"href":"https:\/\/www.evoluscience.fr\/index.php\/wp-json\/wp\/v2\/types\/page"}],"author":[{"embeddable":true,"href":"https:\/\/www.evoluscience.fr\/index.php\/wp-json\/wp\/v2\/users\/1"}],"replies":[{"embeddable":true,"href":"https:\/\/www.evoluscience.fr\/index.php\/wp-json\/wp\/v2\/comments?post=17"}],"version-history":[{"count":0,"href":"https:\/\/www.evoluscience.fr\/index.php\/wp-json\/wp\/v2\/pages\/17\/revisions"}],"up":[{"embeddable":true,"href":"https:\/\/www.evoluscience.fr\/index.php\/wp-json\/wp\/v2\/pages\/1349"}],"wp:attachment":[{"href":"https:\/\/www.evoluscience.fr\/index.php\/wp-json\/wp\/v2\/media?parent=17"}],"curies":[{"name":"wp","href":"https:\/\/api.w.org\/{rel}","templated":true}]}}