{"id":1638,"date":"2019-10-03T15:28:10","date_gmt":"2019-10-03T13:28:10","guid":{"rendered":"http:\/\/evoluscience.fr\/?page_id=1638"},"modified":"2020-01-31T10:34:43","modified_gmt":"2020-01-31T09:34:43","slug":"chapitre-1-la-particularite-dune-espece","status":"publish","type":"page","link":"https:\/\/www.evoluscience.fr\/index.php\/cycle-4\/quatrieme-2\/4e-le-vivant\/chapitre-1-la-particularite-dune-espece\/","title":{"rendered":"Chapitre 1 &#8211; La particularit\u00e9 d&rsquo;une esp\u00e8ce"},"content":{"rendered":"\n<div class=\"wp-block-themeisle-blocks-advanced-columns has-1-columns has-desktop-equal-layout has-tablet-equal-layout has-mobile-equal-layout has-default-gap has-vertical-unset\" id=\"wp-block-themeisle-blocks-advanced-columns-1a80fa50\" style=\"border-width:0px;border-style:solid;border-color:#000000;border-radius:0px;justify-content:unset\"><div class=\"wp-themeisle-block-overlay\" style=\"opacity:0.5;mix-blend-mode:normal\"><\/div><div class=\"innerblocks-wrap\">\n<div class=\"wp-block-themeisle-blocks-advanced-column\" id=\"wp-block-themeisle-blocks-advanced-column-b414ad95\" style=\"border-width:0px;border-style:solid;border-color:#000000;border-radius:0px\">\n<div style=\"height:75px\" aria-hidden=\"true\" class=\"wp-block-spacer\"><\/div>\n\n\n\n<p class=\"has-drop-cap\"><em>Bastien est tr\u00e8s int\u00e9ress\u00e9 pour\ncomprendre les interactions entre les esp\u00e8ces mais il n\u2019ose pas dire \u00e0 Chlo\u00e9\nqu\u2019il est perdu au niveau des notions de vocabulaire. Il souhaiterait qu\u2019on\nred\u00e9finisse la notion d\u2019esp\u00e8ce.<\/em><\/p>\n\n\n\n<div style=\"height:32px\" aria-hidden=\"true\" class=\"wp-block-spacer\"><\/div>\n\n\n\n<p class=\"has-text-color has-vivid-green-cyan-color\"><strong>Comment sont organis\u00e9es les diff\u00e9rentes esp\u00e8ces&nbsp;?<\/strong><\/p>\n\n\n\n<div style=\"height:74px\" aria-hidden=\"true\" class=\"wp-block-spacer\"><\/div>\n\n\n\n<p><a href=\"http:\/\/evoluscience.fr\/index.php\/cycle-4\/quatrieme-2\/4e-le-vivant\/chapitre-1-la-particularite-dune-espece\/activite-1\/\">Activit\u00e9 1 &#8211; Quels groupes de classification l\u2019Homme a-t-il en commun avec les autres esp\u00e8ces&nbsp;?<\/a><\/p>\n\n\n\n<p><a href=\"http:\/\/evoluscience.fr\/index.php\/cycle-4\/quatrieme-2\/4e-le-vivant\/chapitre-1-la-particularite-dune-espece\/activite-2\/\">Activit\u00e9 2 &#8211; Comment est organis\u00e9e l\u2019information h\u00e9r\u00e9ditaire des \u00eatres vivants&nbsp;? <\/a><\/p>\n\n\n\n<p><a href=\"http:\/\/evoluscience.fr\/index.php\/cycle-4\/quatrieme-2\/4e-le-vivant\/chapitre-1-la-particularite-dune-espece\/activite-3\/\">Activit\u00e9 3 &#8211; Comment sont organis\u00e9s les chromosomes des \u00eatres vivants&nbsp;?<\/a><\/p>\n\n\n\n<p><a href=\"http:\/\/evoluscience.fr\/index.php\/cycle-4\/quatrieme-2\/4e-le-vivant\/chapitre-1-la-particularite-dune-espece\/activite-4\/\">Activit\u00e9 4 &#8211; Comment un g\u00e8ne peut \u2013il d\u00e9terminer des versions diff\u00e9rentes d\u2019un m\u00eame caract\u00e8re\u00a0?<\/a><\/p>\n\n\n\n<p><a href=\"http:\/\/evoluscience.fr\/index.php\/cycle-4\/quatrieme-2\/4e-le-vivant\/chapitre-1-la-particularite-dune-espece\/activite-5\/\">Activit\u00e9 5 &#8211; Comment les caract\u00e8res d\u2019un individu &nbsp;peuvent-ils \u00eatre maintenus durant la croissance&nbsp;?<\/a><\/p>\n<\/div>\n<\/div><\/div>\n","protected":false},"excerpt":{"rendered":"","protected":false},"author":1,"featured_media":0,"parent":1634,"menu_order":0,"comment_status":"closed","ping_status":"closed","template":"","meta":{"_monsterinsights_skip_tracking":false,"_monsterinsights_sitenote_active":false,"_monsterinsights_sitenote_note":"","_monsterinsights_sitenote_category":0,"_themeisle_gutenberg_block_has_review":false,"footnotes":""},"class_list":["post-1638","page","type-page","status-publish","hentry"],"_links":{"self":[{"href":"https:\/\/www.evoluscience.fr\/index.php\/wp-json\/wp\/v2\/pages\/1638","targetHints":{"allow":["GET"]}}],"collection":[{"href":"https:\/\/www.evoluscience.fr\/index.php\/wp-json\/wp\/v2\/pages"}],"about":[{"href":"https:\/\/www.evoluscience.fr\/index.php\/wp-json\/wp\/v2\/types\/page"}],"author":[{"embeddable":true,"href":"https:\/\/www.evoluscience.fr\/index.php\/wp-json\/wp\/v2\/users\/1"}],"replies":[{"embeddable":true,"href":"https:\/\/www.evoluscience.fr\/index.php\/wp-json\/wp\/v2\/comments?post=1638"}],"version-history":[{"count":0,"href":"https:\/\/www.evoluscience.fr\/index.php\/wp-json\/wp\/v2\/pages\/1638\/revisions"}],"up":[{"embeddable":true,"href":"https:\/\/www.evoluscience.fr\/index.php\/wp-json\/wp\/v2\/pages\/1634"}],"wp:attachment":[{"href":"https:\/\/www.evoluscience.fr\/index.php\/wp-json\/wp\/v2\/media?parent=1638"}],"curies":[{"name":"wp","href":"https:\/\/api.w.org\/{rel}","templated":true}]}}