{"id":1586,"date":"2019-10-03T13:31:08","date_gmt":"2019-10-03T11:31:08","guid":{"rendered":"http:\/\/evoluscience.fr\/?page_id=1586"},"modified":"2026-04-19T21:45:25","modified_gmt":"2026-04-19T19:45:25","slug":"conclusion","status":"publish","type":"page","link":"https:\/\/www.evoluscience.fr\/index.php\/cycle-4\/cinquieme\/5e-le-vivant\/chapitre-4-caracteristiques-de-la-diversite-des-etres-vivants\/activite-3\/conclusion\/","title":{"rendered":"Conclusion"},"content":{"rendered":"\n<div id=\"wp-block-themeisle-blocks-advanced-columns-9cf44889\" class=\"wp-block-themeisle-blocks-advanced-columns has-1-columns has-desktop-equal-layout has-tablet-equal-layout has-mobile-equal-layout has-vertical-unset\"><div class=\"wp-block-themeisle-blocks-advanced-columns-overlay\"><\/div><div class=\"innerblocks-wrap\">\n<div id=\"wp-block-themeisle-blocks-advanced-column-b45b7e52\" class=\"wp-block-themeisle-blocks-advanced-column\">\n<p class=\"has-drop-cap has-vivid-red-color has-text-color\">Si\nle ph\u00e9notype d\u2019un individu est bien adapt\u00e9 \u00e0 son environnement ou s\u2019il poss\u00e8de\ndes caract\u00e9ristiques que l\u2019Homme veut maintenir, il peut parfois r\u00e9aliser une\nreproduction asexu\u00e9e.<\/p>\n\n\n\n<p class=\"has-luminous-vivid-orange-color has-text-color\"><strong>Reproduction\nasexu\u00e9e<\/strong>&nbsp;: Multiplication cellulaire\npermettant la formation d\u2019un nouvel individu identique \u00e0 un individu initial\nsans faire intervenir d\u2019organes reproducteurs.<\/p>\n\n\n\n<p class=\"has-vivid-red-color has-text-color\">Il\nexiste divers modes de reproduction asexu\u00e9e&nbsp;: le bouturage, le marcottage,\nutilisation des organes de r\u00e9serve, parth\u00e9nogen\u00e8se, bourgeonnement animal\u2026<\/p>\n\n\n\n<p><\/p>\n\n\n\n<p class=\"has-text-align-center\">Chanson : Boutures et bulbes<\/p>\n\n\n<div class=\"wp-block-image\">\n<figure class=\"aligncenter size-full is-resized\"><img loading=\"lazy\" decoding=\"async\" width=\"360\" height=\"360\" src=\"https:\/\/www.evoluscience.fr\/wp-content\/uploads\/2026\/04\/Boutures-Et-Bulbes-mp3-image.jpg\" alt=\"\" class=\"wp-image-13895\" style=\"width:562px;height:auto\" srcset=\"https:\/\/www.evoluscience.fr\/wp-content\/uploads\/2026\/04\/Boutures-Et-Bulbes-mp3-image.jpg 360w, https:\/\/www.evoluscience.fr\/wp-content\/uploads\/2026\/04\/Boutures-Et-Bulbes-mp3-image-300x300.jpg 300w, https:\/\/www.evoluscience.fr\/wp-content\/uploads\/2026\/04\/Boutures-Et-Bulbes-mp3-image-150x150.jpg 150w\" sizes=\"auto, (max-width: 360px) 100vw, 360px\" \/><\/figure>\n<\/div>\n\n\n<figure class=\"wp-block-audio\"><audio controls src=\"https:\/\/www.evoluscience.fr\/wp-content\/uploads\/2026\/04\/Boutures-Et-Bulbes.mp3\"><\/audio><\/figure>\n<\/div>\n<\/div><\/div>\n","protected":false},"excerpt":{"rendered":"","protected":false},"author":1,"featured_media":0,"parent":1582,"menu_order":0,"comment_status":"closed","ping_status":"closed","template":"","meta":{"_monsterinsights_skip_tracking":false,"_monsterinsights_sitenote_active":false,"_monsterinsights_sitenote_note":"","_monsterinsights_sitenote_category":0,"_themeisle_gutenberg_block_has_review":false,"footnotes":""},"class_list":["post-1586","page","type-page","status-publish","hentry"],"_links":{"self":[{"href":"https:\/\/www.evoluscience.fr\/index.php\/wp-json\/wp\/v2\/pages\/1586","targetHints":{"allow":["GET"]}}],"collection":[{"href":"https:\/\/www.evoluscience.fr\/index.php\/wp-json\/wp\/v2\/pages"}],"about":[{"href":"https:\/\/www.evoluscience.fr\/index.php\/wp-json\/wp\/v2\/types\/page"}],"author":[{"embeddable":true,"href":"https:\/\/www.evoluscience.fr\/index.php\/wp-json\/wp\/v2\/users\/1"}],"replies":[{"embeddable":true,"href":"https:\/\/www.evoluscience.fr\/index.php\/wp-json\/wp\/v2\/comments?post=1586"}],"version-history":[{"count":0,"href":"https:\/\/www.evoluscience.fr\/index.php\/wp-json\/wp\/v2\/pages\/1586\/revisions"}],"up":[{"embeddable":true,"href":"https:\/\/www.evoluscience.fr\/index.php\/wp-json\/wp\/v2\/pages\/1582"}],"wp:attachment":[{"href":"https:\/\/www.evoluscience.fr\/index.php\/wp-json\/wp\/v2\/media?parent=1586"}],"curies":[{"name":"wp","href":"https:\/\/api.w.org\/{rel}","templated":true}]}}