{"id":1578,"date":"2019-10-03T13:23:20","date_gmt":"2019-10-03T11:23:20","guid":{"rendered":"http:\/\/evoluscience.fr\/?page_id=1578"},"modified":"2021-03-20T21:48:01","modified_gmt":"2021-03-20T20:48:01","slug":"capsule","status":"publish","type":"page","link":"https:\/\/www.evoluscience.fr\/index.php\/cycle-4\/cinquieme\/5e-le-vivant\/chapitre-4-caracteristiques-de-la-diversite-des-etres-vivants\/activite-2\/capsule\/","title":{"rendered":"Capsules"},"content":{"rendered":"\n<div class=\"wp-block-themeisle-blocks-advanced-columns has-1-columns has-desktop-equal-layout has-tablet-equal-layout has-mobile-equal-layout has-default-gap has-vertical-unset\" id=\"wp-block-themeisle-blocks-advanced-columns-2ed5516d\"><div class=\"wp-block-themeisle-blocks-advanced-columns-overlay\"><\/div><div class=\"innerblocks-wrap\">\n<div class=\"wp-block-themeisle-blocks-advanced-column\" id=\"wp-block-themeisle-blocks-advanced-column-47313549\">\n<p><a href=\"https:\/\/www.lumni.fr\/video\/copernic-et-galilee\">https:\/\/www.lumni.fr\/video\/copernic-et-galilee<\/a><\/p>\n\n\n\n<p>A partir de la vid\u00e9o, r\u00e9pondre aux questions&nbsp;:<\/p>\n\n\n\n<ul class=\"wp-block-list\"><li>Durant l\u2019Antiquit\u00e9,&nbsp; comment positionnait-on la Terre et le Soleil&nbsp;?<\/li><\/ul>\n\n\n\n<ul class=\"wp-block-list\"><li>Qui a pens\u00e9 que le Soleil \u00e9tait au centre du syst\u00e8me solaire&nbsp;? Comment cela s\u2019appelle-t-il&nbsp;?<\/li><\/ul>\n\n\n\n<ul class=\"wp-block-list\"><li>Qui a prouv\u00e9 que le Soleil est au centre du syst\u00e8me solaire&nbsp;?<\/li><\/ul>\n\n\n\n<p>Pour dans deux s\u00e9ances<\/p>\n\n\n\n<div style=\"height:59px\" aria-hidden=\"true\" class=\"wp-block-spacer\"><\/div>\n\n\n\n<p class=\"has-text-align-center\">+<\/p>\n\n\n\n<div style=\"height:63px\" aria-hidden=\"true\" class=\"wp-block-spacer\"><\/div>\n\n\n\n<p>Capsule 2 : Pr\u00e9parer la fl\u00e8che du cahier Terre (apr\u00e8s la pochette, laisser 3 feuilles libres) et \u00e9crire la question (ci-dessous) sur la fl\u00e8che :<\/p>\n\n\n\n<p><em>Situation-probl\u00e8me&nbsp;<\/em>: <em>No\u00e9mie et Nicolas sont impressionn\u00e9s. Ils ne pensaient pas que la vie \u00e9tait aussi complexe&nbsp;!<\/em><\/p>\n\n\n\n<p><em>Ils s\u2019interrogent sur l\u2019influence\nde l\u2019environnement pr\u00e9sent sur la plan\u00e8te Terre sur la vie.<\/em><\/p>\n\n\n\n<p><em>Mais les scientifiques n\u2019ont\ntoujours pas trouv\u00e9 de traces de vie sur les autres plan\u00e8tes&nbsp;!<\/em><\/p>\n\n\n\n<p><\/p>\n\n\n\n<p class=\"has-vivid-green-cyan-color has-text-color\">Comment les caract\u00e9ristiques de la Terre ont-elles permis la vie et\ncomment continuent-elles de l\u2019influencer&nbsp;?\n\nPour dans deux s\u00e9ances\n\n\n\n<\/p>\n\n\n\n<p><\/p>\n<\/div>\n<\/div><\/div>\n","protected":false},"excerpt":{"rendered":"","protected":false},"author":1,"featured_media":0,"parent":1569,"menu_order":2,"comment_status":"closed","ping_status":"closed","template":"","meta":{"_monsterinsights_skip_tracking":false,"_monsterinsights_sitenote_active":false,"_monsterinsights_sitenote_note":"","_monsterinsights_sitenote_category":0,"_themeisle_gutenberg_block_has_review":false,"footnotes":""},"class_list":["post-1578","page","type-page","status-publish","hentry"],"_links":{"self":[{"href":"https:\/\/www.evoluscience.fr\/index.php\/wp-json\/wp\/v2\/pages\/1578","targetHints":{"allow":["GET"]}}],"collection":[{"href":"https:\/\/www.evoluscience.fr\/index.php\/wp-json\/wp\/v2\/pages"}],"about":[{"href":"https:\/\/www.evoluscience.fr\/index.php\/wp-json\/wp\/v2\/types\/page"}],"author":[{"embeddable":true,"href":"https:\/\/www.evoluscience.fr\/index.php\/wp-json\/wp\/v2\/users\/1"}],"replies":[{"embeddable":true,"href":"https:\/\/www.evoluscience.fr\/index.php\/wp-json\/wp\/v2\/comments?post=1578"}],"version-history":[{"count":0,"href":"https:\/\/www.evoluscience.fr\/index.php\/wp-json\/wp\/v2\/pages\/1578\/revisions"}],"up":[{"embeddable":true,"href":"https:\/\/www.evoluscience.fr\/index.php\/wp-json\/wp\/v2\/pages\/1569"}],"wp:attachment":[{"href":"https:\/\/www.evoluscience.fr\/index.php\/wp-json\/wp\/v2\/media?parent=1578"}],"curies":[{"name":"wp","href":"https:\/\/api.w.org\/{rel}","templated":true}]}}