{"id":1575,"date":"2019-10-03T13:17:58","date_gmt":"2019-10-03T11:17:58","guid":{"rendered":"http:\/\/evoluscience.fr\/?page_id=1575"},"modified":"2019-10-03T13:23:47","modified_gmt":"2019-10-03T11:23:47","slug":"1575-2","status":"publish","type":"page","link":"https:\/\/www.evoluscience.fr\/index.php\/cycle-4\/cinquieme\/5e-le-vivant\/chapitre-4-caracteristiques-de-la-diversite-des-etres-vivants\/activite-2\/1575-2\/","title":{"rendered":"Conclusion"},"content":{"rendered":"\n<div class=\"wp-block-themeisle-blocks-advanced-columns has-1-columns has-desktop-equal-layout has-tablet-equal-layout has-mobile-equal-layout has-default-gap has-vertical-unset\" id=\"wp-block-themeisle-blocks-advanced-columns-d4f9c5a7\" style=\"border-width:0px;border-style:solid;border-color:#000000;border-radius:0px;justify-content:unset\"><div class=\"wp-themeisle-block-overlay\" style=\"opacity:0.5;mix-blend-mode:normal\"><\/div><div class=\"innerblocks-wrap\">\n<div class=\"wp-block-themeisle-blocks-advanced-column\" id=\"wp-block-themeisle-blocks-advanced-column-c8e2995f\" style=\"border-width:0px;border-style:solid;border-color:#000000;border-radius:0px\">\n<p class=\"has-text-color has-drop-cap has-vivid-red-color\">Les caract\u00e8res h\u00e9r\u00e9ditaires sont\nd\u00e9termin\u00e9s par l\u2019information g\u00e9n\u00e9tique sous forme&nbsp;:<\/p>\n\n\n\n<p class=\"has-text-color has-vivid-red-color\">-d\u2019ADN (Acide D\u00e9soxyriboNucl\u00e9ique) diffus dans le noyau <\/p>\n\n\n\n<p class=\"has-text-color has-vivid-red-color\">-ou d\u2019ADN compact pelotonn\u00e9 en chromosomes. <\/p>\n\n\n\n<p class=\"has-text-color has-vivid-red-color\">L\u2019ADN est une mol\u00e9cule qui peut se\npelotonner lors de la division cellulaire, ce qui rend visibles les\nchromosomes.<\/p>\n\n\n\n<div style=\"height:24px\" aria-hidden=\"true\" class=\"wp-block-spacer\"><\/div>\n\n\n\n<p class=\"has-text-color has-vivid-red-color\">Chaque cellule d\u2019un individu de l\u2019esp\u00e8ce humaine poss\u00e8de 23 paires de chromosomes, l\u2019une d\u2019elles pr\u00e9sente des caract\u00e9ristiques diff\u00e9rentes selon le sexe XX (pour les femmes ou XY pour les hommes).<\/p>\n<\/div>\n<\/div><\/div>\n","protected":false},"excerpt":{"rendered":"","protected":false},"author":1,"featured_media":0,"parent":1569,"menu_order":0,"comment_status":"closed","ping_status":"closed","template":"","meta":{"_monsterinsights_skip_tracking":false,"_monsterinsights_sitenote_active":false,"_monsterinsights_sitenote_note":"","_monsterinsights_sitenote_category":0,"_themeisle_gutenberg_block_has_review":false,"footnotes":""},"class_list":["post-1575","page","type-page","status-publish","hentry"],"_links":{"self":[{"href":"https:\/\/www.evoluscience.fr\/index.php\/wp-json\/wp\/v2\/pages\/1575","targetHints":{"allow":["GET"]}}],"collection":[{"href":"https:\/\/www.evoluscience.fr\/index.php\/wp-json\/wp\/v2\/pages"}],"about":[{"href":"https:\/\/www.evoluscience.fr\/index.php\/wp-json\/wp\/v2\/types\/page"}],"author":[{"embeddable":true,"href":"https:\/\/www.evoluscience.fr\/index.php\/wp-json\/wp\/v2\/users\/1"}],"replies":[{"embeddable":true,"href":"https:\/\/www.evoluscience.fr\/index.php\/wp-json\/wp\/v2\/comments?post=1575"}],"version-history":[{"count":0,"href":"https:\/\/www.evoluscience.fr\/index.php\/wp-json\/wp\/v2\/pages\/1575\/revisions"}],"up":[{"embeddable":true,"href":"https:\/\/www.evoluscience.fr\/index.php\/wp-json\/wp\/v2\/pages\/1569"}],"wp:attachment":[{"href":"https:\/\/www.evoluscience.fr\/index.php\/wp-json\/wp\/v2\/media?parent=1575"}],"curies":[{"name":"wp","href":"https:\/\/api.w.org\/{rel}","templated":true}]}}