{"id":15453,"date":"2026-05-16T22:21:53","date_gmt":"2026-05-16T20:21:53","guid":{"rendered":"https:\/\/www.evoluscience.fr\/?page_id=15453"},"modified":"2026-05-16T22:22:19","modified_gmt":"2026-05-16T20:22:19","slug":"chapitre-1-la-matiere","status":"publish","type":"page","link":"https:\/\/www.evoluscience.fr\/index.php\/sixieme\/partie-4\/chapitre-1-la-matiere\/","title":{"rendered":"Chapitre 1 \u2013 La mati\u00e8re"},"content":{"rendered":"\n<p><em>La base de la connaissance des techniciens concerne la mati\u00e8re des diff\u00e9rents compos\u00e9s. Il est primordial pour qu\u2019il n\u2019y ait pas d\u2019erreurs par la suite qu\u2019ils sachent leur comportement.<\/em><\/p>\n\n\n\n<p class=\"has-vivid-green-cyan-color has-text-color has-link-color wp-elements-7686fdc1d392055e189af440e17189db\">Comment se comportent les diff\u00e9rentes mati\u00e8res&nbsp;?<\/p>\n\n\n\n<div style=\"height:100px\" aria-hidden=\"true\" class=\"wp-block-spacer\"><\/div>\n\n\n\n<p>Activit\u00e9 1\u00a0&#8211; Comparaison des propri\u00e9t\u00e9s de diff\u00e9rents mat\u00e9riaux<\/p>\n\n\n\n<p>Activit\u00e9 2\u00a0&#8211; D\u00e9termination des changements d\u2019\u00e9tat de la mati\u00e8re<\/p>\n\n\n\n<p>Activit\u00e9 3\u00a0&#8211; Explication du cycle de l\u2019eau<\/p>\n\n\n\n<p>Activit\u00e9 4\u00a0&#8211; R\u00e9flexion concernant la d\u00e9composition de mat\u00e9riaux<\/p>\n\n\n\n<p>Exercices d\u2019approfondissement<\/p>\n","protected":false},"excerpt":{"rendered":"<p>La base de la connaissance des techniciens concerne la mati\u00e8re des diff\u00e9rents compos\u00e9s. Il est primordial pour qu\u2019il n\u2019y ait pas d\u2019erreurs par la suite qu\u2019ils sachent leur comportement. Comment se comportent les diff\u00e9rentes mati\u00e8res&nbsp;?<a class=\"read-more\" href=\"https:\/\/www.evoluscience.fr\/index.php\/sixieme\/partie-4\/chapitre-1-la-matiere\/\">Continue reading<\/a><\/p>\n","protected":false},"author":1,"featured_media":0,"parent":15448,"menu_order":1,"comment_status":"closed","ping_status":"closed","template":"","meta":{"_monsterinsights_skip_tracking":false,"_monsterinsights_sitenote_active":false,"_monsterinsights_sitenote_note":"","_monsterinsights_sitenote_category":0,"_themeisle_gutenberg_block_has_review":false,"footnotes":""},"class_list":["post-15453","page","type-page","status-publish","hentry"],"_links":{"self":[{"href":"https:\/\/www.evoluscience.fr\/index.php\/wp-json\/wp\/v2\/pages\/15453","targetHints":{"allow":["GET"]}}],"collection":[{"href":"https:\/\/www.evoluscience.fr\/index.php\/wp-json\/wp\/v2\/pages"}],"about":[{"href":"https:\/\/www.evoluscience.fr\/index.php\/wp-json\/wp\/v2\/types\/page"}],"author":[{"embeddable":true,"href":"https:\/\/www.evoluscience.fr\/index.php\/wp-json\/wp\/v2\/users\/1"}],"replies":[{"embeddable":true,"href":"https:\/\/www.evoluscience.fr\/index.php\/wp-json\/wp\/v2\/comments?post=15453"}],"version-history":[{"count":0,"href":"https:\/\/www.evoluscience.fr\/index.php\/wp-json\/wp\/v2\/pages\/15453\/revisions"}],"up":[{"embeddable":true,"href":"https:\/\/www.evoluscience.fr\/index.php\/wp-json\/wp\/v2\/pages\/15448"}],"wp:attachment":[{"href":"https:\/\/www.evoluscience.fr\/index.php\/wp-json\/wp\/v2\/media?parent=15453"}],"curies":[{"name":"wp","href":"https:\/\/api.w.org\/{rel}","templated":true}]}}