{"id":15448,"date":"2026-05-16T22:13:17","date_gmt":"2026-05-16T20:13:17","guid":{"rendered":"https:\/\/www.evoluscience.fr\/?page_id=15448"},"modified":"2026-05-16T22:22:38","modified_gmt":"2026-05-16T20:22:38","slug":"partie-4","status":"publish","type":"page","link":"https:\/\/www.evoluscience.fr\/index.php\/sixieme\/partie-4\/","title":{"rendered":"Partie 4"},"content":{"rendered":"\n<div class=\"wp-block-media-text is-stacked-on-mobile\"><figure class=\"wp-block-media-text__media\"><img loading=\"lazy\" decoding=\"async\" width=\"600\" height=\"600\" src=\"https:\/\/www.evoluscience.fr\/wp-content\/uploads\/2026\/05\/erlenmayer.jpg\" alt=\"\" class=\"wp-image-15449 size-full\" srcset=\"https:\/\/www.evoluscience.fr\/wp-content\/uploads\/2026\/05\/erlenmayer.jpg 600w, https:\/\/www.evoluscience.fr\/wp-content\/uploads\/2026\/05\/erlenmayer-300x300.jpg 300w, https:\/\/www.evoluscience.fr\/wp-content\/uploads\/2026\/05\/erlenmayer-150x150.jpg 150w, https:\/\/www.evoluscience.fr\/wp-content\/uploads\/2026\/05\/erlenmayer-520x520.jpg 520w\" sizes=\"auto, (max-width: 600px) 100vw, 600px\" \/><\/figure><div class=\"wp-block-media-text__content\">\n<p><strong>Partie 4 :  La pr\u00e9paration de la fus\u00e9e par les techniciens<\/strong><\/p>\n<\/div><\/div>\n\n\n\n<p><em>Toutes les personnes du projet ont leur importance&nbsp;: que ce soit les spationautes, les scientifiques mais aussi les techniciens.<\/em><\/p>\n\n\n\n<p><em>Les techniciens ont un domaine de comp\u00e9tence important. Ils sont des experts du fonctionnement de la fus\u00e9e&nbsp;: mat\u00e9riaux + \u00e9lectricit\u00e9 + conversions d\u2019\u00e9nergie.<\/em><\/p>\n\n\n\n<p class=\"has-vivid-green-cyan-color has-text-color has-link-color wp-elements-94fc75445d32ddbdd7f6093b4ad52e7f\">Quelles sont les notions n\u00e9cessaires \u00e0 l\u2019\u00e9laboration et au fonctionnement de la fus\u00e9e&nbsp;?<\/p>\n\n\n\n<div style=\"height:100px\" aria-hidden=\"true\" class=\"wp-block-spacer\"><\/div>\n\n\n\n<p><\/p>\n\n\n\n<p><\/p>\n\n\n\n<p><a href=\"https:\/\/www.evoluscience.fr\/index.php\/sixieme\/partie-4\/chapitre-1-la-matiere\/\" target=\"_blank\" rel=\"noreferrer noopener\">Chapitre 1 : La mati\u00e8re<\/a><\/p>\n\n\n\n<p>Chapitre 2 : Les m\u00e9langes<\/p>\n\n\n\n<p>Chapitre 3 : Les \u00e9nergies et les conversions<\/p>\n\n\n\n<p><\/p>\n\n\n\n<p><\/p>\n\n\n\n<p><\/p>\n","protected":false},"excerpt":{"rendered":"<p>Partie 4 : La pr\u00e9paration de la fus\u00e9e par les techniciens Toutes les personnes du projet ont leur importance&nbsp;: que ce soit les spationautes, les scientifiques mais aussi les techniciens. Les techniciens ont un domaine<a class=\"read-more\" href=\"https:\/\/www.evoluscience.fr\/index.php\/sixieme\/partie-4\/\">Continue reading<\/a><\/p>\n","protected":false},"author":1,"featured_media":0,"parent":12117,"menu_order":4,"comment_status":"closed","ping_status":"closed","template":"","meta":{"_monsterinsights_skip_tracking":false,"_monsterinsights_sitenote_active":false,"_monsterinsights_sitenote_note":"","_monsterinsights_sitenote_category":0,"_themeisle_gutenberg_block_has_review":false,"footnotes":""},"class_list":["post-15448","page","type-page","status-publish","hentry"],"_links":{"self":[{"href":"https:\/\/www.evoluscience.fr\/index.php\/wp-json\/wp\/v2\/pages\/15448","targetHints":{"allow":["GET"]}}],"collection":[{"href":"https:\/\/www.evoluscience.fr\/index.php\/wp-json\/wp\/v2\/pages"}],"about":[{"href":"https:\/\/www.evoluscience.fr\/index.php\/wp-json\/wp\/v2\/types\/page"}],"author":[{"embeddable":true,"href":"https:\/\/www.evoluscience.fr\/index.php\/wp-json\/wp\/v2\/users\/1"}],"replies":[{"embeddable":true,"href":"https:\/\/www.evoluscience.fr\/index.php\/wp-json\/wp\/v2\/comments?post=15448"}],"version-history":[{"count":0,"href":"https:\/\/www.evoluscience.fr\/index.php\/wp-json\/wp\/v2\/pages\/15448\/revisions"}],"up":[{"embeddable":true,"href":"https:\/\/www.evoluscience.fr\/index.php\/wp-json\/wp\/v2\/pages\/12117"}],"wp:attachment":[{"href":"https:\/\/www.evoluscience.fr\/index.php\/wp-json\/wp\/v2\/media?parent=15448"}],"curies":[{"name":"wp","href":"https:\/\/api.w.org\/{rel}","templated":true}]}}