{"id":1541,"date":"2019-10-03T12:36:39","date_gmt":"2019-10-03T10:36:39","guid":{"rendered":"http:\/\/evoluscience.fr\/?page_id=1541"},"modified":"2026-04-19T21:20:58","modified_gmt":"2026-04-19T19:20:58","slug":"capsule","status":"publish","type":"page","link":"https:\/\/www.evoluscience.fr\/index.php\/cycle-4\/cinquieme\/5e-le-vivant\/chapitre-3-lelimination-des-dechets\/capsule\/","title":{"rendered":"Conclusion"},"content":{"rendered":"\n<div id=\"wp-block-themeisle-blocks-advanced-columns-45c78973\" class=\"wp-block-themeisle-blocks-advanced-columns has-1-columns has-desktop-equal-layout has-tablet-equal-layout has-mobile-equal-layout has-vertical-unset\"><div class=\"wp-block-themeisle-blocks-advanced-columns-overlay\"><\/div><div class=\"innerblocks-wrap\">\n<div id=\"wp-block-themeisle-blocks-advanced-column-4f756d09\" class=\"wp-block-themeisle-blocks-advanced-column\">\n<p class=\"has-drop-cap has-vivid-red-color has-text-color\">Lors de leur\nfonctionnement, les cellules produisent des d\u00e9chets comme l\u2019ur\u00e9e et le dioxyde\nde carbone qui sont ensuite transport\u00e9s par le sang. <\/p>\n\n\n\n<p class=\"has-vivid-red-color has-text-color\">L\u2019ur\u00e9e est\nconcentr\u00e9e par les reins qui produisent l\u2019urine. Elle est stock\u00e9e par la vessie\nvia l\u2019uret\u00e8re &nbsp;puis \u00e9vacu\u00e9e par l\u2019ur\u00e8tre.<\/p>\n\n\n\n<p class=\"has-vivid-red-color has-text-color\">Le dioxyde de carbone est \u00e9vacu\u00e9 au niveau des alv\u00e9oles pulmonaires.<\/p>\n\n\n<div class=\"wp-block-image\">\n<figure class=\"aligncenter is-resized\"><a href=\"https:\/\/evoluscience.fr\/wp-content\/uploads\/2019\/10\/image.png\" target=\"_blank\" rel=\"noreferrer noopener\"><img loading=\"lazy\" decoding=\"async\" width=\"213\" height=\"231\" src=\"https:\/\/evoluscience.fr\/wp-content\/uploads\/2019\/10\/image.png\" alt=\"\" class=\"wp-image-1542\" style=\"width:213px;height:231px\"\/><\/a><\/figure>\n<\/div><\/div>\n<\/div><\/div>\n\n\n\n<div class=\"_df_book df-lite\" id=\"df_11661\"  _slug=\"5-pv-chp3act-schema-bilan\" data-title=\"5-pv-chp3act-schema-bilan\" wpoptions=\"true\" thumbtype=\"\" ><\/div><script class=\"df-shortcode-script\" nowprocket type=\"application\/javascript\">window.option_df_11661 = {\"outline\":[],\"autoEnableOutline\":\"false\",\"autoEnableThumbnail\":\"false\",\"overwritePDFOutline\":\"false\",\"enableDownload\":\"false\",\"direction\":\"1\",\"pageSize\":\"0\",\"soundEnable\":\"false\",\"autoPlay\":\"false\",\"source\":\"https:\\\/\\\/www.evoluscience.fr\\\/wp-content\\\/uploads\\\/2023\\\/02\\\/5-PV-Chp3Act-Schema-bilan.pdf\",\"wpOptions\":\"true\"}; if(window.DFLIP && window.DFLIP.parseBooks){window.DFLIP.parseBooks();}<\/script>\n\n\n\n<p class=\"has-text-align-center\">Chanson : D\u00e9chets<\/p>\n\n\n<div class=\"wp-block-image\">\n<figure class=\"aligncenter size-full is-resized\"><img loading=\"lazy\" decoding=\"async\" width=\"1024\" height=\"1024\" src=\"https:\/\/www.evoluscience.fr\/wp-content\/uploads\/2026\/04\/dechets.png\" alt=\"\" class=\"wp-image-13890\" style=\"width:358px;height:auto\" srcset=\"https:\/\/www.evoluscience.fr\/wp-content\/uploads\/2026\/04\/dechets.png 1024w, https:\/\/www.evoluscience.fr\/wp-content\/uploads\/2026\/04\/dechets-300x300.png 300w, https:\/\/www.evoluscience.fr\/wp-content\/uploads\/2026\/04\/dechets-150x150.png 150w, https:\/\/www.evoluscience.fr\/wp-content\/uploads\/2026\/04\/dechets-768x768.png 768w, https:\/\/www.evoluscience.fr\/wp-content\/uploads\/2026\/04\/dechets-520x520.png 520w, https:\/\/www.evoluscience.fr\/wp-content\/uploads\/2026\/04\/dechets-740x740.png 740w\" sizes=\"auto, (max-width: 1024px) 100vw, 1024px\" \/><\/figure>\n<\/div>\n\n\n<figure class=\"wp-block-audio\"><audio controls src=\"https:\/\/www.evoluscience.fr\/wp-content\/uploads\/2026\/04\/Dechets.mp3\"><\/audio><\/figure>\n\n\n\n<div style=\"height:100px\" aria-hidden=\"true\" class=\"wp-block-spacer\"><\/div>\n","protected":false},"excerpt":{"rendered":"<p>Chanson : D\u00e9chets<\/p>\n","protected":false},"author":1,"featured_media":0,"parent":1540,"menu_order":0,"comment_status":"closed","ping_status":"closed","template":"","meta":{"_monsterinsights_skip_tracking":false,"_monsterinsights_sitenote_active":false,"_monsterinsights_sitenote_note":"","_monsterinsights_sitenote_category":0,"_themeisle_gutenberg_block_has_review":false,"footnotes":""},"class_list":["post-1541","page","type-page","status-publish","hentry"],"_links":{"self":[{"href":"https:\/\/www.evoluscience.fr\/index.php\/wp-json\/wp\/v2\/pages\/1541","targetHints":{"allow":["GET"]}}],"collection":[{"href":"https:\/\/www.evoluscience.fr\/index.php\/wp-json\/wp\/v2\/pages"}],"about":[{"href":"https:\/\/www.evoluscience.fr\/index.php\/wp-json\/wp\/v2\/types\/page"}],"author":[{"embeddable":true,"href":"https:\/\/www.evoluscience.fr\/index.php\/wp-json\/wp\/v2\/users\/1"}],"replies":[{"embeddable":true,"href":"https:\/\/www.evoluscience.fr\/index.php\/wp-json\/wp\/v2\/comments?post=1541"}],"version-history":[{"count":0,"href":"https:\/\/www.evoluscience.fr\/index.php\/wp-json\/wp\/v2\/pages\/1541\/revisions"}],"up":[{"embeddable":true,"href":"https:\/\/www.evoluscience.fr\/index.php\/wp-json\/wp\/v2\/pages\/1540"}],"wp:attachment":[{"href":"https:\/\/www.evoluscience.fr\/index.php\/wp-json\/wp\/v2\/media?parent=1541"}],"curies":[{"name":"wp","href":"https:\/\/api.w.org\/{rel}","templated":true}]}}