{"id":1527,"date":"2019-10-03T11:57:23","date_gmt":"2019-10-03T09:57:23","guid":{"rendered":"http:\/\/evoluscience.fr\/?page_id=1527"},"modified":"2019-10-03T11:57:24","modified_gmt":"2019-10-03T09:57:24","slug":"conclusion","status":"publish","type":"page","link":"https:\/\/www.evoluscience.fr\/index.php\/cycle-4\/cinquieme\/5e-le-vivant\/chapitre-2-la-nutrition-chez-les-etres-vivants\/activite-2\/conclusion\/","title":{"rendered":"Conclusion"},"content":{"rendered":"<div id=\"modal-ready\">\n<div class=\"wp-block-themeisle-blocks-advanced-columns has-1-columns has-desktop-equal-layout has-tablet-equal-layout has-mobile-equal-layout has-default-gap has-vertical-unset\" id=\"wp-block-themeisle-blocks-advanced-columns-1ad182e1\" style=\"border-width:0px;border-style:solid;border-color:#000000;border-radius:0px;justify-content:unset\"><div class=\"wp-themeisle-block-overlay\" style=\"opacity:0.5;mix-blend-mode:normal\"><\/div><div class=\"innerblocks-wrap\">\n<div class=\"wp-block-themeisle-blocks-advanced-column\" id=\"wp-block-themeisle-blocks-advanced-column-c4a89536\" style=\"border-width:0px;border-style:solid;border-color:#000000;border-radius:0px\">\n<p class=\"has-text-color has-drop-cap has-vivid-red-color\">La nutrition des\nplantes chlorophylliennes est permise gr\u00e2ce \u00e0 leurs feuilles et racines.<\/p>\n\n\n\n<p class=\"has-text-color has-vivid-red-color\">Les poils\nabsorbants des racines absorbent l\u2019eau et les min\u00e9raux pr\u00e9sents dans le sol.<\/p>\n\n\n\n<p class=\"has-text-color has-vivid-red-color\">A la lumi\u00e8re et en pr\u00e9sence de dioxyde de carbone, les chloroplastes des cellules chlorophylliennes des plantes chlorophylliennes (=vertes) produisent du dioxyg\u00e8ne et de l\u2019amidon\u00a0: c\u2019est le ph\u00e9nom\u00e8ne de photosynth\u00e8se.<\/p>\n\n\n\n<figure class=\"wp-block-image\"><img loading=\"lazy\" decoding=\"async\" width=\"862\" height=\"729\" src=\"http:\/\/evoluscience.fr\/wp-content\/uploads\/2019\/10\/5-PV-Chp2Act2-Sch\u00e9ma-bilan.jpg\" alt=\"\" class=\"wp-image-1420\" srcset=\"https:\/\/www.evoluscience.fr\/wp-content\/uploads\/2019\/10\/5-PV-Chp2Act2-Sch\u00e9ma-bilan.jpg 862w, https:\/\/www.evoluscience.fr\/wp-content\/uploads\/2019\/10\/5-PV-Chp2Act2-Sch\u00e9ma-bilan-300x254.jpg 300w, https:\/\/www.evoluscience.fr\/wp-content\/uploads\/2019\/10\/5-PV-Chp2Act2-Sch\u00e9ma-bilan-768x650.jpg 768w, https:\/\/www.evoluscience.fr\/wp-content\/uploads\/2019\/10\/5-PV-Chp2Act2-Sch\u00e9ma-bilan-520x440.jpg 520w, https:\/\/www.evoluscience.fr\/wp-content\/uploads\/2019\/10\/5-PV-Chp2Act2-Sch\u00e9ma-bilan-740x626.jpg 740w\" sizes=\"auto, (max-width: 862px) 100vw, 862px\" \/><\/figure>\n<\/div>\n<\/div><\/div>\n<\/div>","protected":false},"excerpt":{"rendered":"","protected":false},"author":1,"featured_media":0,"parent":1523,"menu_order":0,"comment_status":"closed","ping_status":"closed","template":"","meta":{"om_disable_all_campaigns":false,"_monsterinsights_skip_tracking":false,"_monsterinsights_sitenote_active":false,"_monsterinsights_sitenote_note":"","_monsterinsights_sitenote_category":0,"_themeisle_gutenberg_block_has_review":false,"footnotes":""},"c2tw_page_folder":[],"class_list":["post-1527","page","type-page","status-publish","hentry"],"aioseo_notices":[],"_links":{"self":[{"href":"https:\/\/www.evoluscience.fr\/index.php\/wp-json\/wp\/v2\/pages\/1527","targetHints":{"allow":["GET"]}}],"collection":[{"href":"https:\/\/www.evoluscience.fr\/index.php\/wp-json\/wp\/v2\/pages"}],"about":[{"href":"https:\/\/www.evoluscience.fr\/index.php\/wp-json\/wp\/v2\/types\/page"}],"author":[{"embeddable":true,"href":"https:\/\/www.evoluscience.fr\/index.php\/wp-json\/wp\/v2\/users\/1"}],"replies":[{"embeddable":true,"href":"https:\/\/www.evoluscience.fr\/index.php\/wp-json\/wp\/v2\/comments?post=1527"}],"version-history":[{"count":0,"href":"https:\/\/www.evoluscience.fr\/index.php\/wp-json\/wp\/v2\/pages\/1527\/revisions"}],"up":[{"embeddable":true,"href":"https:\/\/www.evoluscience.fr\/index.php\/wp-json\/wp\/v2\/pages\/1523"}],"wp:attachment":[{"href":"https:\/\/www.evoluscience.fr\/index.php\/wp-json\/wp\/v2\/media?parent=1527"}],"wp:term":[{"taxonomy":"c2tw_page_folder","embeddable":true,"href":"https:\/\/www.evoluscience.fr\/index.php\/wp-json\/wp\/v2\/c2tw_page_folder?post=1527"}],"curies":[{"name":"wp","href":"https:\/\/api.w.org\/{rel}","templated":true}]}}