{"id":1523,"date":"2019-10-03T11:38:07","date_gmt":"2019-10-03T09:38:07","guid":{"rendered":"http:\/\/evoluscience.fr\/?page_id=1523"},"modified":"2025-03-17T21:57:21","modified_gmt":"2025-03-17T20:57:21","slug":"activite-2","status":"publish","type":"page","link":"https:\/\/www.evoluscience.fr\/index.php\/cycle-4\/cinquieme\/5e-le-vivant\/chapitre-2-la-nutrition-chez-les-etres-vivants\/activite-2\/","title":{"rendered":"Activit\u00e9 2"},"content":{"rendered":"<div id=\"modal-ready\">\n<div id=\"wp-block-themeisle-blocks-advanced-columns-95a8ad95\" class=\"wp-block-themeisle-blocks-advanced-columns has-1-columns has-desktop-equal-layout has-tablet-equal-layout has-mobile-equal-layout has-vertical-unset\"><div class=\"wp-block-themeisle-blocks-advanced-columns-overlay\"><\/div><div class=\"innerblocks-wrap\">\n<div id=\"wp-block-themeisle-blocks-advanced-column-2b458dd7\" class=\"wp-block-themeisle-blocks-advanced-column\">\n<p class=\"has-drop-cap\"><em>On s\u2019est longtemps demand\u00e9 de\nquoi se nourrissaient les v\u00e9g\u00e9taux. L\u2019un des premiers a r\u00e9alis\u00e9 des exp\u00e9riences\nest Jean-Baptiste Van-Helmont (1579-1644).<\/em><\/p>\n\n\n\n<p><em>\u00ab\u00a0Il prit un grand vase de terre, auquel il mit\n200 livres de terre dess\u00e9ch\u00e9e au four qu\u2019il humecta avec de l\u2019eau de pluie.\nPuis il y planta un tronc de saule qui pesait cinq livres. Cinq ann\u00e9es apr\u00e8s le\nsaule, qui avait cru en ladite terre, fut arrach\u00e9 et se trouva pesant de 169\nlivres et environ 3 onces de plus.<\/em><\/p>\n\n\n\n<p><em>Le vaisseau \u00e9tait fort ample, enfonc\u00e9 en terre, et\ncouvert d\u2019une lame de fer blanc \u00e9tam\u00e9 perc\u00e9, en forme de crible, de force\npetits trous afin qu\u2019il n\u2019y ait que l\u2019eau de pluie ou l\u2019eau distill\u00e9e seule (de\nlaquelle la terre du vaisseau \u00e9tait arros\u00e9e lorsqu\u2019il en faisait besoin) qui y\npuisse d\u00e9couler. Les feuilles ne furent point pes\u00e9es parce que c\u2019\u00e9tait en\nautomne quand les feuilles tombent que l\u2019arbre fut arrach\u00e9.<\/em><\/p>\n\n\n\n<p><em>Il fit derechef ress\u00e9ch\u00e9 la terre du vase et la\nterre ne se trouva diminu\u00e9e que d\u2019environ deux onces qui s\u2019\u00e9taient pu perdre en\nvidant ou emplissant le vaisseau. Donc il y avait 164 livres de bois, d\u2019\u00e9corce\net de racines qui \u00e9taient venues de l\u2019eau.\u00a0\u00bb<\/em><\/p>\n\n\n\n<p class=\"has-text-align-right\"><a href=\"http:\/\/histoires-de-sciences.over-blog.fr\/2013\/11\/histoire-du-co2.html\">http:\/\/histoires-de-sciences.over-blog.fr\/2013\/11\/histoire-du-co2.html<\/a><\/p>\n\n\n\n<p><em>D\u2019autres exp\u00e9riences ont \u00e9t\u00e9\nr\u00e9alis\u00e9es par la suite apportant des informations compl\u00e9mentaires.<\/em><\/p>\n\n\n\n<div style=\"height:85px\" aria-hidden=\"true\" class=\"wp-block-spacer\"><\/div>\n\n\n\n<p class=\"has-vivid-red-color has-text-color has-large-font-size\">II. <strong>La nutrition dans le monde v\u00e9g\u00e9tal<\/strong><\/p>\n\n\n\n<div style=\"height:41px\" aria-hidden=\"true\" class=\"wp-block-spacer\"><\/div>\n\n\n\n<p class=\"has-vivid-green-cyan-color has-text-color\">Comment\nles \u00e9l\u00e9ments nutritifs sont-ils capt\u00e9s ou form\u00e9s pour permettre le\nfonctionnement des cellules&nbsp; chez les\nv\u00e9g\u00e9taux&nbsp;?<\/p>\n\n\n\n<div style=\"height:49px\" aria-hidden=\"true\" class=\"wp-block-spacer\"><\/div>\n\n\n\n<p class=\"has-background\" style=\"background-color:#ffeed1\">Activit\u00e9&nbsp;2&nbsp;: A partir de documents, expliquer comment la plante se nourrit sous forme d\u2019un sch\u00e9ma.<\/p>\n\n\n\n<div style=\"height:52px\" aria-hidden=\"true\" class=\"wp-block-spacer\"><\/div>\n\n\n\n<p><em>Comp\u00e9tences travaill\u00e9es&nbsp;:<\/em><\/p>\n\n\n\n<ul class=\"wp-block-list\">\n<li><em>Traduire des informations par un sch\u00e9ma<\/em><\/li>\n<\/ul>\n\n\n\n<ul class=\"wp-block-list\">\n<li><em>Planifier le travail en groupe<\/em><\/li>\n<\/ul>\n\n\n\n<ul class=\"wp-block-list\">\n<li><em>R\u00e9aliser une \u00e9tude de documents<\/em><\/li>\n<\/ul>\n\n\n\n<ul class=\"wp-block-list\">\n<li><em>Inventer une production<\/em><\/li>\n<\/ul>\n\n\n\n<div style=\"height:53px\" aria-hidden=\"true\" class=\"wp-block-spacer\"><\/div>\n\n\n\n<div class=\"_df_book df-lite\" id=\"df_11553\"  _slug=\"5-pv-chp2act2-atelier-a\" data-title=\"5-pv-chp2act2-atelier-a\" wpoptions=\"true\" thumbtype=\"\" ><\/div><script class=\"df-shortcode-script\" nowprocket type=\"application\/javascript\">window.option_df_11553 = {\"outline\":[],\"autoEnableOutline\":\"false\",\"autoEnableThumbnail\":\"false\",\"overwritePDFOutline\":\"false\",\"enableDownload\":\"false\",\"direction\":\"1\",\"pageSize\":\"0\",\"soundEnable\":\"false\",\"autoPlay\":\"false\",\"source\":\"https:\\\/\\\/www.evoluscience.fr\\\/wp-content\\\/uploads\\\/2023\\\/02\\\/5-PV-Chp2Act2-Atelier-A.pdf\",\"wpOptions\":\"true\"}; if(window.DFLIP && window.DFLIP.parseBooks){window.DFLIP.parseBooks();}<\/script>\n\n\n\n<p>Vid\u00e9o de l&rsquo;atelier A :<\/p>\n\n\n\n<figure class=\"wp-block-video\"><video controls src=\"https:\/\/www.evoluscience.fr\/wp-content\/uploads\/2025\/02\/Les-roles-du-systeme-racinaire-pour-un-vegetal.mp4\"><\/video><\/figure>\n\n\n\n<p> Source : <a href=\"https:\/\/www.youtube.com\/watch?v=3r-VVrP87ew\" target=\"_blank\" rel=\"noopener\" title=\"\">https:\/\/www.youtube.com\/watch?v=3r-VVrP87ew<\/a><\/p>\n\n\n\n<div class=\"_df_book df-lite\" id=\"df_11556\"  _slug=\"5-pv-chp2act2-atelier-b\" data-title=\"5-pv-chp2act2-atelier-b\" wpoptions=\"true\" thumbtype=\"\" ><\/div><script class=\"df-shortcode-script\" nowprocket type=\"application\/javascript\">window.option_df_11556 = {\"outline\":[],\"autoEnableOutline\":\"false\",\"autoEnableThumbnail\":\"false\",\"overwritePDFOutline\":\"false\",\"enableDownload\":\"false\",\"direction\":\"1\",\"pageSize\":\"0\",\"soundEnable\":\"false\",\"autoPlay\":\"false\",\"source\":\"https:\\\/\\\/www.evoluscience.fr\\\/wp-content\\\/uploads\\\/2023\\\/02\\\/5-PV-Chp2Act2-Atelier-B.pdf\",\"wpOptions\":\"true\"}; if(window.DFLIP && window.DFLIP.parseBooks){window.DFLIP.parseBooks();}<\/script>\n\n\n\n<div style=\"height:21px\" aria-hidden=\"true\" class=\"wp-block-spacer\"><\/div>\n\n\n\n<figure class=\"wp-block-video\"><video controls src=\"https:\/\/www.evoluscience.fr\/wp-content\/uploads\/2025\/02\/La-photosynthese.mp4\"><\/video><\/figure>\n\n\n\n<p>Source : https:\/\/www.youtube.com\/watch?v=Tzoj_SX4yJA<\/p>\n\n\n\n<div style=\"height:51px\" aria-hidden=\"true\" class=\"wp-block-spacer\"><\/div>\n\n\n\n<p><\/p>\n\n\n\n<p><\/p>\n\n\n<div class=\"wp-block-image\">\n<figure class=\"aligncenter is-resized\"><a href=\"http:\/\/evoluscience.fr\/index.php\/cycle-4\/cinquieme\/5e-le-vivant\/chapitre-2-la-nutrition-chez-les-etres-vivants\/activite-2\/conclusion\/\" target=\"_blank\" rel=\"noreferrer noopener\"><img loading=\"lazy\" decoding=\"async\" width=\"538\" height=\"538\" src=\"http:\/\/evoluscience.fr\/wp-content\/uploads\/2019\/09\/conclusion.png\" alt=\"\" class=\"wp-image-370\" style=\"width:322px;height:322px\" srcset=\"https:\/\/www.evoluscience.fr\/wp-content\/uploads\/2019\/09\/conclusion.png 538w, https:\/\/www.evoluscience.fr\/wp-content\/uploads\/2019\/09\/conclusion-150x150.png 150w, https:\/\/www.evoluscience.fr\/wp-content\/uploads\/2019\/09\/conclusion-300x300.png 300w, https:\/\/www.evoluscience.fr\/wp-content\/uploads\/2019\/09\/conclusion-520x520.png 520w\" sizes=\"auto, (max-width: 538px) 100vw, 538px\" \/><\/a><\/figure>\n<\/div>\n\n<div class=\"wp-block-image\">\n<figure class=\"aligncenter size-large is-resized\"><a href=\"http:\/\/evoluscience.fr\/index.php\/cycle-4\/cinquieme\/5e-le-vivant\/chapitre-1-la-respiration-chez-les-etres-vivants\/activite-2\/devoir\/\" target=\"_blank\" rel=\"noreferrer noopener\"><img loading=\"lazy\" decoding=\"async\" width=\"538\" height=\"538\" src=\"http:\/\/evoluscience.fr\/wp-content\/uploads\/2019\/09\/devoirs.png\" alt=\"\" class=\"wp-image-428\" style=\"width:296px;height:296px\" srcset=\"https:\/\/www.evoluscience.fr\/wp-content\/uploads\/2019\/09\/devoirs.png 538w, https:\/\/www.evoluscience.fr\/wp-content\/uploads\/2019\/09\/devoirs-150x150.png 150w, https:\/\/www.evoluscience.fr\/wp-content\/uploads\/2019\/09\/devoirs-300x300.png 300w, https:\/\/www.evoluscience.fr\/wp-content\/uploads\/2019\/09\/devoirs-520x520.png 520w\" sizes=\"auto, (max-width: 538px) 100vw, 538px\" \/><\/a><\/figure>\n<\/div>\n\n<div class=\"wp-block-image\">\n<figure class=\"aligncenter size-large is-resized\"><a href=\"https:\/\/evoluscience.fr\/wp-content\/uploads\/2020\/03\/5-PV-Chp2Act2-FC.pdf\" target=\"_blank\" rel=\"noopener noreferrer\"><img loading=\"lazy\" decoding=\"async\" width=\"735\" height=\"735\" src=\"https:\/\/evoluscience.fr\/wp-content\/uploads\/2020\/03\/pjiece_jointe-1.png\" alt=\"\" class=\"wp-image-4366\" style=\"width:278px;height:278px\" srcset=\"https:\/\/www.evoluscience.fr\/wp-content\/uploads\/2020\/03\/pjiece_jointe-1.png 735w, https:\/\/www.evoluscience.fr\/wp-content\/uploads\/2020\/03\/pjiece_jointe-1-300x300.png 300w, https:\/\/www.evoluscience.fr\/wp-content\/uploads\/2020\/03\/pjiece_jointe-1-150x150.png 150w, https:\/\/www.evoluscience.fr\/wp-content\/uploads\/2020\/03\/pjiece_jointe-1-520x520.png 520w\" sizes=\"auto, (max-width: 735px) 100vw, 735px\" \/><\/a><\/figure>\n<\/div><\/div>\n<\/div><\/div>\n<\/div>","protected":false},"excerpt":{"rendered":"","protected":false},"author":1,"featured_media":0,"parent":1508,"menu_order":3,"comment_status":"closed","ping_status":"closed","template":"","meta":{"om_disable_all_campaigns":false,"_monsterinsights_skip_tracking":false,"_monsterinsights_sitenote_active":false,"_monsterinsights_sitenote_note":"","_monsterinsights_sitenote_category":0,"_themeisle_gutenberg_block_has_review":false,"footnotes":""},"c2tw_page_folder":[],"class_list":["post-1523","page","type-page","status-publish","hentry"],"aioseo_notices":[],"_links":{"self":[{"href":"https:\/\/www.evoluscience.fr\/index.php\/wp-json\/wp\/v2\/pages\/1523","targetHints":{"allow":["GET"]}}],"collection":[{"href":"https:\/\/www.evoluscience.fr\/index.php\/wp-json\/wp\/v2\/pages"}],"about":[{"href":"https:\/\/www.evoluscience.fr\/index.php\/wp-json\/wp\/v2\/types\/page"}],"author":[{"embeddable":true,"href":"https:\/\/www.evoluscience.fr\/index.php\/wp-json\/wp\/v2\/users\/1"}],"replies":[{"embeddable":true,"href":"https:\/\/www.evoluscience.fr\/index.php\/wp-json\/wp\/v2\/comments?post=1523"}],"version-history":[{"count":6,"href":"https:\/\/www.evoluscience.fr\/index.php\/wp-json\/wp\/v2\/pages\/1523\/revisions"}],"predecessor-version":[{"id":11559,"href":"https:\/\/www.evoluscience.fr\/index.php\/wp-json\/wp\/v2\/pages\/1523\/revisions\/11559"}],"up":[{"embeddable":true,"href":"https:\/\/www.evoluscience.fr\/index.php\/wp-json\/wp\/v2\/pages\/1508"}],"wp:attachment":[{"href":"https:\/\/www.evoluscience.fr\/index.php\/wp-json\/wp\/v2\/media?parent=1523"}],"wp:term":[{"taxonomy":"c2tw_page_folder","embeddable":true,"href":"https:\/\/www.evoluscience.fr\/index.php\/wp-json\/wp\/v2\/c2tw_page_folder?post=1523"}],"curies":[{"name":"wp","href":"https:\/\/api.w.org\/{rel}","templated":true}]}}