{"id":15228,"date":"2026-05-11T10:31:16","date_gmt":"2026-05-11T08:31:16","guid":{"rendered":"https:\/\/www.evoluscience.fr\/?page_id=15228"},"modified":"2026-05-11T10:31:55","modified_gmt":"2026-05-11T08:31:55","slug":"conclusion","status":"publish","type":"page","link":"https:\/\/www.evoluscience.fr\/index.php\/sixieme\/partie-3\/chapitre-3-lhomme-et-les-consequences-de-ses-actions-sur-lenvironnement\/activite-2\/conclusion\/","title":{"rendered":"Conclusion"},"content":{"rendered":"\n<p class=\"has-drop-cap has-vivid-red-color has-text-color has-link-color wp-elements-c65a78bc676d234d8406b4cd48a68deb\">Pour que nous puissions durablement et dans de bonnes conditions vivre sur Terre, il est important que nous changions nos habitudes. Chacun \u00e0 son \u00e9chelle (pays, entreprise et individu) peut r\u00e9aliser au quotidien des actions pour r\u00e9pondre aux Objectifs de D\u00e9veloppement Durable de l\u2019ONU.<\/p>\n","protected":false},"excerpt":{"rendered":"<p>Pour que nous puissions durablement et dans de bonnes conditions vivre sur Terre, il est important que nous changions nos habitudes. Chacun \u00e0 son \u00e9chelle (pays, entreprise et individu) peut r\u00e9aliser au quotidien des actions<a class=\"read-more\" href=\"https:\/\/www.evoluscience.fr\/index.php\/sixieme\/partie-3\/chapitre-3-lhomme-et-les-consequences-de-ses-actions-sur-lenvironnement\/activite-2\/conclusion\/\">Continue reading<\/a><\/p>\n","protected":false},"author":1,"featured_media":0,"parent":14824,"menu_order":1,"comment_status":"closed","ping_status":"closed","template":"","meta":{"_monsterinsights_skip_tracking":false,"_monsterinsights_sitenote_active":false,"_monsterinsights_sitenote_note":"","_monsterinsights_sitenote_category":0,"_themeisle_gutenberg_block_has_review":false,"footnotes":""},"class_list":["post-15228","page","type-page","status-publish","hentry"],"_links":{"self":[{"href":"https:\/\/www.evoluscience.fr\/index.php\/wp-json\/wp\/v2\/pages\/15228","targetHints":{"allow":["GET"]}}],"collection":[{"href":"https:\/\/www.evoluscience.fr\/index.php\/wp-json\/wp\/v2\/pages"}],"about":[{"href":"https:\/\/www.evoluscience.fr\/index.php\/wp-json\/wp\/v2\/types\/page"}],"author":[{"embeddable":true,"href":"https:\/\/www.evoluscience.fr\/index.php\/wp-json\/wp\/v2\/users\/1"}],"replies":[{"embeddable":true,"href":"https:\/\/www.evoluscience.fr\/index.php\/wp-json\/wp\/v2\/comments?post=15228"}],"version-history":[{"count":0,"href":"https:\/\/www.evoluscience.fr\/index.php\/wp-json\/wp\/v2\/pages\/15228\/revisions"}],"up":[{"embeddable":true,"href":"https:\/\/www.evoluscience.fr\/index.php\/wp-json\/wp\/v2\/pages\/14824"}],"wp:attachment":[{"href":"https:\/\/www.evoluscience.fr\/index.php\/wp-json\/wp\/v2\/media?parent=15228"}],"curies":[{"name":"wp","href":"https:\/\/api.w.org\/{rel}","templated":true}]}}