{"id":1517,"date":"2019-10-03T11:28:44","date_gmt":"2019-10-03T09:28:44","guid":{"rendered":"http:\/\/evoluscience.fr\/?page_id=1517"},"modified":"2020-02-19T09:11:55","modified_gmt":"2020-02-19T08:11:55","slug":"conclusion","status":"publish","type":"page","link":"https:\/\/www.evoluscience.fr\/index.php\/cycle-4\/cinquieme\/5e-le-vivant\/chapitre-2-la-nutrition-chez-les-etres-vivants\/activite-1\/conclusion\/","title":{"rendered":"Conclusion"},"content":{"rendered":"\n<div class=\"wp-block-themeisle-blocks-advanced-columns has-1-columns has-desktop-equal-layout has-tablet-equal-layout has-mobile-equal-layout has-default-gap has-vertical-unset\" id=\"wp-block-themeisle-blocks-advanced-columns-29879b09\" style=\"border-width:0px;border-style:solid;border-color:#000000;border-radius:0px;justify-content:unset\"><div class=\"wp-themeisle-block-overlay\" style=\"opacity:0.5;mix-blend-mode:normal\"><\/div><div class=\"innerblocks-wrap\">\n<div class=\"wp-block-themeisle-blocks-advanced-column\" id=\"wp-block-themeisle-blocks-advanced-column-48d87405\" style=\"border-width:0px;border-style:solid;border-color:#000000;border-radius:0px\">\n<p class=\"has-text-color has-luminous-vivid-orange-color\"><strong>Nutrition&nbsp;<\/strong>: Ensemble des processus d&rsquo;assimilation et de d\u00e9gradation\ndes aliments qui ont lieu dans un organisme, lui permettant d&rsquo;assurer ses\nfonctions essentielles et de cro\u00eetre.<\/p>\n\n\n\n<p class=\"has-text-color has-drop-cap has-vivid-red-color\">Il existe une\ndiversit\u00e9 de r\u00e9gimes alimentaires&nbsp;: les zoophages (= carnivores dont le\nr\u00e9gime alimentaire est constitu\u00e9 de substances d\u2019origine animale), les\nomnivores (se nourrissant de v\u00e9g\u00e9taux et d\u2019animaux) et les phytophages (=herbivores\nse nourrissant de v\u00e9g\u00e9taux).<\/p>\n\n\n\n<p class=\"has-text-color has-vivid-red-color\">Les aliments\nconsomm\u00e9s sont d\u00e9coup\u00e9s en nutriments gr\u00e2ce \u00e0 des sucs digestifs.<\/p>\n\n\n\n<p class=\"has-text-color has-vivid-red-color\">Les nutriments sont transport\u00e9s aux cellules par les vaisseaux sanguins.<\/p>\n\n\n\n<div class=\"wp-block-image\"><figure class=\"aligncenter size-large\"><img loading=\"lazy\" decoding=\"async\" width=\"1024\" height=\"692\" src=\"http:\/\/evoluscience.fr\/wp-content\/uploads\/2020\/02\/image-31-1024x692.png\" alt=\"\" class=\"wp-image-3300\" srcset=\"https:\/\/www.evoluscience.fr\/wp-content\/uploads\/2020\/02\/image-31-1024x692.png 1024w, https:\/\/www.evoluscience.fr\/wp-content\/uploads\/2020\/02\/image-31-300x203.png 300w, https:\/\/www.evoluscience.fr\/wp-content\/uploads\/2020\/02\/image-31-768x519.png 768w, https:\/\/www.evoluscience.fr\/wp-content\/uploads\/2020\/02\/image-31-520x351.png 520w, https:\/\/www.evoluscience.fr\/wp-content\/uploads\/2020\/02\/image-31-740x500.png 740w, https:\/\/www.evoluscience.fr\/wp-content\/uploads\/2020\/02\/image-31.png 1146w\" sizes=\"auto, (max-width: 1024px) 100vw, 1024px\" \/><\/figure><\/div>\n<\/div>\n<\/div><\/div>\n","protected":false},"excerpt":{"rendered":"","protected":false},"author":1,"featured_media":0,"parent":1512,"menu_order":0,"comment_status":"closed","ping_status":"closed","template":"","meta":{"_monsterinsights_skip_tracking":false,"_monsterinsights_sitenote_active":false,"_monsterinsights_sitenote_note":"","_monsterinsights_sitenote_category":0,"_themeisle_gutenberg_block_has_review":false,"footnotes":""},"class_list":["post-1517","page","type-page","status-publish","hentry"],"_links":{"self":[{"href":"https:\/\/www.evoluscience.fr\/index.php\/wp-json\/wp\/v2\/pages\/1517","targetHints":{"allow":["GET"]}}],"collection":[{"href":"https:\/\/www.evoluscience.fr\/index.php\/wp-json\/wp\/v2\/pages"}],"about":[{"href":"https:\/\/www.evoluscience.fr\/index.php\/wp-json\/wp\/v2\/types\/page"}],"author":[{"embeddable":true,"href":"https:\/\/www.evoluscience.fr\/index.php\/wp-json\/wp\/v2\/users\/1"}],"replies":[{"embeddable":true,"href":"https:\/\/www.evoluscience.fr\/index.php\/wp-json\/wp\/v2\/comments?post=1517"}],"version-history":[{"count":0,"href":"https:\/\/www.evoluscience.fr\/index.php\/wp-json\/wp\/v2\/pages\/1517\/revisions"}],"up":[{"embeddable":true,"href":"https:\/\/www.evoluscience.fr\/index.php\/wp-json\/wp\/v2\/pages\/1512"}],"wp:attachment":[{"href":"https:\/\/www.evoluscience.fr\/index.php\/wp-json\/wp\/v2\/media?parent=1517"}],"curies":[{"name":"wp","href":"https:\/\/api.w.org\/{rel}","templated":true}]}}