{"id":1512,"date":"2019-10-03T11:24:26","date_gmt":"2019-10-03T09:24:26","guid":{"rendered":"http:\/\/evoluscience.fr\/?page_id=1512"},"modified":"2025-03-17T21:54:42","modified_gmt":"2025-03-17T20:54:42","slug":"activite-1","status":"publish","type":"page","link":"https:\/\/www.evoluscience.fr\/index.php\/cycle-4\/cinquieme\/5e-le-vivant\/chapitre-2-la-nutrition-chez-les-etres-vivants\/activite-1\/","title":{"rendered":"Activit\u00e9 1"},"content":{"rendered":"\n<div id=\"wp-block-themeisle-blocks-advanced-columns-4b1380ea\" class=\"wp-block-themeisle-blocks-advanced-columns has-1-columns has-desktop-equal-layout has-tablet-equal-layout has-mobile-equal-layout has-vertical-unset\"><div class=\"wp-block-themeisle-blocks-advanced-columns-overlay\"><\/div><div class=\"innerblocks-wrap\">\n<div id=\"wp-block-themeisle-blocks-advanced-column-b3fb51a1\" class=\"wp-block-themeisle-blocks-advanced-column\">\n<p class=\"has-vivid-red-color has-text-color has-large-font-size\">I. <strong>La nutrition dans le monde animal<\/strong><\/p>\n\n\n\n<div style=\"height:41px\" aria-hidden=\"true\" class=\"wp-block-spacer\"><\/div>\n\n\n\n<p class=\"has-vivid-green-cyan-color has-text-color\">Comment\nles nutriments sont-ils form\u00e9s pour permettre le fonctionnement des\ncellules&nbsp; chez les animaux&nbsp;?<\/p>\n\n\n\n<div style=\"height:38px\" aria-hidden=\"true\" class=\"wp-block-spacer\"><\/div>\n\n\n\n<p class=\"has-background\" style=\"background-color:#fde8bf\">Activit\u00e9&nbsp;1: A partir de documents, comparer les diff\u00e9rents syst\u00e8mes digestifs permettant de produire des nutriments sous forme d\u2019un tableau.<\/p>\n\n\n\n<div style=\"height:61px\" aria-hidden=\"true\" class=\"wp-block-spacer\"><\/div>\n\n\n\n<p>Comp\u00e9tences travaill\u00e9es&nbsp;:<\/p>\n\n\n\n<ul class=\"wp-block-list\">\n<li>Traiter des donn\u00e9es sous forme de tableau<\/li>\n<\/ul>\n\n\n\n<ul class=\"wp-block-list\">\n<li>R\u00e9aliser une \u00e9tude de documents<\/li>\n<\/ul>\n\n\n\n<div class=\"_df_book df-lite\" id=\"df_11546\"  _slug=\"5-pv-chp2act1-atelier-a-2\" data-title=\"5-pv-chp2act1-atelier-a\" wpoptions=\"true\" thumbtype=\"\" ><\/div><script class=\"df-shortcode-script\" nowprocket type=\"application\/javascript\">window.option_df_11546 = {\"outline\":[],\"autoEnableOutline\":\"false\",\"autoEnableThumbnail\":\"false\",\"overwritePDFOutline\":\"false\",\"enableDownload\":\"false\",\"direction\":\"1\",\"pageSize\":\"0\",\"soundEnable\":\"false\",\"autoPlay\":\"false\",\"source\":\"https:\\\/\\\/www.evoluscience.fr\\\/wp-content\\\/uploads\\\/2023\\\/02\\\/5-PV-Chp2Act1-Atelier-A.pdf\",\"wpOptions\":\"true\"}; if(window.DFLIP && window.DFLIP.parseBooks){window.DFLIP.parseBooks();}<\/script>\n\n\n\n<div class=\"_df_book df-lite\" id=\"df_11548\"  _slug=\"5-pv-chp2act1-atelier-b-2\" data-title=\"5-pv-chp2act1-atelier-b\" wpoptions=\"true\" thumbtype=\"\" ><\/div><script class=\"df-shortcode-script\" nowprocket type=\"application\/javascript\">window.option_df_11548 = {\"outline\":[],\"autoEnableOutline\":\"false\",\"autoEnableThumbnail\":\"false\",\"overwritePDFOutline\":\"false\",\"enableDownload\":\"false\",\"direction\":\"1\",\"pageSize\":\"0\",\"soundEnable\":\"false\",\"autoPlay\":\"false\",\"source\":\"https:\\\/\\\/www.evoluscience.fr\\\/wp-content\\\/uploads\\\/2023\\\/02\\\/5-PV-Chp2Act1-Atelier-B.pdf\",\"wpOptions\":\"true\"}; if(window.DFLIP && window.DFLIP.parseBooks){window.DFLIP.parseBooks();}<\/script>\n\n\n\n<div class=\"_df_book df-lite\" id=\"df_11550\"  _slug=\"5-pv-chp2act1-atelier-c\" data-title=\"5-pv-chp2act1-atelier-c\" wpoptions=\"true\" thumbtype=\"\" ><\/div><script class=\"df-shortcode-script\" nowprocket type=\"application\/javascript\">window.option_df_11550 = {\"outline\":[],\"autoEnableOutline\":\"false\",\"autoEnableThumbnail\":\"false\",\"overwritePDFOutline\":\"false\",\"enableDownload\":\"false\",\"direction\":\"1\",\"pageSize\":\"0\",\"soundEnable\":\"false\",\"autoPlay\":\"false\",\"source\":\"https:\\\/\\\/www.evoluscience.fr\\\/wp-content\\\/uploads\\\/2023\\\/02\\\/5-PV-Chp2Act1-Atelier-C.pdf\",\"wpOptions\":\"true\"}; if(window.DFLIP && window.DFLIP.parseBooks){window.DFLIP.parseBooks();}<\/script>\n\n\n\n<div style=\"height:55px\" aria-hidden=\"true\" class=\"wp-block-spacer\"><\/div>\n\n\n\n<div style=\"height:61px\" aria-hidden=\"true\" class=\"wp-block-spacer\"><\/div>\n\n\n<div class=\"wp-block-image\">\n<figure class=\"aligncenter is-resized\"><a href=\"http:\/\/evoluscience.fr\/index.php\/cycle-4\/cinquieme\/5e-le-vivant\/chapitre-2-la-nutrition-chez-les-etres-vivants\/activite-1\/conclusion\/\" target=\"_blank\" rel=\"noreferrer noopener\"><img loading=\"lazy\" decoding=\"async\" width=\"538\" height=\"538\" src=\"http:\/\/evoluscience.fr\/wp-content\/uploads\/2019\/09\/conclusion.png\" alt=\"\" class=\"wp-image-370\" style=\"width:316px;height:316px\" srcset=\"https:\/\/www.evoluscience.fr\/wp-content\/uploads\/2019\/09\/conclusion.png 538w, https:\/\/www.evoluscience.fr\/wp-content\/uploads\/2019\/09\/conclusion-150x150.png 150w, https:\/\/www.evoluscience.fr\/wp-content\/uploads\/2019\/09\/conclusion-300x300.png 300w, https:\/\/www.evoluscience.fr\/wp-content\/uploads\/2019\/09\/conclusion-520x520.png 520w\" sizes=\"auto, (max-width: 538px) 100vw, 538px\" \/><\/a><\/figure>\n<\/div>\n\n<div class=\"wp-block-image\">\n<figure class=\"aligncenter size-large is-resized\"><a href=\"http:\/\/evoluscience.fr\/index.php\/cycle-4\/cinquieme\/5e-le-vivant\/chapitre-2-la-nutrition-chez-les-etres-vivants\/activite-1\/devoir\/\" target=\"_blank\" rel=\"noreferrer noopener\"><img loading=\"lazy\" decoding=\"async\" width=\"538\" height=\"538\" src=\"http:\/\/evoluscience.fr\/wp-content\/uploads\/2019\/09\/devoirs.png\" alt=\"\" class=\"wp-image-428\" style=\"width:300px;height:300px\" srcset=\"https:\/\/www.evoluscience.fr\/wp-content\/uploads\/2019\/09\/devoirs.png 538w, https:\/\/www.evoluscience.fr\/wp-content\/uploads\/2019\/09\/devoirs-150x150.png 150w, https:\/\/www.evoluscience.fr\/wp-content\/uploads\/2019\/09\/devoirs-300x300.png 300w, https:\/\/www.evoluscience.fr\/wp-content\/uploads\/2019\/09\/devoirs-520x520.png 520w\" sizes=\"auto, (max-width: 538px) 100vw, 538px\" \/><\/a><\/figure>\n<\/div>\n\n<div class=\"wp-block-image\">\n<figure class=\"aligncenter is-resized\"><a href=\"http:\/\/evoluscience.fr\/index.php\/cycle-4\/cinquieme-2\/5e-le-vivant\/chapitre-2-la-nutrition-chez-les-etres-vivants\/activite-1\/bonus\/\" target=\"_blank\" rel=\"noreferrer noopener\"><img loading=\"lazy\" decoding=\"async\" width=\"538\" height=\"538\" src=\"http:\/\/evoluscience.fr\/wp-content\/uploads\/2019\/09\/bonus-1.png\" alt=\"\" class=\"wp-image-372\" style=\"width:318px;height:318px\" srcset=\"https:\/\/www.evoluscience.fr\/wp-content\/uploads\/2019\/09\/bonus-1.png 538w, https:\/\/www.evoluscience.fr\/wp-content\/uploads\/2019\/09\/bonus-1-150x150.png 150w, https:\/\/www.evoluscience.fr\/wp-content\/uploads\/2019\/09\/bonus-1-300x300.png 300w, https:\/\/www.evoluscience.fr\/wp-content\/uploads\/2019\/09\/bonus-1-520x520.png 520w\" sizes=\"auto, (max-width: 538px) 100vw, 538px\" \/><\/a><\/figure>\n<\/div>\n\n<div class=\"wp-block-image\">\n<figure class=\"aligncenter size-large is-resized\"><a href=\"https:\/\/evoluscience.fr\/wp-content\/uploads\/2020\/03\/5-PV-Chp2Act1-FC.pdf\" target=\"_blank\" rel=\"noopener noreferrer\"><img loading=\"lazy\" decoding=\"async\" width=\"735\" height=\"735\" src=\"https:\/\/evoluscience.fr\/wp-content\/uploads\/2020\/03\/pjiece_jointe-1.png\" alt=\"\" class=\"wp-image-4366\" style=\"width:304px;height:304px\" srcset=\"https:\/\/www.evoluscience.fr\/wp-content\/uploads\/2020\/03\/pjiece_jointe-1.png 735w, https:\/\/www.evoluscience.fr\/wp-content\/uploads\/2020\/03\/pjiece_jointe-1-300x300.png 300w, https:\/\/www.evoluscience.fr\/wp-content\/uploads\/2020\/03\/pjiece_jointe-1-150x150.png 150w, https:\/\/www.evoluscience.fr\/wp-content\/uploads\/2020\/03\/pjiece_jointe-1-520x520.png 520w\" sizes=\"auto, (max-width: 735px) 100vw, 735px\" \/><\/a><\/figure>\n<\/div><\/div>\n<\/div><\/div>\n","protected":false},"excerpt":{"rendered":"","protected":false},"author":1,"featured_media":0,"parent":1508,"menu_order":0,"comment_status":"closed","ping_status":"closed","template":"","meta":{"_monsterinsights_skip_tracking":false,"_monsterinsights_sitenote_active":false,"_monsterinsights_sitenote_note":"","_monsterinsights_sitenote_category":0,"_themeisle_gutenberg_block_has_review":false,"footnotes":""},"class_list":["post-1512","page","type-page","status-publish","hentry"],"_links":{"self":[{"href":"https:\/\/www.evoluscience.fr\/index.php\/wp-json\/wp\/v2\/pages\/1512","targetHints":{"allow":["GET"]}}],"collection":[{"href":"https:\/\/www.evoluscience.fr\/index.php\/wp-json\/wp\/v2\/pages"}],"about":[{"href":"https:\/\/www.evoluscience.fr\/index.php\/wp-json\/wp\/v2\/types\/page"}],"author":[{"embeddable":true,"href":"https:\/\/www.evoluscience.fr\/index.php\/wp-json\/wp\/v2\/users\/1"}],"replies":[{"embeddable":true,"href":"https:\/\/www.evoluscience.fr\/index.php\/wp-json\/wp\/v2\/comments?post=1512"}],"version-history":[{"count":0,"href":"https:\/\/www.evoluscience.fr\/index.php\/wp-json\/wp\/v2\/pages\/1512\/revisions"}],"up":[{"embeddable":true,"href":"https:\/\/www.evoluscience.fr\/index.php\/wp-json\/wp\/v2\/pages\/1508"}],"wp:attachment":[{"href":"https:\/\/www.evoluscience.fr\/index.php\/wp-json\/wp\/v2\/media?parent=1512"}],"curies":[{"name":"wp","href":"https:\/\/api.w.org\/{rel}","templated":true}]}}