{"id":1508,"date":"2019-10-03T11:12:43","date_gmt":"2019-10-03T09:12:43","guid":{"rendered":"http:\/\/evoluscience.fr\/?page_id=1508"},"modified":"2020-02-18T11:56:18","modified_gmt":"2020-02-18T10:56:18","slug":"chapitre-2-la-nutrition-chez-les-etres-vivants","status":"publish","type":"page","link":"https:\/\/www.evoluscience.fr\/index.php\/cycle-4\/cinquieme\/5e-le-vivant\/chapitre-2-la-nutrition-chez-les-etres-vivants\/","title":{"rendered":"Chapitre 2 &#8211; La nutrition chez les \u00eatres vivants"},"content":{"rendered":"\n<div class=\"wp-block-themeisle-blocks-advanced-columns has-1-columns has-desktop-equal-layout has-tablet-equal-layout has-mobile-equal-layout has-default-gap has-vertical-unset\" id=\"wp-block-themeisle-blocks-advanced-columns-ff97c850\" style=\"border-width:0px;border-style:solid;border-color:#000000;border-radius:0px;justify-content:unset\"><div class=\"wp-themeisle-block-overlay\" style=\"opacity:0.5;mix-blend-mode:normal\"><\/div><div class=\"innerblocks-wrap\">\n<div class=\"wp-block-themeisle-blocks-advanced-column\" id=\"wp-block-themeisle-blocks-advanced-column-0a092188\" style=\"border-width:0px;border-style:solid;border-color:#000000;border-radius:0px\">\n<div style=\"height:59px\" aria-hidden=\"true\" class=\"wp-block-spacer\"><\/div>\n\n\n\n<p class=\"has-drop-cap\"><em>No\u00e9mie ne s\u2019attendait pas \u00e0 une\ntelle vari\u00e9t\u00e9 de syst\u00e8mes respiratoires dans le monde vivant. Elle est toute\nabasourdie et se demandent s\u2019il existe une telle vari\u00e9t\u00e9 de syst\u00e8mes concernant\nla nutrition.<\/em><\/p>\n\n\n\n<div style=\"height:32px\" aria-hidden=\"true\" class=\"wp-block-spacer\"><\/div>\n\n\n\n<p class=\"has-text-color has-vivid-green-cyan-color\">D\u2019o\u00f9 viennent les nutriments n\u00e9cessaires au fonctionnement des cellules&nbsp;?<\/p>\n\n\n\n<div style=\"height:100px\" aria-hidden=\"true\" class=\"wp-block-spacer\"><\/div>\n\n\n\n<p><a href=\"http:\/\/evoluscience.fr\/index.php\/cycle-4\/cinquieme\/5e-le-vivant\/chapitre-2-la-nutrition-chez-les-etres-vivants\/activite-1\/\">Activit\u00e9 1 &#8211; Comment les nutriments sont-ils form\u00e9s pour permettre le fonctionnement des cellules&nbsp; chez les animaux&nbsp;?<\/a><\/p>\n\n\n\n<p><a href=\"http:\/\/evoluscience.fr\/index.php\/cycle-4\/cinquieme\/5e-le-vivant\/chapitre-2-la-nutrition-chez-les-etres-vivants\/activite-2\/\">Activit\u00e9 2 &#8211; Comment les \u00e9l\u00e9ments nutritifs sont-ils capt\u00e9s ou form\u00e9s pour permettre le fonctionnement des cellules&nbsp; chez les v\u00e9g\u00e9taux&nbsp;?<\/a><\/p>\n\n\n\n<p><a href=\"http:\/\/evoluscience.fr\/index.php\/cycle-4\/cinquieme\/5e-le-vivant\/chapitre-2-la-nutrition-chez-les-etres-vivants\/activite-3\/\">Activit\u00e9 3 &#8211; Comment les \u00e9l\u00e9ments nutritifs sont-ils transport\u00e9s chez les v\u00e9g\u00e9taux\u00a0?<\/a><\/p>\n<\/div>\n<\/div><\/div>\n","protected":false},"excerpt":{"rendered":"","protected":false},"author":1,"featured_media":0,"parent":1360,"menu_order":3,"comment_status":"closed","ping_status":"closed","template":"","meta":{"_monsterinsights_skip_tracking":false,"_monsterinsights_sitenote_active":false,"_monsterinsights_sitenote_note":"","_monsterinsights_sitenote_category":0,"_themeisle_gutenberg_block_has_review":false,"footnotes":""},"class_list":["post-1508","page","type-page","status-publish","hentry"],"_links":{"self":[{"href":"https:\/\/www.evoluscience.fr\/index.php\/wp-json\/wp\/v2\/pages\/1508","targetHints":{"allow":["GET"]}}],"collection":[{"href":"https:\/\/www.evoluscience.fr\/index.php\/wp-json\/wp\/v2\/pages"}],"about":[{"href":"https:\/\/www.evoluscience.fr\/index.php\/wp-json\/wp\/v2\/types\/page"}],"author":[{"embeddable":true,"href":"https:\/\/www.evoluscience.fr\/index.php\/wp-json\/wp\/v2\/users\/1"}],"replies":[{"embeddable":true,"href":"https:\/\/www.evoluscience.fr\/index.php\/wp-json\/wp\/v2\/comments?post=1508"}],"version-history":[{"count":0,"href":"https:\/\/www.evoluscience.fr\/index.php\/wp-json\/wp\/v2\/pages\/1508\/revisions"}],"up":[{"embeddable":true,"href":"https:\/\/www.evoluscience.fr\/index.php\/wp-json\/wp\/v2\/pages\/1360"}],"wp:attachment":[{"href":"https:\/\/www.evoluscience.fr\/index.php\/wp-json\/wp\/v2\/media?parent=1508"}],"curies":[{"name":"wp","href":"https:\/\/api.w.org\/{rel}","templated":true}]}}