{"id":14824,"date":"2026-04-29T20:52:02","date_gmt":"2026-04-29T18:52:02","guid":{"rendered":"https:\/\/www.evoluscience.fr\/?page_id=14824"},"modified":"2026-05-11T10:34:01","modified_gmt":"2026-05-11T08:34:01","slug":"activite-2","status":"publish","type":"page","link":"https:\/\/www.evoluscience.fr\/index.php\/sixieme\/partie-3\/chapitre-3-lhomme-et-les-consequences-de-ses-actions-sur-lenvironnement\/activite-2\/","title":{"rendered":"Activit\u00e9 2"},"content":{"rendered":"\n<p class=\"has-vivid-green-cyan-color has-text-color has-link-color wp-elements-14eb61253e782ce3469942b1e5a041bd\">Quelles actions peut-on r\u00e9aliser pour soutenir le d\u00e9veloppement durable&nbsp;?<\/p>\n\n\n\n<p class=\"has-background\" style=\"background-color:#fabc90\"> Activit\u00e9 2&nbsp;:&nbsp; Les actions pour soutenir le d\u00e9veloppement durable<\/p>\n\n\n\n<div style=\"height:35px\" aria-hidden=\"true\" class=\"wp-block-spacer\"><\/div>\n\n\n\n<p><em>Comp\u00e9tences travaill\u00e9es&nbsp;:<\/em><\/p>\n\n\n\n<ul class=\"wp-block-list\">\n<li><em>Utiliser des mots-cl\u00e9s pour r\u00e9aliser une recherche sur internet<\/em><\/li>\n<\/ul>\n\n\n\n<ul class=\"wp-block-list\">\n<li><em>D\u00e9velopper l\u2019esprit critique<\/em><\/li>\n<\/ul>\n\n\n\n<ul class=\"wp-block-list\">\n<li><em>Se sensibiliser \u00e0 l\u2019action sur l\u2019environnement<\/em><\/li>\n<\/ul>\n\n\n\n<ul class=\"wp-block-list\">\n<li><em>Pr\u00e9senter \u00e0 l\u2019oral<\/em><\/li>\n<\/ul>\n\n\n\n<div style=\"height:100px\" aria-hidden=\"true\" class=\"wp-block-spacer\"><\/div>\n\n\n\n<p><\/p>\n\n\n\n<p>En septembre 2015, les \u00c9tats membres de l\u2019ONU ont adopt\u00e9 le programme de d\u00e9veloppement durable&nbsp;Agenda 2030. <\/p>\n\n\n\n<figure class=\"wp-block-video\"><video height=\"1080\" style=\"aspect-ratio: 1920 \/ 1080;\" width=\"1920\" controls poster=\"https:\/\/www.evoluscience.fr\/wp-content\/uploads\/2026\/04\/LONU-Sommet-sur-le-developpement-durable-17-objectifs-pour-transformer-notre-monde-mp4-image.jpg\" src=\"https:\/\/www.evoluscience.fr\/wp-content\/uploads\/2026\/04\/LONU-Sommet-sur-le-developpement-durable-17-objectifs-pour-transformer-notre-monde.mp4\"><\/video><\/figure>\n\n\n\n<p class=\"has-small-font-size\">Source : <a href=\"https:\/\/www.youtube.com\/watch?v=RiTUmcvVk-E&amp;t=205s\">https:\/\/www.youtube.com\/watch?v=RiTUmcvVk-E&amp;t=205s<\/a><\/p>\n\n\n\n<div style=\"height:41px\" aria-hidden=\"true\" class=\"wp-block-spacer\"><\/div>\n\n\n\n<p>Ce plan d\u2019action s\u2019articule autour de 17 objectifs&nbsp;de d\u00e9veloppement durable qui doivent r\u00e9pondre, d\u2019ici 2030, aux principaux d\u00e9fis mondiaux. &nbsp; <\/p>\n\n\n\n<figure class=\"wp-block-video\"><video height=\"1080\" style=\"aspect-ratio: 1920 \/ 1080;\" width=\"1920\" controls src=\"https:\/\/www.evoluscience.fr\/wp-content\/uploads\/2026\/04\/Les-Objectifs-de-Developpement-Durable-ODD-expliques-EN-1-MINUTE.mp4\"><\/video><\/figure>\n\n\n\n<p class=\"has-small-font-size\">Source : <a href=\"https:\/\/www.youtube.com\/watch?v=HM6vaHoJyWY\">https:\/\/www.youtube.com\/watch?v=HM6vaHoJyWY<\/a><\/p>\n\n\n\n<div style=\"height:60px\" aria-hidden=\"true\" class=\"wp-block-spacer\"><\/div>\n\n\n\n<p>Par groupe de 3, choisir un des 17 ODD (Objectifs de D\u00e9veloppement Durable) pour r\u00e9aliser un expos\u00e9 (et une affiche) expliquant les actions possibles \u00e0 diff\u00e9rentes \u00e9chelles (\u00e9chelle d\u2019un pays, d\u2019une entreprise, d\u2019une personne) concernant l\u2019ODD choisi pour soutenir le d\u00e9veloppement durable.<\/p>\n\n\n\n<figure class=\"wp-block-image size-large\"><img loading=\"lazy\" decoding=\"async\" width=\"1024\" height=\"791\" src=\"https:\/\/www.evoluscience.fr\/wp-content\/uploads\/2026\/05\/image-1024x791.png\" alt=\"\" class=\"wp-image-15203\" srcset=\"https:\/\/www.evoluscience.fr\/wp-content\/uploads\/2026\/05\/image-1024x791.png 1024w, https:\/\/www.evoluscience.fr\/wp-content\/uploads\/2026\/05\/image-300x232.png 300w, https:\/\/www.evoluscience.fr\/wp-content\/uploads\/2026\/05\/image-768x593.png 768w, https:\/\/www.evoluscience.fr\/wp-content\/uploads\/2026\/05\/image-1536x1187.png 1536w, https:\/\/www.evoluscience.fr\/wp-content\/uploads\/2026\/05\/image-520x402.png 520w, https:\/\/www.evoluscience.fr\/wp-content\/uploads\/2026\/05\/image-740x572.png 740w, https:\/\/www.evoluscience.fr\/wp-content\/uploads\/2026\/05\/image.png 1650w\" sizes=\"auto, (max-width: 1024px) 100vw, 1024px\" \/><\/figure>\n\n\n<div class=\"wp-block-image\">\n<figure class=\"aligncenter size-full\"><img loading=\"lazy\" decoding=\"async\" width=\"684\" height=\"811\" src=\"https:\/\/www.evoluscience.fr\/wp-content\/uploads\/2026\/05\/image-1.png\" alt=\"\" class=\"wp-image-15218\" srcset=\"https:\/\/www.evoluscience.fr\/wp-content\/uploads\/2026\/05\/image-1.png 684w, https:\/\/www.evoluscience.fr\/wp-content\/uploads\/2026\/05\/image-1-253x300.png 253w, https:\/\/www.evoluscience.fr\/wp-content\/uploads\/2026\/05\/image-1-520x617.png 520w\" sizes=\"auto, (max-width: 684px) 100vw, 684px\" \/><\/figure>\n<\/div>\n\n<div class=\"wp-block-image\">\n<figure class=\"aligncenter size-full\"><img loading=\"lazy\" decoding=\"async\" width=\"688\" height=\"759\" src=\"https:\/\/www.evoluscience.fr\/wp-content\/uploads\/2026\/05\/image-2.png\" alt=\"\" class=\"wp-image-15219\" srcset=\"https:\/\/www.evoluscience.fr\/wp-content\/uploads\/2026\/05\/image-2.png 688w, https:\/\/www.evoluscience.fr\/wp-content\/uploads\/2026\/05\/image-2-272x300.png 272w, https:\/\/www.evoluscience.fr\/wp-content\/uploads\/2026\/05\/image-2-520x574.png 520w\" sizes=\"auto, (max-width: 688px) 100vw, 688px\" \/><\/figure>\n<\/div>\n\n\n<p><\/p>\n\n\n\n<p><\/p>\n\n\n\n<div style=\"height:57px\" aria-hidden=\"true\" class=\"wp-block-spacer\"><\/div>\n\n\n\n<p>Lors des expos\u00e9s de vos camarades, compl\u00e9ter le tableau pour garder une trace des actions possibles selon les ODD.<\/p>\n\n\n\n<div style=\"height:100px\" aria-hidden=\"true\" class=\"wp-block-spacer\"><\/div>\n\n\n<div class=\"wp-block-image\">\n<figure class=\"aligncenter size-full is-resized\"><a href=\"https:\/\/www.evoluscience.fr\/index.php\/sixieme\/partie-3\/chapitre-3-lhomme-et-les-consequences-de-ses-actions-sur-lenvironnement\/activite-2\/conclusion\/\" target=\"_blank\" rel=\" noreferrer noopener\"><img loading=\"lazy\" decoding=\"async\" width=\"538\" height=\"538\" src=\"https:\/\/www.evoluscience.fr\/wp-content\/uploads\/2019\/09\/conclusion.png\" alt=\"\" class=\"wp-image-370\" style=\"width:362px;height:auto\" srcset=\"https:\/\/www.evoluscience.fr\/wp-content\/uploads\/2019\/09\/conclusion.png 538w, https:\/\/www.evoluscience.fr\/wp-content\/uploads\/2019\/09\/conclusion-150x150.png 150w, https:\/\/www.evoluscience.fr\/wp-content\/uploads\/2019\/09\/conclusion-300x300.png 300w, https:\/\/www.evoluscience.fr\/wp-content\/uploads\/2019\/09\/conclusion-520x520.png 520w\" sizes=\"auto, (max-width: 538px) 100vw, 538px\" \/><\/a><\/figure>\n<\/div>\n\n<div class=\"wp-block-image\">\n<figure class=\"aligncenter size-full is-resized\"><a href=\"https:\/\/www.evoluscience.fr\/index.php\/sixieme\/partie-3\/chapitre-3-lhomme-et-les-consequences-de-ses-actions-sur-lenvironnement\/activite-2\/devoir\/\" target=\"_blank\" rel=\" noreferrer noopener\"><img loading=\"lazy\" decoding=\"async\" width=\"538\" height=\"538\" src=\"https:\/\/www.evoluscience.fr\/wp-content\/uploads\/2019\/09\/devoirs.png\" alt=\"\" class=\"wp-image-428\" style=\"width:386px;height:auto\" srcset=\"https:\/\/www.evoluscience.fr\/wp-content\/uploads\/2019\/09\/devoirs.png 538w, https:\/\/www.evoluscience.fr\/wp-content\/uploads\/2019\/09\/devoirs-150x150.png 150w, https:\/\/www.evoluscience.fr\/wp-content\/uploads\/2019\/09\/devoirs-300x300.png 300w, https:\/\/www.evoluscience.fr\/wp-content\/uploads\/2019\/09\/devoirs-520x520.png 520w\" sizes=\"auto, (max-width: 538px) 100vw, 538px\" \/><\/a><\/figure>\n<\/div>\n\n<div class=\"wp-block-image\">\n<figure class=\"aligncenter size-full is-resized\"><a href=\"https:\/\/www.evoluscience.fr\/wp-content\/uploads\/2026\/05\/6-P3-Chp3Act2-FC.pdf\" target=\"_blank\" rel=\" noreferrer noopener\"><img loading=\"lazy\" decoding=\"async\" width=\"735\" height=\"735\" src=\"https:\/\/www.evoluscience.fr\/wp-content\/uploads\/2020\/03\/pjiece_jointe-1.png\" alt=\"\" class=\"wp-image-4366\" style=\"width:423px;height:auto\" srcset=\"https:\/\/www.evoluscience.fr\/wp-content\/uploads\/2020\/03\/pjiece_jointe-1.png 735w, https:\/\/www.evoluscience.fr\/wp-content\/uploads\/2020\/03\/pjiece_jointe-1-300x300.png 300w, https:\/\/www.evoluscience.fr\/wp-content\/uploads\/2020\/03\/pjiece_jointe-1-150x150.png 150w, https:\/\/www.evoluscience.fr\/wp-content\/uploads\/2020\/03\/pjiece_jointe-1-520x520.png 520w\" sizes=\"auto, (max-width: 735px) 100vw, 735px\" \/><\/a><\/figure>\n<\/div>\n\n\n<p><\/p>\n\n\n\n<p><\/p>\n\n\n\n<p><\/p>\n","protected":false},"excerpt":{"rendered":"<p>Quelles actions peut-on r\u00e9aliser pour soutenir le d\u00e9veloppement durable&nbsp;? Activit\u00e9 2&nbsp;:&nbsp; Les actions pour soutenir le d\u00e9veloppement durable Comp\u00e9tences travaill\u00e9es&nbsp;: En septembre 2015, les \u00c9tats membres de l\u2019ONU ont adopt\u00e9 le programme de d\u00e9veloppement durable&nbsp;Agenda<a class=\"read-more\" href=\"https:\/\/www.evoluscience.fr\/index.php\/sixieme\/partie-3\/chapitre-3-lhomme-et-les-consequences-de-ses-actions-sur-lenvironnement\/activite-2\/\">Continue reading<\/a><\/p>\n","protected":false},"author":1,"featured_media":0,"parent":14804,"menu_order":2,"comment_status":"closed","ping_status":"closed","template":"","meta":{"_monsterinsights_skip_tracking":false,"_monsterinsights_sitenote_active":false,"_monsterinsights_sitenote_note":"","_monsterinsights_sitenote_category":0,"_themeisle_gutenberg_block_has_review":false,"footnotes":""},"class_list":["post-14824","page","type-page","status-publish","hentry"],"_links":{"self":[{"href":"https:\/\/www.evoluscience.fr\/index.php\/wp-json\/wp\/v2\/pages\/14824","targetHints":{"allow":["GET"]}}],"collection":[{"href":"https:\/\/www.evoluscience.fr\/index.php\/wp-json\/wp\/v2\/pages"}],"about":[{"href":"https:\/\/www.evoluscience.fr\/index.php\/wp-json\/wp\/v2\/types\/page"}],"author":[{"embeddable":true,"href":"https:\/\/www.evoluscience.fr\/index.php\/wp-json\/wp\/v2\/users\/1"}],"replies":[{"embeddable":true,"href":"https:\/\/www.evoluscience.fr\/index.php\/wp-json\/wp\/v2\/comments?post=14824"}],"version-history":[{"count":0,"href":"https:\/\/www.evoluscience.fr\/index.php\/wp-json\/wp\/v2\/pages\/14824\/revisions"}],"up":[{"embeddable":true,"href":"https:\/\/www.evoluscience.fr\/index.php\/wp-json\/wp\/v2\/pages\/14804"}],"wp:attachment":[{"href":"https:\/\/www.evoluscience.fr\/index.php\/wp-json\/wp\/v2\/media?parent=14824"}],"curies":[{"name":"wp","href":"https:\/\/api.w.org\/{rel}","templated":true}]}}