{"id":1460,"date":"2019-10-01T15:51:21","date_gmt":"2019-10-01T13:51:21","guid":{"rendered":"http:\/\/evoluscience.fr\/?page_id=1460"},"modified":"2025-02-05T21:33:36","modified_gmt":"2025-02-05T20:33:36","slug":"activite-3","status":"publish","type":"page","link":"https:\/\/www.evoluscience.fr\/index.php\/cycle-4\/cinquieme\/5e-le-vivant\/chapitre-1-la-respiration-chez-les-etres-vivants\/activite-3\/","title":{"rendered":"Activit\u00e9 3"},"content":{"rendered":"\n<div id=\"wp-block-themeisle-blocks-advanced-columns-fe3dcb87\" class=\"wp-block-themeisle-blocks-advanced-columns has-1-columns has-desktop-equal-layout has-tablet-equal-layout has-mobile-equal-layout has-vertical-unset\"><div class=\"wp-block-themeisle-blocks-advanced-columns-overlay\"><\/div><div class=\"innerblocks-wrap\">\n<div id=\"wp-block-themeisle-blocks-advanced-column-63377814\" class=\"wp-block-themeisle-blocks-advanced-column\">\n<p class=\"has-vivid-green-cyan-color has-text-color\">Comment\nla respiration chez l\u2019\u00e9lod\u00e9e &nbsp;et celle du\n&nbsp;lapin sont-elles optimis\u00e9es&nbsp;?<\/p>\n\n\n\n<div style=\"height:45px\" aria-hidden=\"true\" class=\"wp-block-spacer\"><\/div>\n\n\n\n<p class=\"has-background\" style=\"background-color:#ffead3\">Activit\u00e9&nbsp;3&nbsp;: A partir de vid\u00e9os et de documents, expliquer comment la respiration de l\u2019\u00e9lod\u00e9e et celle du lapin sont optimis\u00e9es.<\/p>\n\n\n\n<div style=\"height:49px\" aria-hidden=\"true\" class=\"wp-block-spacer\"><\/div>\n\n\n\n<p><em>Comp\u00e9tence travaill\u00e9e&nbsp;:<\/em><\/p>\n\n\n\n<ul class=\"wp-block-list\">\n<li><em>R\u00e9aliser une \u00e9tude de documents<\/em><\/li>\n<\/ul>\n\n\n\n<div style=\"height:61px\" aria-hidden=\"true\" class=\"wp-block-spacer\"><\/div>\n\n\n\n<figure class=\"wp-block-video\"><video controls src=\"https:\/\/www.evoluscience.fr\/wp-content\/uploads\/2025\/02\/Comment-mesurer-la-frequence-respiratoire-chez-le-chien-.mp4\"><\/video><\/figure>\n\n\n\n<p>Source : <a href=\"https:\/\/www.youtube.com\/watch?v=tpys61je2c8\">https:\/\/www.youtube.com\/watch?v=tpys61je2c8<\/a><\/p>\n\n\n\n<div class=\"_df_book df-lite\" id=\"df_10729\"  _slug=\"5-pv-chp1act3-1\" data-title=\"5-pv-chp1act3-1\" wpoptions=\"true\" thumbtype=\"\" ><\/div><script class=\"df-shortcode-script\" nowprocket type=\"application\/javascript\">window.option_df_10729 = {\"outline\":[],\"autoEnableOutline\":\"false\",\"autoEnableThumbnail\":\"false\",\"overwritePDFOutline\":\"false\",\"enableDownload\":\"false\",\"direction\":\"1\",\"pageSize\":\"0\",\"soundEnable\":\"false\",\"autoPlay\":\"false\",\"source\":\"https:\\\/\\\/www.evoluscience.fr\\\/wp-content\\\/uploads\\\/2023\\\/02\\\/5-PV-Chp1Act3-1.pdf\",\"wpOptions\":\"true\"}; if(window.DFLIP && window.DFLIP.parseBooks){window.DFLIP.parseBooks();}<\/script>\n\n\n\n<div style=\"height:62px\" aria-hidden=\"true\" class=\"wp-block-spacer\"><\/div>\n\n\n<div class=\"wp-block-image\">\n<figure class=\"aligncenter is-resized\"><a href=\"http:\/\/evoluscience.fr\/index.php\/cycle-4\/cinquieme\/5e-le-vivant\/chapitre-1-la-respiration-chez-les-etres-vivants\/activite-3\/conclusion\/\" target=\"_blank\" rel=\"noreferrer noopener\"><img loading=\"lazy\" decoding=\"async\" width=\"538\" height=\"538\" src=\"http:\/\/evoluscience.fr\/wp-content\/uploads\/2019\/09\/conclusion.png\" alt=\"\" class=\"wp-image-370\" style=\"width:343px;height:343px\" srcset=\"https:\/\/www.evoluscience.fr\/wp-content\/uploads\/2019\/09\/conclusion.png 538w, https:\/\/www.evoluscience.fr\/wp-content\/uploads\/2019\/09\/conclusion-150x150.png 150w, https:\/\/www.evoluscience.fr\/wp-content\/uploads\/2019\/09\/conclusion-300x300.png 300w, https:\/\/www.evoluscience.fr\/wp-content\/uploads\/2019\/09\/conclusion-520x520.png 520w\" sizes=\"auto, (max-width: 538px) 100vw, 538px\" \/><\/a><\/figure>\n<\/div>\n\n<div class=\"wp-block-image\">\n<figure class=\"aligncenter is-resized\"><a href=\"http:\/\/evoluscience.fr\/index.php\/cycle-4\/cinquieme\/5e-le-vivant\/chapitre-1-la-respiration-chez-les-etres-vivants\/activite-3\/capsule\/\" target=\"_blank\" rel=\"noreferrer noopener\"><img loading=\"lazy\" decoding=\"async\" width=\"538\" height=\"538\" src=\"http:\/\/evoluscience.fr\/wp-content\/uploads\/2019\/09\/capsule.png\" alt=\"\" class=\"wp-image-427\" style=\"width:337px;height:337px\" srcset=\"https:\/\/www.evoluscience.fr\/wp-content\/uploads\/2019\/09\/capsule.png 538w, https:\/\/www.evoluscience.fr\/wp-content\/uploads\/2019\/09\/capsule-150x150.png 150w, https:\/\/www.evoluscience.fr\/wp-content\/uploads\/2019\/09\/capsule-300x300.png 300w, https:\/\/www.evoluscience.fr\/wp-content\/uploads\/2019\/09\/capsule-520x520.png 520w\" sizes=\"auto, (max-width: 538px) 100vw, 538px\" \/><\/a><\/figure>\n<\/div>\n\n<div class=\"wp-block-image\">\n<figure class=\"aligncenter is-resized\"><a href=\"http:\/\/evoluscience.fr\/index.php\/cycle-4\/cinquieme\/5e-le-vivant\/chapitre-1-la-respiration-chez-les-etres-vivants\/activite-3\/learning-apps\/\" target=\"_blank\" rel=\"noreferrer noopener\"><img loading=\"lazy\" decoding=\"async\" width=\"499\" height=\"503\" src=\"http:\/\/evoluscience.fr\/wp-content\/uploads\/2019\/09\/learning-apps.jpg\" alt=\"\" class=\"wp-image-431\" style=\"width:256px;height:257px\" srcset=\"https:\/\/www.evoluscience.fr\/wp-content\/uploads\/2019\/09\/learning-apps.jpg 499w, https:\/\/www.evoluscience.fr\/wp-content\/uploads\/2019\/09\/learning-apps-150x150.jpg 150w, https:\/\/www.evoluscience.fr\/wp-content\/uploads\/2019\/09\/learning-apps-298x300.jpg 298w\" sizes=\"auto, (max-width: 499px) 100vw, 499px\" \/><\/a><\/figure>\n<\/div>\n\n<div class=\"wp-block-image\">\n<figure class=\"aligncenter size-large is-resized\"><a href=\"https:\/\/evoluscience.fr\/wp-content\/uploads\/2020\/03\/5-PV-Chp1Act3-FC.pdf\" target=\"_blank\" rel=\"noopener noreferrer\"><img loading=\"lazy\" decoding=\"async\" width=\"735\" height=\"735\" src=\"https:\/\/evoluscience.fr\/wp-content\/uploads\/2020\/03\/pjiece_jointe-1.png\" alt=\"\" class=\"wp-image-4366\" style=\"width:285px;height:285px\" srcset=\"https:\/\/www.evoluscience.fr\/wp-content\/uploads\/2020\/03\/pjiece_jointe-1.png 735w, https:\/\/www.evoluscience.fr\/wp-content\/uploads\/2020\/03\/pjiece_jointe-1-300x300.png 300w, https:\/\/www.evoluscience.fr\/wp-content\/uploads\/2020\/03\/pjiece_jointe-1-150x150.png 150w, https:\/\/www.evoluscience.fr\/wp-content\/uploads\/2020\/03\/pjiece_jointe-1-520x520.png 520w\" sizes=\"auto, (max-width: 735px) 100vw, 735px\" \/><\/a><\/figure>\n<\/div><\/div>\n<\/div><\/div>\n","protected":false},"excerpt":{"rendered":"","protected":false},"author":1,"featured_media":0,"parent":1367,"menu_order":4,"comment_status":"closed","ping_status":"closed","template":"","meta":{"_monsterinsights_skip_tracking":false,"_monsterinsights_sitenote_active":false,"_monsterinsights_sitenote_note":"","_monsterinsights_sitenote_category":0,"_themeisle_gutenberg_block_has_review":false,"footnotes":""},"class_list":["post-1460","page","type-page","status-publish","hentry"],"_links":{"self":[{"href":"https:\/\/www.evoluscience.fr\/index.php\/wp-json\/wp\/v2\/pages\/1460","targetHints":{"allow":["GET"]}}],"collection":[{"href":"https:\/\/www.evoluscience.fr\/index.php\/wp-json\/wp\/v2\/pages"}],"about":[{"href":"https:\/\/www.evoluscience.fr\/index.php\/wp-json\/wp\/v2\/types\/page"}],"author":[{"embeddable":true,"href":"https:\/\/www.evoluscience.fr\/index.php\/wp-json\/wp\/v2\/users\/1"}],"replies":[{"embeddable":true,"href":"https:\/\/www.evoluscience.fr\/index.php\/wp-json\/wp\/v2\/comments?post=1460"}],"version-history":[{"count":0,"href":"https:\/\/www.evoluscience.fr\/index.php\/wp-json\/wp\/v2\/pages\/1460\/revisions"}],"up":[{"embeddable":true,"href":"https:\/\/www.evoluscience.fr\/index.php\/wp-json\/wp\/v2\/pages\/1367"}],"wp:attachment":[{"href":"https:\/\/www.evoluscience.fr\/index.php\/wp-json\/wp\/v2\/media?parent=1460"}],"curies":[{"name":"wp","href":"https:\/\/api.w.org\/{rel}","templated":true}]}}