{"id":14429,"date":"2026-04-27T14:20:08","date_gmt":"2026-04-27T12:20:08","guid":{"rendered":"https:\/\/www.evoluscience.fr\/?page_id=14429"},"modified":"2026-04-27T14:20:36","modified_gmt":"2026-04-27T12:20:36","slug":"conclusion","status":"publish","type":"page","link":"https:\/\/www.evoluscience.fr\/index.php\/sixieme\/partie-3\/chapitre-2\/activite-5\/conclusion\/","title":{"rendered":"Conclusion"},"content":{"rendered":"\n<p class=\"has-drop-cap has-vivid-red-color has-text-color has-link-color wp-elements-dd3df03fadd165be9251469fce70e3ba\">Le spermatozo\u00efde, cellule reproductrice m\u00e2le, est allong\u00e9, mobile et tr\u00e8s petit. L\u2019ovule, cellule reproductrice femelle, est sph\u00e9rique, immobile et tr\u00e8s gros.<\/p>\n","protected":false},"excerpt":{"rendered":"<p>Le spermatozo\u00efde, cellule reproductrice m\u00e2le, est allong\u00e9, mobile et tr\u00e8s petit. L\u2019ovule, cellule reproductrice femelle, est sph\u00e9rique, immobile et tr\u00e8s gros.<\/p>\n","protected":false},"author":1,"featured_media":0,"parent":14395,"menu_order":1,"comment_status":"closed","ping_status":"closed","template":"","meta":{"_monsterinsights_skip_tracking":false,"_monsterinsights_sitenote_active":false,"_monsterinsights_sitenote_note":"","_monsterinsights_sitenote_category":0,"_themeisle_gutenberg_block_has_review":false,"footnotes":""},"c2tw_page_folder":[],"class_list":["post-14429","page","type-page","status-publish","hentry"],"_links":{"self":[{"href":"https:\/\/www.evoluscience.fr\/index.php\/wp-json\/wp\/v2\/pages\/14429","targetHints":{"allow":["GET"]}}],"collection":[{"href":"https:\/\/www.evoluscience.fr\/index.php\/wp-json\/wp\/v2\/pages"}],"about":[{"href":"https:\/\/www.evoluscience.fr\/index.php\/wp-json\/wp\/v2\/types\/page"}],"author":[{"embeddable":true,"href":"https:\/\/www.evoluscience.fr\/index.php\/wp-json\/wp\/v2\/users\/1"}],"replies":[{"embeddable":true,"href":"https:\/\/www.evoluscience.fr\/index.php\/wp-json\/wp\/v2\/comments?post=14429"}],"version-history":[{"count":0,"href":"https:\/\/www.evoluscience.fr\/index.php\/wp-json\/wp\/v2\/pages\/14429\/revisions"}],"up":[{"embeddable":true,"href":"https:\/\/www.evoluscience.fr\/index.php\/wp-json\/wp\/v2\/pages\/14395"}],"wp:attachment":[{"href":"https:\/\/www.evoluscience.fr\/index.php\/wp-json\/wp\/v2\/media?parent=14429"}],"wp:term":[{"taxonomy":"c2tw_page_folder","embeddable":true,"href":"https:\/\/www.evoluscience.fr\/index.php\/wp-json\/wp\/v2\/c2tw_page_folder?post=14429"}],"curies":[{"name":"wp","href":"https:\/\/api.w.org\/{rel}","templated":true}]}}