{"id":14395,"date":"2026-04-27T14:13:02","date_gmt":"2026-04-27T12:13:02","guid":{"rendered":"https:\/\/www.evoluscience.fr\/?page_id=14395"},"modified":"2026-04-27T16:54:12","modified_gmt":"2026-04-27T14:54:12","slug":"activite-5","status":"publish","type":"page","link":"https:\/\/www.evoluscience.fr\/index.php\/sixieme\/partie-3\/chapitre-2\/activite-5\/","title":{"rendered":"Activit\u00e9 5"},"content":{"rendered":"\n<p class=\"has-vivid-green-cyan-color has-text-color has-link-color wp-elements-49cf1218019f715a0386dff4a251f5e8\">Comment sont r\u00e9ellement les spermatozo\u00efdes et les ovules&nbsp;?<\/p>\n\n\n\n<p class=\"has-background\" style=\"background-color:#fdceac\">Activit\u00e9 5&nbsp;: L\u2019observation microscopique de spermatozo\u00efdes et d\u2019ovules<\/p>\n\n\n\n<div style=\"height:33px\" aria-hidden=\"true\" class=\"wp-block-spacer\"><\/div>\n\n\n\n<p><em>Comp\u00e9tences travaill\u00e9es&nbsp;:<\/em><\/p>\n\n\n\n<ul class=\"wp-block-list\">\n<li><em>R\u00e9aliser une observation microscopique<\/em><\/li>\n<\/ul>\n\n\n\n<ul class=\"wp-block-list\">\n<li><em>R\u00e9aliser un dessin d\u2019observation<\/em><\/li>\n<\/ul>\n\n\n\n<div style=\"height:100px\" aria-hidden=\"true\" class=\"wp-block-spacer\"><\/div>\n\n\n<div class=\"wp-block-image\">\n<figure class=\"aligncenter size-large\"><img loading=\"lazy\" decoding=\"async\" width=\"1024\" height=\"754\" src=\"https:\/\/www.evoluscience.fr\/wp-content\/uploads\/2026\/04\/image-9-1024x754.png\" alt=\"\" class=\"wp-image-14397\" srcset=\"https:\/\/www.evoluscience.fr\/wp-content\/uploads\/2026\/04\/image-9-1024x754.png 1024w, https:\/\/www.evoluscience.fr\/wp-content\/uploads\/2026\/04\/image-9-300x221.png 300w, https:\/\/www.evoluscience.fr\/wp-content\/uploads\/2026\/04\/image-9-768x566.png 768w, https:\/\/www.evoluscience.fr\/wp-content\/uploads\/2026\/04\/image-9-1536x1131.png 1536w, https:\/\/www.evoluscience.fr\/wp-content\/uploads\/2026\/04\/image-9-520x383.png 520w, https:\/\/www.evoluscience.fr\/wp-content\/uploads\/2026\/04\/image-9-740x545.png 740w, https:\/\/www.evoluscience.fr\/wp-content\/uploads\/2026\/04\/image-9.png 1742w\" sizes=\"auto, (max-width: 1024px) 100vw, 1024px\" \/><\/figure>\n<\/div>\n\n\n<p class=\"has-text-align-center\">Photographie d&rsquo;un follicule (ovule + cellules le prot\u00e9geant) observ\u00e9 au microscope optique au grossissement x10x10<\/p>\n\n\n\n<p class=\"has-small-font-size\">Source : <a href=\"https:\/\/www.incertae-sedis.fr\/gl\/docut339_54_ovaire_lames.htm\">https:\/\/www.incertae-sedis.fr\/gl\/docut339_54_ovaire_lames.htm<\/a><\/p>\n\n\n\n<div style=\"height:42px\" aria-hidden=\"true\" class=\"wp-block-spacer\"><\/div>\n\n\n<div class=\"wp-block-image\">\n<figure class=\"aligncenter size-large\"><img loading=\"lazy\" decoding=\"async\" width=\"1024\" height=\"740\" src=\"https:\/\/www.evoluscience.fr\/wp-content\/uploads\/2026\/04\/image-11-1024x740.png\" alt=\"\" class=\"wp-image-14404\" srcset=\"https:\/\/www.evoluscience.fr\/wp-content\/uploads\/2026\/04\/image-11-1024x740.png 1024w, https:\/\/www.evoluscience.fr\/wp-content\/uploads\/2026\/04\/image-11-300x217.png 300w, https:\/\/www.evoluscience.fr\/wp-content\/uploads\/2026\/04\/image-11-768x555.png 768w, https:\/\/www.evoluscience.fr\/wp-content\/uploads\/2026\/04\/image-11-520x376.png 520w, https:\/\/www.evoluscience.fr\/wp-content\/uploads\/2026\/04\/image-11-740x535.png 740w, https:\/\/www.evoluscience.fr\/wp-content\/uploads\/2026\/04\/image-11.png 1330w\" sizes=\"auto, (max-width: 1024px) 100vw, 1024px\" \/><\/figure>\n<\/div>\n\n\n<p>Photographie de spermatozo\u00efdes humains observ\u00e9s au microscope optique au grossissement x10x60<\/p>\n\n\n\n<p class=\"has-small-font-size\">Source : <a href=\"https:\/\/www.incertae-sedis.fr\/gl\/docut339_50_spermatozoides_lames.htm\">https:\/\/www.incertae-sedis.fr\/gl\/docut339_50_spermatozoides_lames.htm<\/a><\/p>\n\n\n\n<div style=\"height:100px\" aria-hidden=\"true\" class=\"wp-block-spacer\"><\/div>\n\n\n<div class=\"wp-block-image\">\n<figure class=\"aligncenter size-full is-resized\"><a href=\"https:\/\/www.evoluscience.fr\/index.php\/sixieme\/partie-3\/chapitre-2\/activite-5\/conclusion\/\" target=\"_blank\" rel=\" noreferrer noopener\"><img loading=\"lazy\" decoding=\"async\" width=\"538\" height=\"538\" src=\"https:\/\/www.evoluscience.fr\/wp-content\/uploads\/2019\/09\/conclusion.png\" alt=\"\" class=\"wp-image-370\" style=\"width:392px;height:auto\" srcset=\"https:\/\/www.evoluscience.fr\/wp-content\/uploads\/2019\/09\/conclusion.png 538w, https:\/\/www.evoluscience.fr\/wp-content\/uploads\/2019\/09\/conclusion-150x150.png 150w, https:\/\/www.evoluscience.fr\/wp-content\/uploads\/2019\/09\/conclusion-300x300.png 300w, https:\/\/www.evoluscience.fr\/wp-content\/uploads\/2019\/09\/conclusion-520x520.png 520w\" sizes=\"auto, (max-width: 538px) 100vw, 538px\" \/><\/a><\/figure>\n<\/div>\n\n<div class=\"wp-block-image\">\n<figure class=\"aligncenter size-full is-resized\"><a href=\"https:\/\/www.evoluscience.fr\/index.php\/sixieme\/partie-3\/chapitre-2\/activite-5\/devoir\/\" target=\"_blank\" rel=\" noreferrer noopener\"><img loading=\"lazy\" decoding=\"async\" width=\"538\" height=\"538\" src=\"https:\/\/www.evoluscience.fr\/wp-content\/uploads\/2019\/09\/devoirs.png\" alt=\"\" class=\"wp-image-428\" style=\"width:396px;height:auto\" srcset=\"https:\/\/www.evoluscience.fr\/wp-content\/uploads\/2019\/09\/devoirs.png 538w, https:\/\/www.evoluscience.fr\/wp-content\/uploads\/2019\/09\/devoirs-150x150.png 150w, https:\/\/www.evoluscience.fr\/wp-content\/uploads\/2019\/09\/devoirs-300x300.png 300w, https:\/\/www.evoluscience.fr\/wp-content\/uploads\/2019\/09\/devoirs-520x520.png 520w\" sizes=\"auto, (max-width: 538px) 100vw, 538px\" \/><\/a><\/figure>\n<\/div>\n\n<div class=\"wp-block-image\">\n<figure class=\"aligncenter size-full is-resized\"><a href=\"https:\/\/www.evoluscience.fr\/wp-content\/uploads\/2026\/04\/6-P3-Chp2Act5-FC.pdf\" target=\"_blank\" rel=\" noreferrer noopener\"><img loading=\"lazy\" decoding=\"async\" width=\"735\" height=\"735\" src=\"https:\/\/www.evoluscience.fr\/wp-content\/uploads\/2020\/03\/pjiece_jointe-1.png\" alt=\"\" class=\"wp-image-4366\" style=\"width:435px;height:auto\" srcset=\"https:\/\/www.evoluscience.fr\/wp-content\/uploads\/2020\/03\/pjiece_jointe-1.png 735w, https:\/\/www.evoluscience.fr\/wp-content\/uploads\/2020\/03\/pjiece_jointe-1-300x300.png 300w, https:\/\/www.evoluscience.fr\/wp-content\/uploads\/2020\/03\/pjiece_jointe-1-150x150.png 150w, https:\/\/www.evoluscience.fr\/wp-content\/uploads\/2020\/03\/pjiece_jointe-1-520x520.png 520w\" sizes=\"auto, (max-width: 735px) 100vw, 735px\" \/><\/a><\/figure>\n<\/div>","protected":false},"excerpt":{"rendered":"<p>Comment sont r\u00e9ellement les spermatozo\u00efdes et les ovules&nbsp;? Activit\u00e9 5&nbsp;: L\u2019observation microscopique de spermatozo\u00efdes et d\u2019ovules Comp\u00e9tences travaill\u00e9es&nbsp;: Photographie d&rsquo;un follicule (ovule + cellules le prot\u00e9geant) observ\u00e9 au microscope optique au grossissement x10x10 Source :<a class=\"read-more\" href=\"https:\/\/www.evoluscience.fr\/index.php\/sixieme\/partie-3\/chapitre-2\/activite-5\/\">Continue reading<\/a><\/p>\n","protected":false},"author":1,"featured_media":0,"parent":13932,"menu_order":5,"comment_status":"closed","ping_status":"closed","template":"","meta":{"_monsterinsights_skip_tracking":false,"_monsterinsights_sitenote_active":false,"_monsterinsights_sitenote_note":"","_monsterinsights_sitenote_category":0,"_themeisle_gutenberg_block_has_review":false,"footnotes":""},"c2tw_page_folder":[],"class_list":["post-14395","page","type-page","status-publish","hentry"],"_links":{"self":[{"href":"https:\/\/www.evoluscience.fr\/index.php\/wp-json\/wp\/v2\/pages\/14395","targetHints":{"allow":["GET"]}}],"collection":[{"href":"https:\/\/www.evoluscience.fr\/index.php\/wp-json\/wp\/v2\/pages"}],"about":[{"href":"https:\/\/www.evoluscience.fr\/index.php\/wp-json\/wp\/v2\/types\/page"}],"author":[{"embeddable":true,"href":"https:\/\/www.evoluscience.fr\/index.php\/wp-json\/wp\/v2\/users\/1"}],"replies":[{"embeddable":true,"href":"https:\/\/www.evoluscience.fr\/index.php\/wp-json\/wp\/v2\/comments?post=14395"}],"version-history":[{"count":0,"href":"https:\/\/www.evoluscience.fr\/index.php\/wp-json\/wp\/v2\/pages\/14395\/revisions"}],"up":[{"embeddable":true,"href":"https:\/\/www.evoluscience.fr\/index.php\/wp-json\/wp\/v2\/pages\/13932"}],"wp:attachment":[{"href":"https:\/\/www.evoluscience.fr\/index.php\/wp-json\/wp\/v2\/media?parent=14395"}],"wp:term":[{"taxonomy":"c2tw_page_folder","embeddable":true,"href":"https:\/\/www.evoluscience.fr\/index.php\/wp-json\/wp\/v2\/c2tw_page_folder?post=14395"}],"curies":[{"name":"wp","href":"https:\/\/api.w.org\/{rel}","templated":true}]}}