{"id":14359,"date":"2026-04-27T09:51:05","date_gmt":"2026-04-27T07:51:05","guid":{"rendered":"https:\/\/www.evoluscience.fr\/?page_id=14359"},"modified":"2026-04-27T09:51:47","modified_gmt":"2026-04-27T07:51:47","slug":"conclusion","status":"publish","type":"page","link":"https:\/\/www.evoluscience.fr\/index.php\/sixieme\/partie-3\/chapitre-2\/activite-4\/conclusion\/","title":{"rendered":"Conclusion"},"content":{"rendered":"\n<p class=\"has-drop-cap has-vivid-red-color has-text-color has-link-color wp-elements-211293cf266fb9f7e1945882ef1ceb4b\">Lors d&rsquo;un rapport sexuel avec&nbsp;\u00e9jaculation, les spermatozo\u00efdes sont d\u00e9pos\u00e9s dans le vagin. Ils se d\u00e9placent \u00e0 la rencontre d&rsquo;un ovule, lib\u00e9r\u00e9 par un ovaire. Un seul spermatozo\u00efde fusionne avec l&rsquo;ovule lors de la f\u00e9condation&nbsp;qui forme la cellule-\u0153uf. Cette cellule se divise de nombreuses fois pour former un embryon&nbsp;qui migre dans l&rsquo;ut\u00e9rus et s&rsquo;y fixe. Apr\u00e8s 2 mois, l\u2019embryon form\u00e9 devient un f\u0153tus.<\/p>\n\n\n\n<p class=\"has-vivid-red-color has-text-color has-link-color wp-elements-725d18fb1c64b87826137aa29d7c55eb\">Le foetus r\u00e9cup\u00e8re le dioxyg\u00e8ne et les nutriments de la m\u00e8re par le placenta. Au bout de 9 mois, le b\u00e9b\u00e9 na\u00eet.<\/p>\n","protected":false},"excerpt":{"rendered":"<p>Lors d&rsquo;un rapport sexuel avec&nbsp;\u00e9jaculation, les spermatozo\u00efdes sont d\u00e9pos\u00e9s dans le vagin. Ils se d\u00e9placent \u00e0 la rencontre d&rsquo;un ovule, lib\u00e9r\u00e9 par un ovaire. Un seul spermatozo\u00efde fusionne avec l&rsquo;ovule lors de la f\u00e9condation&nbsp;qui forme<a class=\"read-more\" href=\"https:\/\/www.evoluscience.fr\/index.php\/sixieme\/partie-3\/chapitre-2\/activite-4\/conclusion\/\">Continue reading<\/a><\/p>\n","protected":false},"author":1,"featured_media":0,"parent":14351,"menu_order":1,"comment_status":"closed","ping_status":"closed","template":"","meta":{"_monsterinsights_skip_tracking":false,"_monsterinsights_sitenote_active":false,"_monsterinsights_sitenote_note":"","_monsterinsights_sitenote_category":0,"_themeisle_gutenberg_block_has_review":false,"footnotes":""},"c2tw_page_folder":[],"class_list":["post-14359","page","type-page","status-publish","hentry"],"_links":{"self":[{"href":"https:\/\/www.evoluscience.fr\/index.php\/wp-json\/wp\/v2\/pages\/14359","targetHints":{"allow":["GET"]}}],"collection":[{"href":"https:\/\/www.evoluscience.fr\/index.php\/wp-json\/wp\/v2\/pages"}],"about":[{"href":"https:\/\/www.evoluscience.fr\/index.php\/wp-json\/wp\/v2\/types\/page"}],"author":[{"embeddable":true,"href":"https:\/\/www.evoluscience.fr\/index.php\/wp-json\/wp\/v2\/users\/1"}],"replies":[{"embeddable":true,"href":"https:\/\/www.evoluscience.fr\/index.php\/wp-json\/wp\/v2\/comments?post=14359"}],"version-history":[{"count":0,"href":"https:\/\/www.evoluscience.fr\/index.php\/wp-json\/wp\/v2\/pages\/14359\/revisions"}],"up":[{"embeddable":true,"href":"https:\/\/www.evoluscience.fr\/index.php\/wp-json\/wp\/v2\/pages\/14351"}],"wp:attachment":[{"href":"https:\/\/www.evoluscience.fr\/index.php\/wp-json\/wp\/v2\/media?parent=14359"}],"wp:term":[{"taxonomy":"c2tw_page_folder","embeddable":true,"href":"https:\/\/www.evoluscience.fr\/index.php\/wp-json\/wp\/v2\/c2tw_page_folder?post=14359"}],"curies":[{"name":"wp","href":"https:\/\/api.w.org\/{rel}","templated":true}]}}