{"id":14351,"date":"2026-04-27T09:42:54","date_gmt":"2026-04-27T07:42:54","guid":{"rendered":"https:\/\/www.evoluscience.fr\/?page_id=14351"},"modified":"2026-04-27T19:08:59","modified_gmt":"2026-04-27T17:08:59","slug":"activite-4","status":"publish","type":"page","link":"https:\/\/www.evoluscience.fr\/index.php\/sixieme\/partie-3\/chapitre-2\/activite-4\/","title":{"rendered":"Activit\u00e9 4"},"content":{"rendered":"\n<p class=\"has-vivid-red-color has-text-color has-link-color wp-elements-0fabb35ba9e0504dfee759b436268050\"><strong>II. <u>La procr\u00e9ation<\/u><\/strong><\/p>\n\n\n\n<ol style=\"list-style-type:upper-roman\" class=\"wp-block-list\">\n<li><\/li>\n<\/ol>\n\n\n\n<p class=\"has-vivid-green-cyan-color has-text-color has-link-color wp-elements-dc8479d67e26aaf96a3d81760855f471\">Comment se forme le futur b\u00e9b\u00e9 lors de la grossesse&nbsp;?<\/p>\n\n\n\n<p class=\"has-background\" style=\"background-color:#fdbf93\">Activit\u00e9 4: Les \u00e9tapes de la f\u00e9condation interne et du d\u00e9veloppement vivipare<\/p>\n\n\n\n<div style=\"height:45px\" aria-hidden=\"true\" class=\"wp-block-spacer\"><\/div>\n\n\n\n<p><em>Comp\u00e9tences travaill\u00e9es&nbsp;:<\/em><\/p>\n\n\n\n<ul class=\"wp-block-list\">\n<li><em>Saisir des informations \u00e0 partir de documents<\/em><\/li>\n<\/ul>\n\n\n\n<div style=\"height:100px\" aria-hidden=\"true\" class=\"wp-block-spacer\"><\/div>\n\n\n<div class=\"wp-block-image\">\n<figure class=\"aligncenter size-full\"><img loading=\"lazy\" decoding=\"async\" width=\"722\" height=\"592\" src=\"https:\/\/www.evoluscience.fr\/wp-content\/uploads\/2026\/04\/image-4.png\" alt=\"\" class=\"wp-image-14352\" srcset=\"https:\/\/www.evoluscience.fr\/wp-content\/uploads\/2026\/04\/image-4.png 722w, https:\/\/www.evoluscience.fr\/wp-content\/uploads\/2026\/04\/image-4-300x246.png 300w, https:\/\/www.evoluscience.fr\/wp-content\/uploads\/2026\/04\/image-4-520x426.png 520w\" sizes=\"auto, (max-width: 722px) 100vw, 722px\" \/><\/figure>\n<\/div>\n\n\n<p class=\"has-small-font-size\">Source : <a href=\"http:\/\/svtcollegelycee.free.fr\/4c5_19.html\">http:\/\/svtcollegelycee.free.fr\/4c5_19.html<\/a><\/p>\n\n\n\n<p><a href=\"https:\/\/tube-sciences-technologies.apps.education.fr\/w\/fyf7Sc1rrC8i45y1tTz5dX\" target=\"_blank\" rel=\"noreferrer noopener\">Extrait de la vid\u00e9o Odyss\u00e9e de la vie&nbsp;<\/a><\/p>\n\n\n\n<div style=\"height:28px\" aria-hidden=\"true\" class=\"wp-block-spacer\"><\/div>\n\n\n\n<figure class=\"wp-block-image size-full\"><img loading=\"lazy\" decoding=\"async\" width=\"707\" height=\"171\" src=\"https:\/\/www.evoluscience.fr\/wp-content\/uploads\/2026\/04\/image-5.png\" alt=\"\" class=\"wp-image-14353\" srcset=\"https:\/\/www.evoluscience.fr\/wp-content\/uploads\/2026\/04\/image-5.png 707w, https:\/\/www.evoluscience.fr\/wp-content\/uploads\/2026\/04\/image-5-300x73.png 300w, https:\/\/www.evoluscience.fr\/wp-content\/uploads\/2026\/04\/image-5-520x126.png 520w\" sizes=\"auto, (max-width: 707px) 100vw, 707px\" \/><\/figure>\n\n\n\n<div style=\"height:56px\" aria-hidden=\"true\" class=\"wp-block-spacer\"><\/div>\n\n\n<div class=\"wp-block-image\">\n<figure class=\"aligncenter size-full\"><img loading=\"lazy\" decoding=\"async\" width=\"971\" height=\"382\" src=\"https:\/\/www.evoluscience.fr\/wp-content\/uploads\/2026\/04\/image-6.png\" alt=\"\" class=\"wp-image-14354\" srcset=\"https:\/\/www.evoluscience.fr\/wp-content\/uploads\/2026\/04\/image-6.png 971w, https:\/\/www.evoluscience.fr\/wp-content\/uploads\/2026\/04\/image-6-300x118.png 300w, https:\/\/www.evoluscience.fr\/wp-content\/uploads\/2026\/04\/image-6-768x302.png 768w, https:\/\/www.evoluscience.fr\/wp-content\/uploads\/2026\/04\/image-6-520x205.png 520w, https:\/\/www.evoluscience.fr\/wp-content\/uploads\/2026\/04\/image-6-740x291.png 740w\" sizes=\"auto, (max-width: 971px) 100vw, 971px\" \/><\/figure>\n<\/div>\n\n\n<p class=\"has-small-font-size\">Source : <a href=\"https:\/\/www.lelivrescolaire.fr\/page\/13527249\">https:\/\/www.lelivrescolaire.fr\/page\/13527249<\/a><\/p>\n\n\n\n<p>2. Indiquer les deux stades de d\u00e9veloppement du futur b\u00e9b\u00e9 (quand au cours de la grossesse).<\/p>\n\n\n\n<p>Indique aussi dans quelle partie du corps de la femme ces stades se d\u00e9roulent.<\/p>\n\n\n\n<div style=\"height:100px\" aria-hidden=\"true\" class=\"wp-block-spacer\"><\/div>\n\n\n<div class=\"wp-block-image\">\n<figure class=\"aligncenter size-large\"><img loading=\"lazy\" decoding=\"async\" width=\"1024\" height=\"450\" src=\"https:\/\/www.evoluscience.fr\/wp-content\/uploads\/2026\/04\/image-7-1024x450.png\" alt=\"\" class=\"wp-image-14355\" srcset=\"https:\/\/www.evoluscience.fr\/wp-content\/uploads\/2026\/04\/image-7-1024x450.png 1024w, https:\/\/www.evoluscience.fr\/wp-content\/uploads\/2026\/04\/image-7-300x132.png 300w, https:\/\/www.evoluscience.fr\/wp-content\/uploads\/2026\/04\/image-7-768x337.png 768w, https:\/\/www.evoluscience.fr\/wp-content\/uploads\/2026\/04\/image-7-520x229.png 520w, https:\/\/www.evoluscience.fr\/wp-content\/uploads\/2026\/04\/image-7-740x325.png 740w, https:\/\/www.evoluscience.fr\/wp-content\/uploads\/2026\/04\/image-7.png 1131w\" sizes=\"auto, (max-width: 1024px) 100vw, 1024px\" \/><\/figure>\n<\/div>\n\n\n<p class=\"has-small-font-size\">Source : <a href=\"https:\/\/www.lelivrescolaire.fr\/page\/13527249\">https:\/\/www.lelivrescolaire.fr\/page\/13527249<\/a><\/p>\n\n\n\n<p>3. Expliquer comment le f\u0153tus re\u00e7oit les \u00e9l\u00e9ments dont il a besoin pour grandir.<\/p>\n\n\n\n<div style=\"height:100px\" aria-hidden=\"true\" class=\"wp-block-spacer\"><\/div>\n\n\n<div class=\"wp-block-image\">\n<figure class=\"aligncenter size-full is-resized\"><a href=\"https:\/\/www.evoluscience.fr\/index.php\/sixieme\/partie-3\/chapitre-2\/activite-4\/conclusion\/\" target=\"_blank\" rel=\" noreferrer noopener\"><img loading=\"lazy\" decoding=\"async\" width=\"538\" height=\"538\" src=\"https:\/\/www.evoluscience.fr\/wp-content\/uploads\/2019\/09\/conclusion.png\" alt=\"\" class=\"wp-image-370\" style=\"width:376px;height:auto\" srcset=\"https:\/\/www.evoluscience.fr\/wp-content\/uploads\/2019\/09\/conclusion.png 538w, https:\/\/www.evoluscience.fr\/wp-content\/uploads\/2019\/09\/conclusion-150x150.png 150w, https:\/\/www.evoluscience.fr\/wp-content\/uploads\/2019\/09\/conclusion-300x300.png 300w, https:\/\/www.evoluscience.fr\/wp-content\/uploads\/2019\/09\/conclusion-520x520.png 520w\" sizes=\"auto, (max-width: 538px) 100vw, 538px\" \/><\/a><\/figure>\n<\/div>\n\n<div class=\"wp-block-image\">\n<figure class=\"aligncenter size-full is-resized\"><a href=\"https:\/\/www.evoluscience.fr\/wp-content\/uploads\/2026\/04\/6-P3-Chp2Act4-FC.pdf\" target=\"_blank\" rel=\" noreferrer noopener\"><img loading=\"lazy\" decoding=\"async\" width=\"735\" height=\"735\" src=\"https:\/\/www.evoluscience.fr\/wp-content\/uploads\/2020\/03\/pjiece_jointe-1.png\" alt=\"\" class=\"wp-image-4366\" style=\"width:415px;height:auto\" srcset=\"https:\/\/www.evoluscience.fr\/wp-content\/uploads\/2020\/03\/pjiece_jointe-1.png 735w, https:\/\/www.evoluscience.fr\/wp-content\/uploads\/2020\/03\/pjiece_jointe-1-300x300.png 300w, https:\/\/www.evoluscience.fr\/wp-content\/uploads\/2020\/03\/pjiece_jointe-1-150x150.png 150w, https:\/\/www.evoluscience.fr\/wp-content\/uploads\/2020\/03\/pjiece_jointe-1-520x520.png 520w\" sizes=\"auto, (max-width: 735px) 100vw, 735px\" \/><\/a><\/figure>\n<\/div>","protected":false},"excerpt":{"rendered":"<p>II. La procr\u00e9ation Comment se forme le futur b\u00e9b\u00e9 lors de la grossesse&nbsp;? Activit\u00e9 4: Les \u00e9tapes de la f\u00e9condation interne et du d\u00e9veloppement vivipare Comp\u00e9tences travaill\u00e9es&nbsp;: Source : http:\/\/svtcollegelycee.free.fr\/4c5_19.html Extrait de la vid\u00e9o Odyss\u00e9e<a class=\"read-more\" href=\"https:\/\/www.evoluscience.fr\/index.php\/sixieme\/partie-3\/chapitre-2\/activite-4\/\">Continue reading<\/a><\/p>\n","protected":false},"author":1,"featured_media":0,"parent":13932,"menu_order":4,"comment_status":"closed","ping_status":"closed","template":"","meta":{"_monsterinsights_skip_tracking":false,"_monsterinsights_sitenote_active":false,"_monsterinsights_sitenote_note":"","_monsterinsights_sitenote_category":0,"_themeisle_gutenberg_block_has_review":false,"footnotes":""},"c2tw_page_folder":[],"class_list":["post-14351","page","type-page","status-publish","hentry"],"_links":{"self":[{"href":"https:\/\/www.evoluscience.fr\/index.php\/wp-json\/wp\/v2\/pages\/14351","targetHints":{"allow":["GET"]}}],"collection":[{"href":"https:\/\/www.evoluscience.fr\/index.php\/wp-json\/wp\/v2\/pages"}],"about":[{"href":"https:\/\/www.evoluscience.fr\/index.php\/wp-json\/wp\/v2\/types\/page"}],"author":[{"embeddable":true,"href":"https:\/\/www.evoluscience.fr\/index.php\/wp-json\/wp\/v2\/users\/1"}],"replies":[{"embeddable":true,"href":"https:\/\/www.evoluscience.fr\/index.php\/wp-json\/wp\/v2\/comments?post=14351"}],"version-history":[{"count":0,"href":"https:\/\/www.evoluscience.fr\/index.php\/wp-json\/wp\/v2\/pages\/14351\/revisions"}],"up":[{"embeddable":true,"href":"https:\/\/www.evoluscience.fr\/index.php\/wp-json\/wp\/v2\/pages\/13932"}],"wp:attachment":[{"href":"https:\/\/www.evoluscience.fr\/index.php\/wp-json\/wp\/v2\/media?parent=14351"}],"wp:term":[{"taxonomy":"c2tw_page_folder","embeddable":true,"href":"https:\/\/www.evoluscience.fr\/index.php\/wp-json\/wp\/v2\/c2tw_page_folder?post=14351"}],"curies":[{"name":"wp","href":"https:\/\/api.w.org\/{rel}","templated":true}]}}