{"id":14,"date":"2019-07-17T11:07:11","date_gmt":"2019-07-17T09:07:11","guid":{"rendered":"http:\/\/evoluscience.fr\/?page_id=14"},"modified":"2026-03-23T18:47:23","modified_gmt":"2026-03-23T17:47:23","slug":"methodologie","status":"publish","type":"page","link":"https:\/\/www.evoluscience.fr\/index.php\/methodologie\/","title":{"rendered":"M\u00e9thodologie"},"content":{"rendered":"\n<div style=\"height:100px\" aria-hidden=\"true\" class=\"wp-block-spacer\"><\/div>\n\n\n\n<p>Voici quelques rappels de m\u00e9thodologie pour aider \u00e0 r\u00e9ussir et \u00e0 devenir autonome en SVT !<\/p>\n\n\n\n<div style=\"height:65px\" aria-hidden=\"true\" class=\"wp-block-spacer\"><\/div>\n\n\n\n<p><a href=\"https:\/\/spark.adobe.com\/video\/O0CJGZ8qRCfjb\" target=\"_blank\" rel=\"noreferrer noopener\" aria-label=\"Vid\u00e9o concernant le fonctionnement du cours de SVT (s\u2019ouvre dans un nouvel onglet)\">Vid\u00e9o concernant le fonctionnement du cours de SVT<\/a> <\/p>\n\n\n\n<p><a href=\"https:\/\/spark.adobe.com\/video\/G46cojNRCCnX1\" target=\"_blank\" rel=\"noreferrer noopener\" aria-label=\"Vid\u00e9o expliquant la diff\u00e9rence entre capsules et devoirs (s\u2019ouvre dans un nouvel onglet)\">Vid\u00e9o expliquant la diff\u00e9rence entre capsules et devoirs<\/a><\/p>\n\n\n\n<div style=\"height:100px\" aria-hidden=\"true\" class=\"wp-block-spacer\"><\/div>\n\n\n\n<p>Voici d&rsquo;autres points abord\u00e9s:<\/p>\n\n\n\n<p><a href=\"https:\/\/evoluscience.fr\/index.php\/methodologie\/methodologie-dapprentissage\/\">La m\u00e9thodologie d&rsquo;apprentissage<\/a><\/p>\n\n\n\n<p><a href=\"https:\/\/evoluscience.fr\/index.php\/methodologie\/intelligences-multiples\/\">Les intelligences multiples<\/a> (utilis\u00e9es lors de chaque s\u00e9ance)<\/p>\n\n\n\n<p><a href=\"https:\/\/evoluscience.fr\/index.php\/methodologie\/socle-commun\/\">Le socle commun<\/a><\/p>\n\n\n\n<p><a href=\"https:\/\/evoluscience.fr\/index.php\/methodologie\/fiches-methodologiques\/\">Les fiches m\u00e9thodologiques<\/a><\/p>\n\n\n\n<p><a href=\"https:\/\/evoluscience.fr\/index.php\/methodologie\/brevet\/\">La pr\u00e9paration du brevet<\/a><\/p>\n\n\n\n<p><a rel=\"noreferrer noopener\" href=\"https:\/\/www.evoluscience.fr\/index.php\/methodologie\/bien-etre\/\" target=\"_blank\">Le d\u00e9veloppement du bien-\u00eatre<\/a><\/p>\n\n\n<div class=\"wp-block-image\">\n<figure class=\"alignright size-large is-resized\"><img loading=\"lazy\" decoding=\"async\" width=\"1013\" height=\"985\" src=\"https:\/\/evoluscience.fr\/wp-content\/uploads\/2020\/06\/image-95.png\" alt=\"\" class=\"wp-image-5466\" style=\"width:315px;height:306px\" srcset=\"https:\/\/www.evoluscience.fr\/wp-content\/uploads\/2020\/06\/image-95.png 1013w, https:\/\/www.evoluscience.fr\/wp-content\/uploads\/2020\/06\/image-95-300x292.png 300w, https:\/\/www.evoluscience.fr\/wp-content\/uploads\/2020\/06\/image-95-768x747.png 768w, https:\/\/www.evoluscience.fr\/wp-content\/uploads\/2020\/06\/image-95-520x506.png 520w, https:\/\/www.evoluscience.fr\/wp-content\/uploads\/2020\/06\/image-95-740x720.png 740w\" sizes=\"auto, (max-width: 1013px) 100vw, 1013px\" \/><\/figure>\n<\/div>\n\n\n<div style=\"height:100px\" aria-hidden=\"true\" class=\"wp-block-spacer\"><\/div>\n\n\n\n<p>S&rsquo;entra\u00eener autrement en s&rsquo;amusant!<\/p>\n\n\n\n<p><a href=\"https:\/\/learningapps.org\/home.php\" target=\"_blank\" rel=\"noreferrer noopener\" aria-label=\"Learning Apps (s\u2019ouvre dans un nouvel onglet)\">Learning Apps<\/a><\/p>\n\n\n\n<p><a href=\"https:\/\/education.francetv.fr\/matiere\/langues\/cm2\/jeu\/les-defis-du-professeur-muchi\" target=\"_blank\" rel=\"noreferrer noopener\" aria-label=\"Le professeur Muchi (s\u2019ouvre dans un nouvel onglet)\">Le professeur Muchi<\/a><\/p>\n\n\n\n<p><a href=\"https:\/\/www.jeuxpedago.com\/index_c.php\" target=\"_blank\" rel=\"noreferrer noopener\">Exercices pour les programmes sur tous les niveaux<\/a><\/p>\n","protected":false},"excerpt":{"rendered":"<p>Voici quelques rappels de m\u00e9thodologie pour aider \u00e0 r\u00e9ussir et \u00e0 devenir autonome en SVT ! Vid\u00e9o concernant le fonctionnement du cours de SVT Vid\u00e9o expliquant la diff\u00e9rence entre capsules et devoirs Voici d&rsquo;autres points<a class=\"read-more\" href=\"https:\/\/www.evoluscience.fr\/index.php\/methodologie\/\">Continue reading<\/a><\/p>\n","protected":false},"author":1,"featured_media":0,"parent":0,"menu_order":4,"comment_status":"closed","ping_status":"closed","template":"","meta":{"_monsterinsights_skip_tracking":false,"_monsterinsights_sitenote_active":false,"_monsterinsights_sitenote_note":"","_monsterinsights_sitenote_category":0,"_themeisle_gutenberg_block_has_review":false,"footnotes":""},"class_list":["post-14","page","type-page","status-publish","hentry"],"_links":{"self":[{"href":"https:\/\/www.evoluscience.fr\/index.php\/wp-json\/wp\/v2\/pages\/14","targetHints":{"allow":["GET"]}}],"collection":[{"href":"https:\/\/www.evoluscience.fr\/index.php\/wp-json\/wp\/v2\/pages"}],"about":[{"href":"https:\/\/www.evoluscience.fr\/index.php\/wp-json\/wp\/v2\/types\/page"}],"author":[{"embeddable":true,"href":"https:\/\/www.evoluscience.fr\/index.php\/wp-json\/wp\/v2\/users\/1"}],"replies":[{"embeddable":true,"href":"https:\/\/www.evoluscience.fr\/index.php\/wp-json\/wp\/v2\/comments?post=14"}],"version-history":[{"count":0,"href":"https:\/\/www.evoluscience.fr\/index.php\/wp-json\/wp\/v2\/pages\/14\/revisions"}],"wp:attachment":[{"href":"https:\/\/www.evoluscience.fr\/index.php\/wp-json\/wp\/v2\/media?parent=14"}],"curies":[{"name":"wp","href":"https:\/\/api.w.org\/{rel}","templated":true}]}}