{"id":13948,"date":"2026-04-23T00:01:09","date_gmt":"2026-04-22T22:01:09","guid":{"rendered":"https:\/\/www.evoluscience.fr\/?page_id=13948"},"modified":"2026-04-23T00:05:09","modified_gmt":"2026-04-22T22:05:09","slug":"conclusion","status":"publish","type":"page","link":"https:\/\/www.evoluscience.fr\/index.php\/sixieme\/partie-3\/chapitre-2\/activite-2\/conclusion\/","title":{"rendered":"Conclusion"},"content":{"rendered":"\n<p class=\"has-drop-cap has-vivid-red-color has-text-color has-link-color wp-elements-7492d12eed734d32a948adf6131da516\">La pubert\u00e9 est une\u00a0p\u00e9riode de transition entre l&rsquo;enfance et l&rsquo;\u00e2ge adulte durant laquelle le corps se modifie, pour acqu\u00e9rir la capacit\u00e9 \u00e0 concevoir un futur enfant. Ces changements (physiques et comportementaux) durent plusieurs ann\u00e9es.<\/p>\n\n\n\n<p><\/p>\n\n\n\n<figure class=\"wp-block-table\"><table class=\"has-fixed-layout\"><tbody><tr><td>&nbsp;<\/td><td>Fille<\/td><td>Gar\u00e7on<\/td><\/tr><tr><td>Age de la pubert\u00e9<\/td><td>Entre 9 et 16 ans<\/td><td>Entre 11 et 17 ans<\/td><\/tr><tr><td>Changements physiques<\/td><td>Acc\u00e9l\u00e9ration de la croissance D\u00e9veloppement des ovaires, de l\u2019ut\u00e9rus Production d\u2019ovules par les ovaires Apparition des r\u00e8gles (+ pertes blanches) D\u00e9veloppement des seins Elargissement du bassin D\u00e9veloppement des poils (pubis, sous les bras et sur les jambes)<\/td><td>Acc\u00e9l\u00e9ration de la croissance D\u00e9veloppement du p\u00e9nis et des testicules Production de spermatozo\u00efdes par les testicules D\u00e9veloppement des muscles Elargissement des \u00e9paules D\u00e9veloppement des poils (pubis, sous les bras, membres, visage)<\/td><\/tr><tr><td>Changements de comportement<\/td><td colspan=\"2\">Besoin d\u2019autonomie Recherche des autres Emotions plus fortes<\/td><\/tr><\/tbody><\/table><\/figure>\n\n\n\n<p><\/p>\n","protected":false},"excerpt":{"rendered":"<p>La pubert\u00e9 est une\u00a0p\u00e9riode de transition entre l&rsquo;enfance et l&rsquo;\u00e2ge adulte durant laquelle le corps se modifie, pour acqu\u00e9rir la capacit\u00e9 \u00e0 concevoir un futur enfant. Ces changements (physiques et comportementaux) durent plusieurs ann\u00e9es. &nbsp;<a class=\"read-more\" href=\"https:\/\/www.evoluscience.fr\/index.php\/sixieme\/partie-3\/chapitre-2\/activite-2\/conclusion\/\">Continue reading<\/a><\/p>\n","protected":false},"author":1,"featured_media":0,"parent":13945,"menu_order":1,"comment_status":"closed","ping_status":"closed","template":"","meta":{"_monsterinsights_skip_tracking":false,"_monsterinsights_sitenote_active":false,"_monsterinsights_sitenote_note":"","_monsterinsights_sitenote_category":0,"_themeisle_gutenberg_block_has_review":false,"footnotes":""},"c2tw_page_folder":[],"class_list":["post-13948","page","type-page","status-publish","hentry"],"_links":{"self":[{"href":"https:\/\/www.evoluscience.fr\/index.php\/wp-json\/wp\/v2\/pages\/13948","targetHints":{"allow":["GET"]}}],"collection":[{"href":"https:\/\/www.evoluscience.fr\/index.php\/wp-json\/wp\/v2\/pages"}],"about":[{"href":"https:\/\/www.evoluscience.fr\/index.php\/wp-json\/wp\/v2\/types\/page"}],"author":[{"embeddable":true,"href":"https:\/\/www.evoluscience.fr\/index.php\/wp-json\/wp\/v2\/users\/1"}],"replies":[{"embeddable":true,"href":"https:\/\/www.evoluscience.fr\/index.php\/wp-json\/wp\/v2\/comments?post=13948"}],"version-history":[{"count":0,"href":"https:\/\/www.evoluscience.fr\/index.php\/wp-json\/wp\/v2\/pages\/13948\/revisions"}],"up":[{"embeddable":true,"href":"https:\/\/www.evoluscience.fr\/index.php\/wp-json\/wp\/v2\/pages\/13945"}],"wp:attachment":[{"href":"https:\/\/www.evoluscience.fr\/index.php\/wp-json\/wp\/v2\/media?parent=13948"}],"wp:term":[{"taxonomy":"c2tw_page_folder","embeddable":true,"href":"https:\/\/www.evoluscience.fr\/index.php\/wp-json\/wp\/v2\/c2tw_page_folder?post=13948"}],"curies":[{"name":"wp","href":"https:\/\/api.w.org\/{rel}","templated":true}]}}