{"id":13916,"date":"2026-04-22T18:51:15","date_gmt":"2026-04-22T16:51:15","guid":{"rendered":"https:\/\/www.evoluscience.fr\/?page_id=13916"},"modified":"2026-04-22T19:00:09","modified_gmt":"2026-04-22T17:00:09","slug":"activite-5","status":"publish","type":"page","link":"https:\/\/www.evoluscience.fr\/index.php\/sixieme\/partie-3\/chapitre-1-lhomme-et-lalimentation\/activite-5\/","title":{"rendered":"Activit\u00e9 5"},"content":{"rendered":"\n<p class=\"has-vivid-green-cyan-color has-text-color has-link-color wp-elements-023bdcd1ecde21d1bc09d3a51f975626\">Comment concilier des repas \u00e0 heure fixe et d\u00e9pense en \u00e9nergie en continu de notre organisme&nbsp;?<\/p>\n\n\n\n<p class=\"has-background\" style=\"background-color:#ffb57f\">Activit\u00e9 5&nbsp;: La digestion des aliments chez l\u2019Homme<\/p>\n\n\n\n<div style=\"height:100px\" aria-hidden=\"true\" class=\"wp-block-spacer\"><\/div>\n\n\n\n<p><em>Comp\u00e9tences travaill\u00e9es\u00a0:<\/em><\/p>\n\n\n\n<ul class=\"wp-block-list\">\n<li><em>Saisir des informations \u00e0 partir de documents<\/em><\/li>\n<\/ul>\n\n\n\n<div style=\"height:100px\" aria-hidden=\"true\" class=\"wp-block-spacer\"><\/div>\n\n\n\n<p>D\u00e9j\u00e0, examinons les r\u00e9gions du corps permettant la digestion.<\/p>\n\n\n\n<ol class=\"wp-block-list\">\n<li>A partir du jeu ci-dessous, compl\u00e9ter le sch\u00e9ma de l\u2019appareil digestif.<\/li>\n<\/ol>\n\n\n\n<p><a href=\"https:\/\/www.pass-education.fr\/le-systeme-digestif-6eme-svt-103-jeux-educatifs-jpd\">https:\/\/www.pass-education.fr\/le-systeme-digestif-6eme-svt-103-jeux-educatifs-jpd<\/a><\/p>\n\n\n\n<div style=\"height:100px\" aria-hidden=\"true\" class=\"wp-block-spacer\"><\/div>\n\n\n\n<p>Maintenant, essayons simplement de comprendre comment la digestion fonctionne.<\/p>\n\n\n\n<p>2. A partir de la vid\u00e9o, indiquer le nom du liquide permettant le d\u00e9coupage chimique des aliments en nutriments.<\/p>\n\n\n\n<div style=\"height:100px\" aria-hidden=\"true\" class=\"wp-block-spacer\"><\/div>\n\n\n\n<p>3. Expliquer comment il est possible que les spationautes dig\u00e8rent les aliments alors que dans l\u2019Espace il n\u2019y a pas de gravit\u00e9.<\/p>\n\n\n\n<figure class=\"wp-block-video\"><video height=\"1080\" style=\"aspect-ratio: 1920 \/ 1080;\" width=\"1920\" controls poster=\"https:\/\/www.evoluscience.fr\/wp-content\/uploads\/2026\/04\/La-digestion-CM1-CM2-6eme-cycle-3-Sciences-et-technologie-mp4-image.png\" src=\"https:\/\/www.evoluscience.fr\/wp-content\/uploads\/2026\/04\/La-digestion-CM1-CM2-6eme-cycle-3-Sciences-et-technologie.mp4\"><\/video><\/figure>\n\n\n\n<p class=\"has-small-font-size\">Source : <a href=\"https:\/\/www.youtube.com\/watch?v=Q6uGsZ9zv_Q\">https:\/\/www.youtube.com\/watch?v=Q6uGsZ9zv_Q<\/a><\/p>\n\n\n\n<div style=\"height:100px\" aria-hidden=\"true\" class=\"wp-block-spacer\"><\/div>\n\n\n\n<p>4. A partir du jeu, r\u00e9aliser une frise chronologique des \u00e9tapes permettant la transformation des aliments en nutriments.<\/p>\n\n\n\n<figure class=\"wp-block-embed is-type-wp-embed is-provider-learningapps-org wp-block-embed-learningapps-org\"><div class=\"wp-block-embed__wrapper\">\n<iframe loading=\"lazy\" class=\"wp-embedded-content\" sandbox=\"allow-scripts\" security=\"restricted\" title=\"Les \u00e9tapes de la digestion\" src=\"https:\/\/LearningApps.org\/watch?id=pu82cbz5c23#?secret=wMWl8fx8TJ\" data-secret=\"wMWl8fx8TJ\" frameborder=\"0\" width=\"950\" height=\"500\"><\/iframe>\n<\/div><\/figure>\n\n\n\n<div style=\"height:100px\" aria-hidden=\"true\" class=\"wp-block-spacer\"><\/div>\n\n\n<div class=\"wp-block-image\">\n<figure class=\"aligncenter size-full is-resized\"><a href=\"https:\/\/www.evoluscience.fr\/index.php\/sixieme\/partie-3\/chapitre-1-lhomme-et-lalimentation\/activite-5\/conclusion\/\" target=\"_blank\" rel=\" noreferrer noopener\"><img loading=\"lazy\" decoding=\"async\" width=\"538\" height=\"538\" src=\"https:\/\/www.evoluscience.fr\/wp-content\/uploads\/2019\/09\/conclusion.png\" alt=\"\" class=\"wp-image-370\" style=\"width:416px;height:auto\" srcset=\"https:\/\/www.evoluscience.fr\/wp-content\/uploads\/2019\/09\/conclusion.png 538w, https:\/\/www.evoluscience.fr\/wp-content\/uploads\/2019\/09\/conclusion-150x150.png 150w, https:\/\/www.evoluscience.fr\/wp-content\/uploads\/2019\/09\/conclusion-300x300.png 300w, https:\/\/www.evoluscience.fr\/wp-content\/uploads\/2019\/09\/conclusion-520x520.png 520w\" sizes=\"auto, (max-width: 538px) 100vw, 538px\" \/><\/a><\/figure>\n<\/div>\n\n<div class=\"wp-block-image\">\n<figure class=\"aligncenter size-full is-resized\"><a href=\"https:\/\/www.evoluscience.fr\/wp-content\/uploads\/2026\/04\/6-P3-Chp1Act5-FC.pdf\" target=\"_blank\" rel=\" noreferrer noopener\"><img loading=\"lazy\" decoding=\"async\" width=\"735\" height=\"735\" src=\"https:\/\/www.evoluscience.fr\/wp-content\/uploads\/2020\/03\/pjiece_jointe-1.png\" alt=\"\" class=\"wp-image-4366\" style=\"width:437px;height:auto\" srcset=\"https:\/\/www.evoluscience.fr\/wp-content\/uploads\/2020\/03\/pjiece_jointe-1.png 735w, https:\/\/www.evoluscience.fr\/wp-content\/uploads\/2020\/03\/pjiece_jointe-1-300x300.png 300w, https:\/\/www.evoluscience.fr\/wp-content\/uploads\/2020\/03\/pjiece_jointe-1-150x150.png 150w, https:\/\/www.evoluscience.fr\/wp-content\/uploads\/2020\/03\/pjiece_jointe-1-520x520.png 520w\" sizes=\"auto, (max-width: 735px) 100vw, 735px\" \/><\/a><\/figure>\n<\/div>","protected":false},"excerpt":{"rendered":"<p>Comment concilier des repas \u00e0 heure fixe et d\u00e9pense en \u00e9nergie en continu de notre organisme&nbsp;? Activit\u00e9 5&nbsp;: La digestion des aliments chez l\u2019Homme Comp\u00e9tences travaill\u00e9es\u00a0: D\u00e9j\u00e0, examinons les r\u00e9gions du corps permettant la digestion.<a class=\"read-more\" href=\"https:\/\/www.evoluscience.fr\/index.php\/sixieme\/partie-3\/chapitre-1-lhomme-et-lalimentation\/activite-5\/\">Continue reading<\/a><\/p>\n","protected":false},"author":1,"featured_media":0,"parent":13649,"menu_order":5,"comment_status":"closed","ping_status":"closed","template":"","meta":{"_monsterinsights_skip_tracking":false,"_monsterinsights_sitenote_active":false,"_monsterinsights_sitenote_note":"","_monsterinsights_sitenote_category":0,"_themeisle_gutenberg_block_has_review":false,"footnotes":""},"class_list":["post-13916","page","type-page","status-publish","hentry"],"_links":{"self":[{"href":"https:\/\/www.evoluscience.fr\/index.php\/wp-json\/wp\/v2\/pages\/13916","targetHints":{"allow":["GET"]}}],"collection":[{"href":"https:\/\/www.evoluscience.fr\/index.php\/wp-json\/wp\/v2\/pages"}],"about":[{"href":"https:\/\/www.evoluscience.fr\/index.php\/wp-json\/wp\/v2\/types\/page"}],"author":[{"embeddable":true,"href":"https:\/\/www.evoluscience.fr\/index.php\/wp-json\/wp\/v2\/users\/1"}],"replies":[{"embeddable":true,"href":"https:\/\/www.evoluscience.fr\/index.php\/wp-json\/wp\/v2\/comments?post=13916"}],"version-history":[{"count":0,"href":"https:\/\/www.evoluscience.fr\/index.php\/wp-json\/wp\/v2\/pages\/13916\/revisions"}],"up":[{"embeddable":true,"href":"https:\/\/www.evoluscience.fr\/index.php\/wp-json\/wp\/v2\/pages\/13649"}],"wp:attachment":[{"href":"https:\/\/www.evoluscience.fr\/index.php\/wp-json\/wp\/v2\/media?parent=13916"}],"curies":[{"name":"wp","href":"https:\/\/api.w.org\/{rel}","templated":true}]}}