{"id":13755,"date":"2026-04-14T11:12:56","date_gmt":"2026-04-14T09:12:56","guid":{"rendered":"https:\/\/www.evoluscience.fr\/?page_id=13755"},"modified":"2026-04-14T19:23:49","modified_gmt":"2026-04-14T17:23:49","slug":"chansons-de-cours","status":"publish","type":"page","link":"https:\/\/www.evoluscience.fr\/index.php\/cycle-4\/chansons-de-cours\/","title":{"rendered":"Chansons de cours"},"content":{"rendered":"<div id=\"modal-ready\">\n<p>Voici les chansons r\u00e9alis\u00e9es \u00e0 l&rsquo;aide de l&rsquo;IA contenant des informations de cours.<\/p>\n\n\n\n<p>Elles synth\u00e9tisent une partie des connaissances \u00e0 retenir.<\/p>\n\n\n\n<div style=\"height:100px\" aria-hidden=\"true\" class=\"wp-block-spacer\"><\/div>\n\n\n\n<p>Pour que vous vous y retrouviez plus facilement, les chansons sont organis\u00e9es en cat\u00e9gories.<\/p>\n\n\n\n<div class=\"wp-block-columns alignwide is-layout-flex wp-container-core-columns-is-layout-9d6595d7 wp-block-columns-is-layout-flex\">\n<div class=\"wp-block-column is-vertically-aligned-top is-layout-flow wp-block-column-is-layout-flow\" style=\"flex-basis:25%\">\n<p class=\"has-text-align-center\">Corps et Sant\u00e9<\/p>\n<\/div>\n\n\n\n<div class=\"wp-block-column is-vertically-aligned-top is-layout-flow wp-block-column-is-layout-flow\" style=\"flex-basis:33%\">\n<div style=\"height:0px\" aria-hidden=\"true\" class=\"wp-block-spacer\"><\/div>\n\n\n\n<p class=\"has-text-align-center\">Le Vivant<\/p>\n\n\n\n<div class=\"wp-block-cover\"><img loading=\"lazy\" decoding=\"async\" width=\"360\" height=\"360\" class=\"wp-block-cover__image-background wp-image-13782\" alt=\"\" src=\"https:\/\/www.evoluscience.fr\/wp-content\/uploads\/2026\/04\/Arbre-phylogenetique-mp3-image.jpg\" data-object-fit=\"cover\" srcset=\"https:\/\/www.evoluscience.fr\/wp-content\/uploads\/2026\/04\/Arbre-phylogenetique-mp3-image.jpg 360w, https:\/\/www.evoluscience.fr\/wp-content\/uploads\/2026\/04\/Arbre-phylogenetique-mp3-image-300x300.jpg 300w, https:\/\/www.evoluscience.fr\/wp-content\/uploads\/2026\/04\/Arbre-phylogenetique-mp3-image-150x150.jpg 150w\" sizes=\"auto, (max-width: 360px) 100vw, 360px\" \/><span aria-hidden=\"true\" class=\"wp-block-cover__background has-background-dim\"><\/span><div class=\"wp-block-cover__inner-container is-layout-flow wp-block-cover-is-layout-flow\">\n<p class=\"has-text-align-center has-large-font-size\">Arbre phylog\u00e9n\u00e9tique<\/p>\n\n\n\n<figure class=\"wp-block-audio\"><audio controls src=\"https:\/\/www.evoluscience.fr\/wp-content\/uploads\/2026\/04\/Arbre-phylogenetique.mp3\"><\/audio><\/figure>\n<\/div><\/div>\n\n\n\n<div class=\"wp-block-cover\"><img loading=\"lazy\" decoding=\"async\" width=\"360\" height=\"360\" class=\"wp-block-cover__image-background wp-image-13795\" alt=\"\" src=\"https:\/\/www.evoluscience.fr\/wp-content\/uploads\/2026\/04\/Liens-de-parente-mp3-image.jpg\" data-object-fit=\"cover\" srcset=\"https:\/\/www.evoluscience.fr\/wp-content\/uploads\/2026\/04\/Liens-de-parente-mp3-image.jpg 360w, https:\/\/www.evoluscience.fr\/wp-content\/uploads\/2026\/04\/Liens-de-parente-mp3-image-300x300.jpg 300w, https:\/\/www.evoluscience.fr\/wp-content\/uploads\/2026\/04\/Liens-de-parente-mp3-image-150x150.jpg 150w\" sizes=\"auto, (max-width: 360px) 100vw, 360px\" \/><span aria-hidden=\"true\" class=\"wp-block-cover__background has-background-dim\"><\/span><div class=\"wp-block-cover__inner-container is-layout-flow wp-block-cover-is-layout-flow\">\n<p class=\"has-text-align-center has-large-font-size\">Liens de parent\u00e9<\/p>\n\n\n\n<figure class=\"wp-block-audio\"><audio controls src=\"https:\/\/www.evoluscience.fr\/wp-content\/uploads\/2026\/04\/Liens-de-parente.mp3\"><\/audio><\/figure>\n<\/div><\/div>\n\n\n\n<div class=\"wp-block-cover\"><img loading=\"lazy\" decoding=\"async\" width=\"360\" height=\"360\" class=\"wp-block-cover__image-background wp-image-13815\" alt=\"\" src=\"https:\/\/www.evoluscience.fr\/wp-content\/uploads\/2026\/04\/Paires-De-Chromosomes-mp3-image.jpg\" data-object-fit=\"cover\" srcset=\"https:\/\/www.evoluscience.fr\/wp-content\/uploads\/2026\/04\/Paires-De-Chromosomes-mp3-image.jpg 360w, https:\/\/www.evoluscience.fr\/wp-content\/uploads\/2026\/04\/Paires-De-Chromosomes-mp3-image-300x300.jpg 300w, https:\/\/www.evoluscience.fr\/wp-content\/uploads\/2026\/04\/Paires-De-Chromosomes-mp3-image-150x150.jpg 150w\" sizes=\"auto, (max-width: 360px) 100vw, 360px\" \/><span aria-hidden=\"true\" class=\"wp-block-cover__background has-background-dim\"><\/span><div class=\"wp-block-cover__inner-container is-layout-flow wp-block-cover-is-layout-flow\">\n<p class=\"has-text-align-center has-large-font-size\">Paires de chromosomes<\/p>\n\n\n\n<figure class=\"wp-block-audio\"><audio controls src=\"https:\/\/www.evoluscience.fr\/wp-content\/uploads\/2026\/04\/Paires-De-Chromosomes.mp3\"><\/audio><\/figure>\n<\/div><\/div>\n\n\n\n<div style=\"height:190px\" aria-hidden=\"true\" class=\"wp-block-spacer\"><\/div>\n<\/div>\n\n\n\n<div class=\"wp-block-column is-vertically-aligned-top is-layout-flow wp-block-column-is-layout-flow\" style=\"flex-basis:33%\">\n<p class=\"has-text-align-center\">La Terre<\/p>\n\n\n\n<div class=\"wp-block-cover\"><img loading=\"lazy\" decoding=\"async\" width=\"360\" height=\"360\" class=\"wp-block-cover__image-background wp-image-13749\" alt=\"\" src=\"https:\/\/www.evoluscience.fr\/wp-content\/uploads\/2026\/04\/3e-Planete-mp3-image.jpg\" data-object-fit=\"cover\" srcset=\"https:\/\/www.evoluscience.fr\/wp-content\/uploads\/2026\/04\/3e-Planete-mp3-image.jpg 360w, https:\/\/www.evoluscience.fr\/wp-content\/uploads\/2026\/04\/3e-Planete-mp3-image-300x300.jpg 300w, https:\/\/www.evoluscience.fr\/wp-content\/uploads\/2026\/04\/3e-Planete-mp3-image-150x150.jpg 150w\" sizes=\"auto, (max-width: 360px) 100vw, 360px\" \/><span aria-hidden=\"true\" class=\"wp-block-cover__background has-background-dim\"><\/span><div class=\"wp-block-cover__inner-container is-layout-flow wp-block-cover-is-layout-flow\">\n<p class=\"has-text-align-center has-white-color has-text-color has-link-color has-large-font-size wp-elements-e1bd2189c23bc2b77df52a3f90140251\">3e plan\u00e8te<\/p>\n\n\n\n<figure class=\"wp-block-audio\"><audio controls src=\"https:\/\/www.evoluscience.fr\/wp-content\/uploads\/2026\/04\/3e-Planete.mp3\"><\/audio><\/figure>\n<\/div><\/div>\n\n\n\n<div class=\"wp-block-cover\"><img loading=\"lazy\" decoding=\"async\" width=\"360\" height=\"360\" class=\"wp-block-cover__image-background wp-image-13761\" alt=\"\" src=\"https:\/\/www.evoluscience.fr\/wp-content\/uploads\/2026\/04\/Atmosphere-mp3-image.jpg\" data-object-fit=\"cover\" srcset=\"https:\/\/www.evoluscience.fr\/wp-content\/uploads\/2026\/04\/Atmosphere-mp3-image.jpg 360w, https:\/\/www.evoluscience.fr\/wp-content\/uploads\/2026\/04\/Atmosphere-mp3-image-300x300.jpg 300w, https:\/\/www.evoluscience.fr\/wp-content\/uploads\/2026\/04\/Atmosphere-mp3-image-150x150.jpg 150w\" sizes=\"auto, (max-width: 360px) 100vw, 360px\" \/><span aria-hidden=\"true\" class=\"wp-block-cover__background has-background-dim\"><\/span><div class=\"wp-block-cover__inner-container is-layout-flow wp-block-cover-is-layout-flow\">\n<p class=\"has-text-align-center has-white-color has-text-color has-link-color has-large-font-size wp-elements-97ee94fcbe0862963218120f52915151\">Atmosph\u00e8re<\/p>\n\n\n\n<figure class=\"wp-block-audio\"><audio controls src=\"https:\/\/www.evoluscience.fr\/wp-content\/uploads\/2026\/04\/Atmosphere.mp3\"><\/audio><\/figure>\n<\/div><\/div>\n\n\n\n<div style=\"height:285px\" aria-hidden=\"true\" class=\"wp-block-spacer\"><\/div>\n<\/div>\n<\/div>\n\n\n\n<p><\/p>\n\n\n\n<div style=\"height:100px\" aria-hidden=\"true\" class=\"wp-block-spacer\"><\/div>\n\n\n\n<p class=\"has-small-font-size\">(Le site utilis\u00e9 est www.suno.com)<\/p>\n\n\n\n<p>C&rsquo;est \u00e0 vous de jouer !<\/p>\n\n\n\n<p>Vive la curiosit\u00e9 !<\/p>\n\n\n\n<p class=\"has-text-align-right\">Mme VERKEST<\/p>\n\n\n<div class=\"wp-block-image\">\n<figure class=\"alignright size-full\"><img loading=\"lazy\" decoding=\"async\" width=\"256\" height=\"256\" src=\"https:\/\/www.evoluscience.fr\/wp-content\/uploads\/2021\/05\/cropped-logo-edited.png\" alt=\"\" class=\"wp-image-6876\" srcset=\"https:\/\/www.evoluscience.fr\/wp-content\/uploads\/2021\/05\/cropped-logo-edited.png 256w, https:\/\/www.evoluscience.fr\/wp-content\/uploads\/2021\/05\/cropped-logo-edited-150x150.png 150w, https:\/\/www.evoluscience.fr\/wp-content\/uploads\/2021\/05\/cropped-logo-edited-75x75.png 75w\" sizes=\"auto, (max-width: 256px) 100vw, 256px\" \/><\/figure>\n<\/div><\/div>","protected":false},"excerpt":{"rendered":"<p>Voici les chansons r\u00e9alis\u00e9es \u00e0 l&rsquo;aide de l&rsquo;IA contenant des informations de cours. Elles synth\u00e9tisent une partie des connaissances \u00e0 retenir. Pour que vous vous y retrouviez plus facilement, les chansons sont organis\u00e9es en cat\u00e9gories.<a class=\"read-more\" href=\"https:\/\/www.evoluscience.fr\/index.php\/cycle-4\/chansons-de-cours\/\">Continue reading<\/a><\/p>\n","protected":false},"author":1,"featured_media":0,"parent":183,"menu_order":4,"comment_status":"closed","ping_status":"closed","template":"","meta":{"om_disable_all_campaigns":false,"_monsterinsights_skip_tracking":false,"_monsterinsights_sitenote_active":false,"_monsterinsights_sitenote_note":"","_monsterinsights_sitenote_category":0,"_themeisle_gutenberg_block_has_review":false,"footnotes":""},"c2tw_page_folder":[],"class_list":["post-13755","page","type-page","status-publish","hentry"],"aioseo_notices":[],"_links":{"self":[{"href":"https:\/\/www.evoluscience.fr\/index.php\/wp-json\/wp\/v2\/pages\/13755","targetHints":{"allow":["GET"]}}],"collection":[{"href":"https:\/\/www.evoluscience.fr\/index.php\/wp-json\/wp\/v2\/pages"}],"about":[{"href":"https:\/\/www.evoluscience.fr\/index.php\/wp-json\/wp\/v2\/types\/page"}],"author":[{"embeddable":true,"href":"https:\/\/www.evoluscience.fr\/index.php\/wp-json\/wp\/v2\/users\/1"}],"replies":[{"embeddable":true,"href":"https:\/\/www.evoluscience.fr\/index.php\/wp-json\/wp\/v2\/comments?post=13755"}],"version-history":[{"count":0,"href":"https:\/\/www.evoluscience.fr\/index.php\/wp-json\/wp\/v2\/pages\/13755\/revisions"}],"up":[{"embeddable":true,"href":"https:\/\/www.evoluscience.fr\/index.php\/wp-json\/wp\/v2\/pages\/183"}],"wp:attachment":[{"href":"https:\/\/www.evoluscience.fr\/index.php\/wp-json\/wp\/v2\/media?parent=13755"}],"wp:term":[{"taxonomy":"c2tw_page_folder","embeddable":true,"href":"https:\/\/www.evoluscience.fr\/index.php\/wp-json\/wp\/v2\/c2tw_page_folder?post=13755"}],"curies":[{"name":"wp","href":"https:\/\/api.w.org\/{rel}","templated":true}]}}