{"id":1360,"date":"2019-10-01T14:44:22","date_gmt":"2019-10-01T12:44:22","guid":{"rendered":"http:\/\/evoluscience.fr\/?page_id=1360"},"modified":"2026-03-23T18:53:08","modified_gmt":"2026-03-23T17:53:08","slug":"5e-le-vivant","status":"publish","type":"page","link":"https:\/\/www.evoluscience.fr\/index.php\/cycle-4\/cinquieme\/5e-le-vivant\/","title":{"rendered":"5e &#8211; Le Vivant"},"content":{"rendered":"\n<div id=\"wp-block-themeisle-blocks-advanced-columns-1fa76b8f\" class=\"wp-block-themeisle-blocks-advanced-columns has-1-columns has-desktop-equal-layout has-tablet-equal-layout has-mobile-equal-layout has-vertical-unset\"><div class=\"wp-block-themeisle-blocks-advanced-columns-overlay\"><\/div><div class=\"innerblocks-wrap\">\n<div id=\"wp-block-themeisle-blocks-advanced-column-02d8a0b2\" class=\"wp-block-themeisle-blocks-advanced-column\">\n<div style=\"height:91px\" aria-hidden=\"true\" class=\"wp-block-spacer\"><\/div>\n\n\n\n<div class=\"wp-block-media-text alignwide\" style=\"grid-template-columns:51% auto\"><figure class=\"wp-block-media-text__media\"><img loading=\"lazy\" decoding=\"async\" width=\"600\" height=\"600\" src=\"https:\/\/evoluscience.fr\/wp-content\/uploads\/2019\/09\/rainette_vert.jpg\" alt=\"\" class=\"wp-image-250 size-full\" srcset=\"https:\/\/www.evoluscience.fr\/wp-content\/uploads\/2019\/09\/rainette_vert.jpg 600w, https:\/\/www.evoluscience.fr\/wp-content\/uploads\/2019\/09\/rainette_vert-150x150.jpg 150w, https:\/\/www.evoluscience.fr\/wp-content\/uploads\/2019\/09\/rainette_vert-300x300.jpg 300w, https:\/\/www.evoluscience.fr\/wp-content\/uploads\/2019\/09\/rainette_vert-520x520.jpg 520w\" sizes=\"auto, (max-width: 600px) 100vw, 600px\" \/><\/figure><div class=\"wp-block-media-text__content\">\n<p class=\"has-vivid-green-cyan-color has-text-color has-large-font-size\">         <strong>Le vivant<\/strong><\/p>\n<\/div><\/div>\n\n\n\n<div style=\"height:58px\" aria-hidden=\"true\" class=\"wp-block-spacer\"><\/div>\n\n\n\n<p class=\"has-drop-cap\"><em>Nicolas et No\u00e9mie sont contents\nd\u2019apprendre comment fonctionne leur organisme&nbsp;!<\/em><\/p>\n\n\n\n<p><em>Mais ils se demandent si ces\nfonctionnements sont identiques chez leur poisson rouge, leur chat, les fourmis\ndu jardin voire l\u2019hibiscus du parc&nbsp;!<\/em><\/p>\n\n\n\n<div style=\"height:34px\" aria-hidden=\"true\" class=\"wp-block-spacer\"><\/div>\n\n\n\n<p class=\"has-vivid-green-cyan-color has-text-color\">Comment\nles fonctions vitales sont-elles r\u00e9alis\u00e9es chez les autres groupes d\u2019\u00eatres\nvivants&nbsp;?<\/p>\n\n\n\n<div style=\"height:30px\" aria-hidden=\"true\" class=\"wp-block-spacer\"><\/div>\n\n\n\n<p>A votre avis, quels points communs avons-nous avec eux&nbsp;? En quoi sommes-nous diff\u00e9rents&nbsp;?<\/p>\n\n\n\n<div style=\"height:100px\" aria-hidden=\"true\" class=\"wp-block-spacer\"><\/div>\n\n\n\n<p><a href=\"https:\/\/evoluscience.fr\/index.php\/cycle-4\/cinquieme-2\/5e-le-vivant\/chapitre-1-la-respiration-chez-les-etres-vivants\/\">Chapitre 1 &#8211; La respiration chez les \u00eatres vivants<\/a><\/p>\n\n\n\n<p><a href=\"https:\/\/evoluscience.fr\/index.php\/cycle-4\/cinquieme-2\/5e-le-vivant\/chapitre-2-la-nutrition-chez-les-etres-vivants\/\">Chapitre 2 &#8211; La nutrition chez les \u00eatres vivants<\/a><\/p>\n\n\n\n<p><a href=\"https:\/\/evoluscience.fr\/index.php\/cycle-4\/cinquieme-2\/5e-le-vivant\/chapitre-3-lelimination-des-dechets\/\">Chapitre 3 &#8211; L&rsquo;\u00e9limination des d\u00e9chets<\/a><\/p>\n\n\n\n<p><a href=\"https:\/\/evoluscience.fr\/index.php\/cycle-4\/cinquieme-2\/5e-le-vivant\/chapitre-4-caracteristiques-de-la-diversite-des-etres-vivants\/\">Chapitre 4 &#8211; Caract\u00e9ristiques de la diversit\u00e9 des \u00eatres vivants<\/a><\/p>\n<\/div>\n<\/div><\/div>\n\n\n\n<div style=\"height:100px\" aria-hidden=\"true\" class=\"wp-block-spacer\"><\/div>\n\n\n\n<p>Acc\u00e8s aux cours de SVT<\/p>\n","protected":false},"excerpt":{"rendered":"<p>Acc\u00e8s aux cours de SVT<\/p>\n","protected":false},"author":1,"featured_media":0,"parent":1333,"menu_order":3,"comment_status":"closed","ping_status":"closed","template":"","meta":{"_monsterinsights_skip_tracking":false,"_monsterinsights_sitenote_active":false,"_monsterinsights_sitenote_note":"","_monsterinsights_sitenote_category":0,"_themeisle_gutenberg_block_has_review":false,"footnotes":""},"class_list":["post-1360","page","type-page","status-publish","hentry"],"_links":{"self":[{"href":"https:\/\/www.evoluscience.fr\/index.php\/wp-json\/wp\/v2\/pages\/1360","targetHints":{"allow":["GET"]}}],"collection":[{"href":"https:\/\/www.evoluscience.fr\/index.php\/wp-json\/wp\/v2\/pages"}],"about":[{"href":"https:\/\/www.evoluscience.fr\/index.php\/wp-json\/wp\/v2\/types\/page"}],"author":[{"embeddable":true,"href":"https:\/\/www.evoluscience.fr\/index.php\/wp-json\/wp\/v2\/users\/1"}],"replies":[{"embeddable":true,"href":"https:\/\/www.evoluscience.fr\/index.php\/wp-json\/wp\/v2\/comments?post=1360"}],"version-history":[{"count":0,"href":"https:\/\/www.evoluscience.fr\/index.php\/wp-json\/wp\/v2\/pages\/1360\/revisions"}],"up":[{"embeddable":true,"href":"https:\/\/www.evoluscience.fr\/index.php\/wp-json\/wp\/v2\/pages\/1333"}],"wp:attachment":[{"href":"https:\/\/www.evoluscience.fr\/index.php\/wp-json\/wp\/v2\/media?parent=1360"}],"curies":[{"name":"wp","href":"https:\/\/api.w.org\/{rel}","templated":true}]}}