{"id":1349,"date":"2019-10-01T13:22:53","date_gmt":"2019-10-01T11:22:53","guid":{"rendered":"http:\/\/evoluscience.fr\/?page_id=1349"},"modified":"2026-03-23T19:00:10","modified_gmt":"2026-03-23T18:00:10","slug":"troisieme-2","status":"publish","type":"page","link":"https:\/\/www.evoluscience.fr\/index.php\/cycle-4\/troisieme-2\/","title":{"rendered":"Troisi\u00e8me"},"content":{"rendered":"\n<div class=\"wp-block-columns is-layout-flex wp-container-core-columns-is-layout-9d6595d7 wp-block-columns-is-layout-flex\">\n<div class=\"wp-block-column is-layout-flow wp-block-column-is-layout-flow\" style=\"flex-basis:100%\">\n<div class=\"wp-block-columns is-layout-flex wp-container-core-columns-is-layout-9d6595d7 wp-block-columns-is-layout-flex\">\n<div class=\"wp-block-column is-layout-flow wp-block-column-is-layout-flow\" style=\"flex-basis:100%\">\n<div class=\"wp-block-themeisle-blocks-advanced-columns has-1-columns has-desktop-equal-layout has-tablet-equal-layout has-mobile-equal-layout has-default-gap has-vertical-unset\" id=\"wp-block-themeisle-blocks-advanced-columns-415b877d\" style=\"border-width:0px;border-style:solid;border-color:#000000;border-radius:0px;justify-content:unset\"><div class=\"wp-themeisle-block-overlay\" style=\"opacity:0.5;mix-blend-mode:normal\"><\/div><div class=\"innerblocks-wrap\">\n<div class=\"wp-block-themeisle-blocks-advanced-column\" id=\"wp-block-themeisle-blocks-advanced-column-776ced31\" style=\"border-width:0px;border-style:solid;border-color:#000000;border-radius:0px\">\n<div style=\"height:63px\" aria-hidden=\"true\" class=\"wp-block-spacer\"><\/div>\n<p>En 3e, on termine le cycle 4 des cours de SVT. <\/p>\n<p>Il sera \u00e9tudi\u00e9 trois parties dont l&rsquo;objectif est principalement cette ann\u00e9e de comprendre comment prendre les bonnes d\u00e9cisions pour notre sant\u00e9 et notre environnement. On \u00e9tudiera aussi les diff\u00e9rentes cons\u00e9quences possibles en fonction des interactions. <\/p>\n<p> Les connaissances et les comp\u00e9tences \u00e9tudi\u00e9es peuvent \u00eatre \u00e9valu\u00e9es lors du brevet. Pour se pr\u00e9parer, il est important de r\u00e9aliser les cartes d&rsquo;id\u00e9es ou les fiches de r\u00e9vision indiqu\u00e9s dans les devoirs. Ces r\u00e9sum\u00e9s seront rang\u00e9s dans le porte-vue. <\/p>\n<p>Des quiz pour chaque chapitre de cours de SVT sont \u00e0 disposition dans la partie Jeux.<\/p>\n<p>Pour rappel, le brevet de SVT se portera sur l&rsquo;ensemble du programme du cycle 4.<\/p>\n<div style=\"height:132px\" aria-hidden=\"true\" class=\"wp-block-spacer\"><\/div>\n<p>S\u00e9lectionner une des ic\u00f4nes pour acc\u00e9der au cours.<\/p>\n<div style=\"height:34px\" aria-hidden=\"true\" class=\"wp-block-spacer\"><\/div>\n<div class=\"wp-block-columns has-2-columns\">\n<div class=\"wp-block-column\">\n<div class=\"wp-block-columns has-2-columns\">\n<div class=\"wp-block-column\">\n<p>Parties du programme<\/p>\n<\/div>\n<div class=\"wp-block-column\">\n<p class=\"has-text-align-center\">Corps &amp; Sant\u00e9<\/p>\n<figure class=\"wp-block-image\"><a href=\"https:\/\/evoluscience.fr\/index.php\/cycle-4\/troisieme-2\/troisieme\/\"><img loading=\"lazy\" decoding=\"async\" width=\"600\" height=\"600\" src=\"https:\/\/evoluscience.fr\/wp-content\/uploads\/2019\/09\/caducee_violet.jpg\" alt=\"\" class=\"wp-image-247\" srcset=\"https:\/\/www.evoluscience.fr\/wp-content\/uploads\/2019\/09\/caducee_violet.jpg 600w, https:\/\/www.evoluscience.fr\/wp-content\/uploads\/2019\/09\/caducee_violet-150x150.jpg 150w, https:\/\/www.evoluscience.fr\/wp-content\/uploads\/2019\/09\/caducee_violet-300x300.jpg 300w, https:\/\/www.evoluscience.fr\/wp-content\/uploads\/2019\/09\/caducee_violet-520x520.jpg 520w\" sizes=\"auto, (max-width: 600px) 100vw, 600px\" \/><\/a><\/figure>\n<\/div>\n<\/div>\n<\/div>\n<div class=\"wp-block-column\">\n<div class=\"wp-block-columns has-2-columns\">\n<div class=\"wp-block-column\">\n<p class=\"has-text-align-center\">Le       Vivant<\/p>\n<figure class=\"wp-block-image\"><a href=\"https:\/\/evoluscience.fr\/index.php\/cycle-4\/troisieme-2\/3e-le-vivant\/\"><img loading=\"lazy\" decoding=\"async\" width=\"600\" height=\"600\" src=\"https:\/\/evoluscience.fr\/wp-content\/uploads\/2019\/09\/rainette_violet.jpg\" alt=\"\" class=\"wp-image-251\" srcset=\"https:\/\/www.evoluscience.fr\/wp-content\/uploads\/2019\/09\/rainette_violet.jpg 600w, https:\/\/www.evoluscience.fr\/wp-content\/uploads\/2019\/09\/rainette_violet-150x150.jpg 150w, https:\/\/www.evoluscience.fr\/wp-content\/uploads\/2019\/09\/rainette_violet-300x300.jpg 300w, https:\/\/www.evoluscience.fr\/wp-content\/uploads\/2019\/09\/rainette_violet-520x520.jpg 520w\" sizes=\"auto, (max-width: 600px) 100vw, 600px\" \/><\/a><\/figure>\n<\/div>\n<div class=\"wp-block-column\">\n<p class=\"has-text-align-center\">La         Terre<\/p>\n<figure class=\"wp-block-image\"><a href=\"https:\/\/evoluscience.fr\/index.php\/cycle-4\/troisieme-2\/3e-la-planete-terre-lenvironnement-laction-humaine\/\"><img loading=\"lazy\" decoding=\"async\" width=\"600\" height=\"600\" src=\"https:\/\/evoluscience.fr\/wp-content\/uploads\/2019\/09\/terre_violet.jpg\" alt=\"\" class=\"wp-image-254\" srcset=\"https:\/\/www.evoluscience.fr\/wp-content\/uploads\/2019\/09\/terre_violet.jpg 600w, https:\/\/www.evoluscience.fr\/wp-content\/uploads\/2019\/09\/terre_violet-150x150.jpg 150w, https:\/\/www.evoluscience.fr\/wp-content\/uploads\/2019\/09\/terre_violet-300x300.jpg 300w, https:\/\/www.evoluscience.fr\/wp-content\/uploads\/2019\/09\/terre_violet-520x520.jpg 520w\" sizes=\"auto, (max-width: 600px) 100vw, 600px\" \/><\/a><\/figure>\n<\/div>\n<\/div>\n<p><\/p>\n<\/div>\n<\/div>\n<\/div>\n<\/div><\/div>\n<\/div>\n<\/div>\n<\/div>\n<\/div>\n\n\n\n<div style=\"height:100px\" aria-hidden=\"true\" class=\"wp-block-spacer\"><\/div>\n\n\n\n<p><\/p>\n\n\n<div class=\"wp-block-image\">\n<figure class=\"aligncenter size-large is-resized\"><img loading=\"lazy\" decoding=\"async\" width=\"1024\" height=\"768\" src=\"https:\/\/www.evoluscience.fr\/wp-content\/uploads\/2023\/08\/image-2-1024x768.png\" alt=\"\" class=\"wp-image-9391\" style=\"width:564px;height:423px\" srcset=\"https:\/\/www.evoluscience.fr\/wp-content\/uploads\/2023\/08\/image-2-1024x768.png 1024w, https:\/\/www.evoluscience.fr\/wp-content\/uploads\/2023\/08\/image-2-300x225.png 300w, https:\/\/www.evoluscience.fr\/wp-content\/uploads\/2023\/08\/image-2-768x576.png 768w, https:\/\/www.evoluscience.fr\/wp-content\/uploads\/2023\/08\/image-2-1536x1152.png 1536w, https:\/\/www.evoluscience.fr\/wp-content\/uploads\/2023\/08\/image-2-520x390.png 520w, https:\/\/www.evoluscience.fr\/wp-content\/uploads\/2023\/08\/image-2-740x555.png 740w, https:\/\/www.evoluscience.fr\/wp-content\/uploads\/2023\/08\/image-2.png 2048w\" sizes=\"auto, (max-width: 1024px) 100vw, 1024px\" \/><\/figure>\n<\/div>","protected":false},"excerpt":{"rendered":"<p>En 3e, on termine le cycle 4 des cours de SVT. Il sera \u00e9tudi\u00e9 trois parties dont l&rsquo;objectif est principalement cette ann\u00e9e de comprendre comment prendre les bonnes d\u00e9cisions pour notre sant\u00e9 et notre environnement.<a class=\"read-more\" href=\"https:\/\/www.evoluscience.fr\/index.php\/cycle-4\/troisieme-2\/\">Continue reading<\/a><\/p>\n","protected":false},"author":1,"featured_media":0,"parent":183,"menu_order":4,"comment_status":"closed","ping_status":"closed","template":"","meta":{"_monsterinsights_skip_tracking":false,"_monsterinsights_sitenote_active":false,"_monsterinsights_sitenote_note":"","_monsterinsights_sitenote_category":0,"_themeisle_gutenberg_block_has_review":false,"footnotes":""},"class_list":["post-1349","page","type-page","status-publish","hentry"],"_links":{"self":[{"href":"https:\/\/www.evoluscience.fr\/index.php\/wp-json\/wp\/v2\/pages\/1349","targetHints":{"allow":["GET"]}}],"collection":[{"href":"https:\/\/www.evoluscience.fr\/index.php\/wp-json\/wp\/v2\/pages"}],"about":[{"href":"https:\/\/www.evoluscience.fr\/index.php\/wp-json\/wp\/v2\/types\/page"}],"author":[{"embeddable":true,"href":"https:\/\/www.evoluscience.fr\/index.php\/wp-json\/wp\/v2\/users\/1"}],"replies":[{"embeddable":true,"href":"https:\/\/www.evoluscience.fr\/index.php\/wp-json\/wp\/v2\/comments?post=1349"}],"version-history":[{"count":0,"href":"https:\/\/www.evoluscience.fr\/index.php\/wp-json\/wp\/v2\/pages\/1349\/revisions"}],"up":[{"embeddable":true,"href":"https:\/\/www.evoluscience.fr\/index.php\/wp-json\/wp\/v2\/pages\/183"}],"wp:attachment":[{"href":"https:\/\/www.evoluscience.fr\/index.php\/wp-json\/wp\/v2\/media?parent=1349"}],"curies":[{"name":"wp","href":"https:\/\/api.w.org\/{rel}","templated":true}]}}