{"id":13462,"date":"2026-03-09T16:46:46","date_gmt":"2026-03-09T15:46:46","guid":{"rendered":"https:\/\/www.evoluscience.fr\/?page_id=13462"},"modified":"2026-03-11T17:10:36","modified_gmt":"2026-03-11T16:10:36","slug":"conclusion","status":"publish","type":"page","link":"https:\/\/www.evoluscience.fr\/index.php\/sixieme\/partie-2\/chapitre-3-masse-et-volume\/activite-3\/conclusion\/","title":{"rendered":"Conclusion"},"content":{"rendered":"\n<p class=\"has-drop-cap has-vivid-red-color has-text-color has-link-color wp-elements-c16c7fe0f4107121edf4cc61eefdf9f4\">Certains mat\u00e9riaux sont plus denses que d\u2019autres.<\/p>\n\n\n\n<p class=\"has-vivid-red-color has-text-color has-link-color wp-elements-2b7bbee649f7bafbba1e20e17d762688\">Ils p\u00e8sent plus lourds pour un m\u00eame volume = leur volume est plus important pour atteindre la m\u00eame masse.<\/p>\n\n\n\n<p class=\"has-vivid-red-color has-text-color has-link-color wp-elements-ad3b3a0ad58a796eef3569d15f046e78\">Par exemple,&nbsp;1L d\u2019eau p\u00e8se 1 kg.<\/p>\n\n\n\n<p class=\"has-text-color has-link-color wp-elements-a332d9aa6867812a9bffab7ec843e0c0\" style=\"color:#ff5882\"><strong>Certains liquides se m\u00e9langent&nbsp;: ils sont miscibles.<\/strong><\/p>\n\n\n\n<p class=\"has-text-color has-link-color wp-elements-000475628a830fbdb7092ad7229a1c3a\" style=\"color:#ff6087\"><strong>Certains liquides ne se m\u00e9langent pas&nbsp;: ils sont non miscibles.<\/strong><\/p>\n\n\n\n<p><\/p>\n","protected":false},"excerpt":{"rendered":"<p>Certains mat\u00e9riaux sont plus denses que d\u2019autres. Ils p\u00e8sent plus lourds pour un m\u00eame volume = leur volume est plus important pour atteindre la m\u00eame masse. Par exemple,&nbsp;1L d\u2019eau p\u00e8se 1 kg. Certains liquides se<a class=\"read-more\" href=\"https:\/\/www.evoluscience.fr\/index.php\/sixieme\/partie-2\/chapitre-3-masse-et-volume\/activite-3\/conclusion\/\">Continue reading<\/a><\/p>\n","protected":false},"author":1,"featured_media":0,"parent":13454,"menu_order":1,"comment_status":"closed","ping_status":"closed","template":"","meta":{"_monsterinsights_skip_tracking":false,"_monsterinsights_sitenote_active":false,"_monsterinsights_sitenote_note":"","_monsterinsights_sitenote_category":0,"_themeisle_gutenberg_block_has_review":false,"footnotes":""},"class_list":["post-13462","page","type-page","status-publish","hentry"],"_links":{"self":[{"href":"https:\/\/www.evoluscience.fr\/index.php\/wp-json\/wp\/v2\/pages\/13462","targetHints":{"allow":["GET"]}}],"collection":[{"href":"https:\/\/www.evoluscience.fr\/index.php\/wp-json\/wp\/v2\/pages"}],"about":[{"href":"https:\/\/www.evoluscience.fr\/index.php\/wp-json\/wp\/v2\/types\/page"}],"author":[{"embeddable":true,"href":"https:\/\/www.evoluscience.fr\/index.php\/wp-json\/wp\/v2\/users\/1"}],"replies":[{"embeddable":true,"href":"https:\/\/www.evoluscience.fr\/index.php\/wp-json\/wp\/v2\/comments?post=13462"}],"version-history":[{"count":0,"href":"https:\/\/www.evoluscience.fr\/index.php\/wp-json\/wp\/v2\/pages\/13462\/revisions"}],"up":[{"embeddable":true,"href":"https:\/\/www.evoluscience.fr\/index.php\/wp-json\/wp\/v2\/pages\/13454"}],"wp:attachment":[{"href":"https:\/\/www.evoluscience.fr\/index.php\/wp-json\/wp\/v2\/media?parent=13462"}],"curies":[{"name":"wp","href":"https:\/\/api.w.org\/{rel}","templated":true}]}}