{"id":13430,"date":"2026-03-09T14:32:18","date_gmt":"2026-03-09T13:32:18","guid":{"rendered":"https:\/\/www.evoluscience.fr\/?page_id=13430"},"modified":"2026-03-11T18:01:09","modified_gmt":"2026-03-11T17:01:09","slug":"activite-2","status":"publish","type":"page","link":"https:\/\/www.evoluscience.fr\/index.php\/sixieme\/partie-2\/chapitre-3-masse-et-volume\/activite-2\/","title":{"rendered":"Activit\u00e9 2"},"content":{"rendered":"\n<p><em>Lors d&rsquo;exp\u00e9rimentations scientifiques, il est courant dans le protocole de mesurer la masse d&rsquo;un objet.<\/em><\/p>\n\n\n\n<div style=\"height:40px\" aria-hidden=\"true\" class=\"wp-block-spacer\"><\/div>\n\n\n\n<p class=\"has-vivid-red-color has-text-color has-link-color wp-elements-1c51abbceb518f0dd1c90acc48924991\"><strong>II. Le volume<\/strong><\/p>\n\n\n\n<p class=\"has-vivid-green-cyan-color has-text-color has-link-color wp-elements-4d4b6104029d1ed5963823e58d7241d9\">Comment r\u00e9alise-t-on une mesure de volume d\u2019un objet&nbsp;?<\/p>\n\n\n\n<p class=\"has-background\" style=\"background-color:#ffbf92\">Activit\u00e9 2&nbsp;: Mesurer le volume d\u2019un objet<\/p>\n\n\n\n<div style=\"height:51px\" aria-hidden=\"true\" class=\"wp-block-spacer\"><\/div>\n\n\n\n<p><em>Comp\u00e9tences travaill\u00e9es&nbsp;:<\/em><\/p>\n\n\n\n<ul class=\"wp-block-list\">\n<li><em>Convertir des grandeurs<\/em><\/li>\n<\/ul>\n\n\n\n<ul class=\"wp-block-list\">\n<li><em>Mesurer le volume d\u2019un objet ou un liquide avec une \u00e9prouvette gradu\u00e9e<\/em><\/li>\n<\/ul>\n\n\n\n<div style=\"height:100px\" aria-hidden=\"true\" class=\"wp-block-spacer\"><\/div>\n\n\n\n<p class=\"has-text-color has-link-color wp-elements-528130b98398e35b00283b79d9d754f4\" style=\"color:#ff4170\"> <strong>Le volume est la place que prend un objet ou liquide.<\/strong><\/p>\n\n\n\n<p class=\"has-text-color has-link-color wp-elements-b1b95502a61e4c366d47ee8b6d1f4800\" style=\"color:#ff3265\"><strong>Il se mesure en litre (L) ou m\u00e8tre cube (m\u00b3) \u00e0 l\u2019aide d\u2019une \u00e9prouvette gradu\u00e9e.<\/strong><\/p>\n\n\n\n<div style=\"height:100px\" aria-hidden=\"true\" class=\"wp-block-spacer\"><\/div>\n\n\n\n<p>Quel mat\u00e9riel utilise-t-on en chimie ?<\/p>\n\n\n<div class=\"wp-block-image\">\n<figure class=\"aligncenter size-full is-resized\"><img loading=\"lazy\" decoding=\"async\" width=\"985\" height=\"508\" src=\"https:\/\/www.evoluscience.fr\/wp-content\/uploads\/2026\/03\/image-15.png\" alt=\"\" class=\"wp-image-13448\" style=\"aspect-ratio:1.939044183949504;width:698px;height:auto\" srcset=\"https:\/\/www.evoluscience.fr\/wp-content\/uploads\/2026\/03\/image-15.png 985w, https:\/\/www.evoluscience.fr\/wp-content\/uploads\/2026\/03\/image-15-300x155.png 300w, https:\/\/www.evoluscience.fr\/wp-content\/uploads\/2026\/03\/image-15-768x396.png 768w, https:\/\/www.evoluscience.fr\/wp-content\/uploads\/2026\/03\/image-15-520x268.png 520w, https:\/\/www.evoluscience.fr\/wp-content\/uploads\/2026\/03\/image-15-740x382.png 740w\" sizes=\"auto, (max-width: 985px) 100vw, 985px\" \/><\/figure>\n<\/div>\n\n\n<div style=\"height:100px\" aria-hidden=\"true\" class=\"wp-block-spacer\"><\/div>\n\n\n\n<p><strong>Comment bien r\u00e9aliser une mesure de volume d&rsquo;un liquide, d&rsquo;un solide ou d&rsquo;un gaz ?<\/strong><\/p>\n\n\n\n<figure class=\"wp-block-image size-large\"><img loading=\"lazy\" decoding=\"async\" width=\"1024\" height=\"711\" src=\"https:\/\/www.evoluscience.fr\/wp-content\/uploads\/2026\/03\/image-11-1024x711.png\" alt=\"\" class=\"wp-image-13433\" srcset=\"https:\/\/www.evoluscience.fr\/wp-content\/uploads\/2026\/03\/image-11-1024x711.png 1024w, https:\/\/www.evoluscience.fr\/wp-content\/uploads\/2026\/03\/image-11-300x208.png 300w, https:\/\/www.evoluscience.fr\/wp-content\/uploads\/2026\/03\/image-11-768x533.png 768w, https:\/\/www.evoluscience.fr\/wp-content\/uploads\/2026\/03\/image-11-1536x1066.png 1536w, https:\/\/www.evoluscience.fr\/wp-content\/uploads\/2026\/03\/image-11-520x361.png 520w, https:\/\/www.evoluscience.fr\/wp-content\/uploads\/2026\/03\/image-11-740x514.png 740w, https:\/\/www.evoluscience.fr\/wp-content\/uploads\/2026\/03\/image-11.png 1772w\" sizes=\"auto, (max-width: 1024px) 100vw, 1024px\" \/><\/figure>\n\n\n\n<div style=\"height:37px\" aria-hidden=\"true\" class=\"wp-block-spacer\"><\/div>\n\n\n\n<p><a href=\"https:\/\/www.evoluscience.fr\/wp-content\/uploads\/2026\/03\/6-P2-Chp3Act2-schema-deplacement-gaz.png\" target=\"_blank\" rel=\"noopener\" title=\"\">Et pour le gaz ? Cliquez ici !<\/a><\/p>\n\n\n\n<div style=\"height:100px\" aria-hidden=\"true\" class=\"wp-block-spacer\"><\/div>\n\n\n\n<div class=\"wp-block-media-text is-stacked-on-mobile\" style=\"grid-template-columns:20% auto\"><figure class=\"wp-block-media-text__media\"><img loading=\"lazy\" decoding=\"async\" width=\"410\" height=\"377\" src=\"https:\/\/www.evoluscience.fr\/wp-content\/uploads\/2026\/03\/image-12.png\" alt=\"\" class=\"wp-image-13434 size-full\" srcset=\"https:\/\/www.evoluscience.fr\/wp-content\/uploads\/2026\/03\/image-12.png 410w, https:\/\/www.evoluscience.fr\/wp-content\/uploads\/2026\/03\/image-12-300x276.png 300w\" sizes=\"auto, (max-width: 410px) 100vw, 410px\" \/><\/figure><div class=\"wp-block-media-text__content\">\n<p>L&rsquo;unit\u00e9 du volume peut \u00eatre le litre (L) ou le m\u00e8tre cube (m<sup>3<\/sup>).<\/p>\n\n\n\n<p>Un m\u00e8tre cube (m<sup>3<\/sup>) correspond \u00e0 un cube dont chaque c\u00f4t\u00e9 mesure 1 m.<\/p>\n<\/div><\/div>\n\n\n\n<p><\/p>\n\n\n\n<p class=\"has-text-color has-link-color wp-elements-ca2337a7002d81b17ac8864e6c10bc30\" style=\"color:#ff4775\"><strong>On peut convertir 1L = 1dm<sup>3<\/sup><\/strong><\/p>\n\n\n\n<figure class=\"wp-block-image size-large\"><img loading=\"lazy\" decoding=\"async\" width=\"1024\" height=\"460\" src=\"https:\/\/www.evoluscience.fr\/wp-content\/uploads\/2026\/03\/image-13-1024x460.png\" alt=\"\" class=\"wp-image-13436\" srcset=\"https:\/\/www.evoluscience.fr\/wp-content\/uploads\/2026\/03\/image-13-1024x460.png 1024w, https:\/\/www.evoluscience.fr\/wp-content\/uploads\/2026\/03\/image-13-300x135.png 300w, https:\/\/www.evoluscience.fr\/wp-content\/uploads\/2026\/03\/image-13-768x345.png 768w, https:\/\/www.evoluscience.fr\/wp-content\/uploads\/2026\/03\/image-13-520x233.png 520w, https:\/\/www.evoluscience.fr\/wp-content\/uploads\/2026\/03\/image-13-740x332.png 740w, https:\/\/www.evoluscience.fr\/wp-content\/uploads\/2026\/03\/image-13.png 1259w\" sizes=\"auto, (max-width: 1024px) 100vw, 1024px\" \/><\/figure>\n\n\n\n<div style=\"height:100px\" aria-hidden=\"true\" class=\"wp-block-spacer\"><\/div>\n\n\n\n<p>Entra\u00eenons-nous \u00e0 convertir les valeurs ! Et oui, vous en referez de nouveau l&rsquo;ann\u00e9e prochaine. <\/p>\n\n\n\n<p>(Ne pas faire la derni\u00e8re \u00e9tape du Genially)<\/p>\n\n\n\n<figure class=\"wp-block-embed is-type-wp-embed is-provider-genially wp-block-embed-genially\"><div class=\"wp-block-embed__wrapper\">\n<iframe class=\"wp-embedded-content\" sandbox=\"allow-scripts\" security=\"restricted\" title=\"5\u00e8mes - Animations sur les conversions de volume\" frameborder='0' width='1200' height='675' src='https:\/\/view.genially.com\/670ab05d324d1caa8d04148a#?secret=1byuiYZ0Kf' data-secret='1byuiYZ0Kf' scrolling='yes'><\/iframe>\n<\/div><\/figure>\n\n\n\n<p><\/p>\n\n\n\n<div style=\"height:100px\" aria-hidden=\"true\" class=\"wp-block-spacer\"><\/div>\n\n\n<div class=\"wp-block-image\">\n<figure class=\"aligncenter size-full is-resized\"><a href=\"https:\/\/www.evoluscience.fr\/index.php\/sixieme\/partie-2\/chapitre-3-masse-et-volume\/activite-2\/conclusion\/\" target=\"_blank\" rel=\" noreferrer noopener\"><img loading=\"lazy\" decoding=\"async\" width=\"538\" height=\"538\" src=\"https:\/\/www.evoluscience.fr\/wp-content\/uploads\/2019\/09\/conclusion.png\" alt=\"\" class=\"wp-image-370\" style=\"width:362px;height:auto\" srcset=\"https:\/\/www.evoluscience.fr\/wp-content\/uploads\/2019\/09\/conclusion.png 538w, https:\/\/www.evoluscience.fr\/wp-content\/uploads\/2019\/09\/conclusion-150x150.png 150w, https:\/\/www.evoluscience.fr\/wp-content\/uploads\/2019\/09\/conclusion-300x300.png 300w, https:\/\/www.evoluscience.fr\/wp-content\/uploads\/2019\/09\/conclusion-520x520.png 520w\" sizes=\"auto, (max-width: 538px) 100vw, 538px\" \/><\/a><\/figure>\n<\/div>\n\n<div class=\"wp-block-image\">\n<figure class=\"aligncenter size-full is-resized\"><a href=\"https:\/\/www.evoluscience.fr\/wp-content\/uploads\/2026\/03\/6-P2-Chp3Act2-FC.pdf\" target=\"_blank\" rel=\" noreferrer noopener\"><img loading=\"lazy\" decoding=\"async\" width=\"735\" height=\"735\" src=\"https:\/\/www.evoluscience.fr\/wp-content\/uploads\/2020\/03\/pjiece_jointe-1.png\" alt=\"\" class=\"wp-image-4366\" style=\"width:423px;height:auto\" srcset=\"https:\/\/www.evoluscience.fr\/wp-content\/uploads\/2020\/03\/pjiece_jointe-1.png 735w, https:\/\/www.evoluscience.fr\/wp-content\/uploads\/2020\/03\/pjiece_jointe-1-300x300.png 300w, https:\/\/www.evoluscience.fr\/wp-content\/uploads\/2020\/03\/pjiece_jointe-1-150x150.png 150w, https:\/\/www.evoluscience.fr\/wp-content\/uploads\/2020\/03\/pjiece_jointe-1-520x520.png 520w\" sizes=\"auto, (max-width: 735px) 100vw, 735px\" \/><\/a><\/figure>\n<\/div>\n\n\n<p><\/p>\n","protected":false},"excerpt":{"rendered":"<p>Lors d&rsquo;exp\u00e9rimentations scientifiques, il est courant dans le protocole de mesurer la masse d&rsquo;un objet. II. Le volume Comment r\u00e9alise-t-on une mesure de volume d\u2019un objet&nbsp;? Activit\u00e9 2&nbsp;: Mesurer le volume d\u2019un objet Comp\u00e9tences travaill\u00e9es&nbsp;:<a class=\"read-more\" href=\"https:\/\/www.evoluscience.fr\/index.php\/sixieme\/partie-2\/chapitre-3-masse-et-volume\/activite-2\/\">Continue reading<\/a><\/p>\n","protected":false},"author":1,"featured_media":0,"parent":13415,"menu_order":2,"comment_status":"closed","ping_status":"closed","template":"","meta":{"_monsterinsights_skip_tracking":false,"_monsterinsights_sitenote_active":false,"_monsterinsights_sitenote_note":"","_monsterinsights_sitenote_category":0,"_themeisle_gutenberg_block_has_review":false,"footnotes":""},"class_list":["post-13430","page","type-page","status-publish","hentry"],"_links":{"self":[{"href":"https:\/\/www.evoluscience.fr\/index.php\/wp-json\/wp\/v2\/pages\/13430","targetHints":{"allow":["GET"]}}],"collection":[{"href":"https:\/\/www.evoluscience.fr\/index.php\/wp-json\/wp\/v2\/pages"}],"about":[{"href":"https:\/\/www.evoluscience.fr\/index.php\/wp-json\/wp\/v2\/types\/page"}],"author":[{"embeddable":true,"href":"https:\/\/www.evoluscience.fr\/index.php\/wp-json\/wp\/v2\/users\/1"}],"replies":[{"embeddable":true,"href":"https:\/\/www.evoluscience.fr\/index.php\/wp-json\/wp\/v2\/comments?post=13430"}],"version-history":[{"count":0,"href":"https:\/\/www.evoluscience.fr\/index.php\/wp-json\/wp\/v2\/pages\/13430\/revisions"}],"up":[{"embeddable":true,"href":"https:\/\/www.evoluscience.fr\/index.php\/wp-json\/wp\/v2\/pages\/13415"}],"wp:attachment":[{"href":"https:\/\/www.evoluscience.fr\/index.php\/wp-json\/wp\/v2\/media?parent=13430"}],"curies":[{"name":"wp","href":"https:\/\/api.w.org\/{rel}","templated":true}]}}