{"id":1343,"date":"2019-10-01T13:13:49","date_gmt":"2019-10-01T11:13:49","guid":{"rendered":"http:\/\/evoluscience.fr\/?page_id=1343"},"modified":"2026-03-23T19:00:18","modified_gmt":"2026-03-23T18:00:18","slug":"quatrieme-2","status":"publish","type":"page","link":"https:\/\/www.evoluscience.fr\/index.php\/cycle-4\/quatrieme-2\/","title":{"rendered":"Quatri\u00e8me"},"content":{"rendered":"<div id=\"modal-ready\">\n<div class=\"wp-block-themeisle-blocks-advanced-columns has-1-columns has-desktop-equal-layout has-tablet-equal-layout has-mobile-equal-layout has-default-gap has-vertical-unset\" id=\"wp-block-themeisle-blocks-advanced-columns-d2c956cc\" style=\"border-width:0px;border-style:solid;border-color:#000000;border-radius:0px;justify-content:unset\"><div class=\"wp-themeisle-block-overlay\" style=\"opacity:0.5;mix-blend-mode:normal\"><\/div><div class=\"innerblocks-wrap\">\n<div class=\"wp-block-themeisle-blocks-advanced-column\" id=\"wp-block-themeisle-blocks-advanced-column-1811aeb1\" style=\"border-width:0px;border-style:solid;border-color:#000000;border-radius:0px\">\n<div style=\"height:62px\" aria-hidden=\"true\" class=\"wp-block-spacer\"><\/div>\n<p>En 4e, on est dans le cycle 4 des cours de SVT. <\/p>\n<p>Il sera \u00e9tudi\u00e9 trois parties dont l&rsquo;objectif est principalement cette ann\u00e9e de comprendre le fonctionnement (et les interactions) de ce qui nous entoure et de ce qu&rsquo;il y a en nous.<\/p>\n<p>\nLes connaissances et les comp\u00e9tences \u00e9tudi\u00e9es peuvent \u00eatre \u00e9valu\u00e9es lors du brevet. Pour se pr\u00e9parer, il est important de r\u00e9aliser les cartes d&rsquo;id\u00e9es ou les fiches de r\u00e9vision indiqu\u00e9s dans les devoirs. Ces r\u00e9sum\u00e9s seront rang\u00e9s dans le porte-vue.\n<\/p>\n<p>Des quiz pour chaque chapitre de cours de SVT sont \u00e0 disposition dans la partie Jeux.<\/p>\n<div style=\"height:132px\" aria-hidden=\"true\" class=\"wp-block-spacer\"><\/div>\n<p>S\u00e9lectionner une des ic\u00f4nes pour acc\u00e9der au cours.<\/p>\n<div style=\"height:34px\" aria-hidden=\"true\" class=\"wp-block-spacer\"><\/div>\n<div class=\"wp-block-columns has-2-columns\">\n<div class=\"wp-block-column\">\n<div class=\"wp-block-columns has-2-columns\">\n<div class=\"wp-block-column\">\n<p>Parties du programme<\/p>\n<\/div>\n<div class=\"wp-block-column\">\n<p class=\"has-text-align-center\">Corps &amp; Sant\u00e9<\/p>\n<figure class=\"wp-block-image\"><a href=\"https:\/\/evoluscience.fr\/index.php\/cycle-4\/quatrieme-2\/quatrieme\/\"><img loading=\"lazy\" decoding=\"async\" width=\"600\" height=\"600\" src=\"https:\/\/evoluscience.fr\/wp-content\/uploads\/2019\/09\/caducee_bleu.jpg\" alt=\"\" class=\"wp-image-245\" srcset=\"https:\/\/www.evoluscience.fr\/wp-content\/uploads\/2019\/09\/caducee_bleu.jpg 600w, https:\/\/www.evoluscience.fr\/wp-content\/uploads\/2019\/09\/caducee_bleu-150x150.jpg 150w, https:\/\/www.evoluscience.fr\/wp-content\/uploads\/2019\/09\/caducee_bleu-300x300.jpg 300w, https:\/\/www.evoluscience.fr\/wp-content\/uploads\/2019\/09\/caducee_bleu-520x520.jpg 520w\" sizes=\"auto, (max-width: 600px) 100vw, 600px\" \/><\/a><\/figure>\n<\/div>\n<\/div>\n<\/div>\n<div class=\"wp-block-column\">\n<div class=\"wp-block-columns has-2-columns\">\n<div class=\"wp-block-column\">\n<p class=\"has-text-align-center\">Le       Vivant<\/p>\n<figure class=\"wp-block-image\"><a href=\"https:\/\/evoluscience.fr\/index.php\/cycle-4\/quatrieme-2\/4e-le-vivant\/\"><img loading=\"lazy\" decoding=\"async\" width=\"600\" height=\"600\" src=\"https:\/\/evoluscience.fr\/wp-content\/uploads\/2019\/09\/rainette_bleu.jpg\" alt=\"\" class=\"wp-image-249\" srcset=\"https:\/\/www.evoluscience.fr\/wp-content\/uploads\/2019\/09\/rainette_bleu.jpg 600w, https:\/\/www.evoluscience.fr\/wp-content\/uploads\/2019\/09\/rainette_bleu-150x150.jpg 150w, https:\/\/www.evoluscience.fr\/wp-content\/uploads\/2019\/09\/rainette_bleu-300x300.jpg 300w, https:\/\/www.evoluscience.fr\/wp-content\/uploads\/2019\/09\/rainette_bleu-520x520.jpg 520w\" sizes=\"auto, (max-width: 600px) 100vw, 600px\" \/><\/a><\/figure>\n<\/div>\n<div class=\"wp-block-column\">\n<p class=\"has-text-align-center\">La         Terre<\/p>\n<figure class=\"wp-block-image\"><a href=\"https:\/\/evoluscience.fr\/index.php\/cycle-4\/quatrieme-2\/4e-la-planete-terre-lenvironnement-laction-humaine\/\"><img loading=\"lazy\" decoding=\"async\" width=\"600\" height=\"600\" src=\"https:\/\/evoluscience.fr\/wp-content\/uploads\/2019\/09\/terre_bleu.jpg\" alt=\"\" class=\"wp-image-252\" srcset=\"https:\/\/www.evoluscience.fr\/wp-content\/uploads\/2019\/09\/terre_bleu.jpg 600w, https:\/\/www.evoluscience.fr\/wp-content\/uploads\/2019\/09\/terre_bleu-150x150.jpg 150w, https:\/\/www.evoluscience.fr\/wp-content\/uploads\/2019\/09\/terre_bleu-300x300.jpg 300w, https:\/\/www.evoluscience.fr\/wp-content\/uploads\/2019\/09\/terre_bleu-520x520.jpg 520w\" sizes=\"auto, (max-width: 600px) 100vw, 600px\" \/><\/a><\/figure>\n<\/div>\n<\/div>\n<p><\/p>\n<\/div>\n<\/div>\n<\/div>\n<\/div><\/div>\n\n\n\n<div style=\"height:100px\" aria-hidden=\"true\" class=\"wp-block-spacer\"><\/div>\n\n\n\n<p><\/p>\n\n\n<div class=\"wp-block-image\">\n<figure class=\"aligncenter size-large is-resized\"><img loading=\"lazy\" decoding=\"async\" width=\"1024\" height=\"768\" src=\"https:\/\/www.evoluscience.fr\/wp-content\/uploads\/2023\/08\/image-1-1024x768.png\" alt=\"\" class=\"wp-image-9389\" style=\"width:570px;height:428px\" srcset=\"https:\/\/www.evoluscience.fr\/wp-content\/uploads\/2023\/08\/image-1-1024x768.png 1024w, https:\/\/www.evoluscience.fr\/wp-content\/uploads\/2023\/08\/image-1-300x225.png 300w, https:\/\/www.evoluscience.fr\/wp-content\/uploads\/2023\/08\/image-1-768x576.png 768w, https:\/\/www.evoluscience.fr\/wp-content\/uploads\/2023\/08\/image-1-1536x1152.png 1536w, https:\/\/www.evoluscience.fr\/wp-content\/uploads\/2023\/08\/image-1-520x390.png 520w, https:\/\/www.evoluscience.fr\/wp-content\/uploads\/2023\/08\/image-1-740x555.png 740w, https:\/\/www.evoluscience.fr\/wp-content\/uploads\/2023\/08\/image-1.png 2048w\" sizes=\"auto, (max-width: 1024px) 100vw, 1024px\" \/><\/figure>\n<\/div><\/div>","protected":false},"excerpt":{"rendered":"<p>En 4e, on est dans le cycle 4 des cours de SVT. Il sera \u00e9tudi\u00e9 trois parties dont l&rsquo;objectif est principalement cette ann\u00e9e de comprendre le fonctionnement (et les interactions) de ce qui nous entoure<a class=\"read-more\" href=\"https:\/\/www.evoluscience.fr\/index.php\/cycle-4\/quatrieme-2\/\">Continue reading<\/a><\/p>\n","protected":false},"author":1,"featured_media":0,"parent":183,"menu_order":3,"comment_status":"closed","ping_status":"closed","template":"","meta":{"om_disable_all_campaigns":false,"_monsterinsights_skip_tracking":false,"_monsterinsights_sitenote_active":false,"_monsterinsights_sitenote_note":"","_monsterinsights_sitenote_category":0,"_themeisle_gutenberg_block_has_review":false,"footnotes":""},"c2tw_page_folder":[],"class_list":["post-1343","page","type-page","status-publish","hentry"],"aioseo_notices":[],"_links":{"self":[{"href":"https:\/\/www.evoluscience.fr\/index.php\/wp-json\/wp\/v2\/pages\/1343","targetHints":{"allow":["GET"]}}],"collection":[{"href":"https:\/\/www.evoluscience.fr\/index.php\/wp-json\/wp\/v2\/pages"}],"about":[{"href":"https:\/\/www.evoluscience.fr\/index.php\/wp-json\/wp\/v2\/types\/page"}],"author":[{"embeddable":true,"href":"https:\/\/www.evoluscience.fr\/index.php\/wp-json\/wp\/v2\/users\/1"}],"replies":[{"embeddable":true,"href":"https:\/\/www.evoluscience.fr\/index.php\/wp-json\/wp\/v2\/comments?post=1343"}],"version-history":[{"count":5,"href":"https:\/\/www.evoluscience.fr\/index.php\/wp-json\/wp\/v2\/pages\/1343\/revisions"}],"predecessor-version":[{"id":13637,"href":"https:\/\/www.evoluscience.fr\/index.php\/wp-json\/wp\/v2\/pages\/1343\/revisions\/13637"}],"up":[{"embeddable":true,"href":"https:\/\/www.evoluscience.fr\/index.php\/wp-json\/wp\/v2\/pages\/183"}],"wp:attachment":[{"href":"https:\/\/www.evoluscience.fr\/index.php\/wp-json\/wp\/v2\/media?parent=1343"}],"wp:term":[{"taxonomy":"c2tw_page_folder","embeddable":true,"href":"https:\/\/www.evoluscience.fr\/index.php\/wp-json\/wp\/v2\/c2tw_page_folder?post=1343"}],"curies":[{"name":"wp","href":"https:\/\/api.w.org\/{rel}","templated":true}]}}