{"id":1333,"date":"2019-10-01T13:01:41","date_gmt":"2019-10-01T11:01:41","guid":{"rendered":"http:\/\/evoluscience.fr\/?page_id=1333"},"modified":"2026-04-27T21:22:43","modified_gmt":"2026-04-27T19:22:43","slug":"cinquieme","status":"publish","type":"page","link":"https:\/\/www.evoluscience.fr\/index.php\/cycle-4\/cinquieme\/","title":{"rendered":"Cinqui\u00e8me"},"content":{"rendered":"\n<div class=\"wp-block-themeisle-blocks-advanced-columns has-1-columns has-desktop-equal-layout has-tablet-equal-layout has-mobile-equal-layout has-default-gap has-vertical-unset\" id=\"wp-block-themeisle-blocks-advanced-columns-fb8d0e39\" style=\"border-width:0px;border-style:solid;border-color:#000000;border-radius:0px;justify-content:unset\"><div class=\"wp-themeisle-block-overlay\" style=\"opacity:0.5;mix-blend-mode:normal\"><\/div><div class=\"innerblocks-wrap\">\n<div class=\"wp-block-themeisle-blocks-advanced-column\" id=\"wp-block-themeisle-blocks-advanced-column-df5fc92e\" style=\"border-width:0px;border-style:solid;border-color:#000000;border-radius:0px\">\n<div style=\"height:66px\" aria-hidden=\"true\" class=\"wp-block-spacer\"><\/div>\n<p>En 5e, on entre dans le cycle 4 des cours de SVT. <\/p>\n<p>Il sera \u00e9tudi\u00e9 trois parties dont l&rsquo;objectif est principalement cette ann\u00e9e de d\u00e9couvrir ce qui nous entoure et ce qu&rsquo;il y a en nous.<\/p>\n<p>Les connaissances et les comp\u00e9tences \u00e9tudi\u00e9es peuvent \u00eatre \u00e9valu\u00e9es lors du brevet. Pour se pr\u00e9parer, il est important de r\u00e9aliser les cartes d&rsquo;id\u00e9es ou les fiches de r\u00e9vision indiqu\u00e9s dans les devoirs. Ces r\u00e9sum\u00e9s seront rang\u00e9s dans le porte-vue.<\/p>\n<p>Des quiz pour chaque chapitre de cours de SVT sont \u00e0 disposition dans la partie Jeux.<\/p>\n<div style=\"height:132px\" aria-hidden=\"true\" class=\"wp-block-spacer\"><\/div>\n<p>S\u00e9lectionner une des ic\u00f4nes pour acc\u00e9der au cours.<\/p>\n<div style=\"height:34px\" aria-hidden=\"true\" class=\"wp-block-spacer\"><\/div>\n<div class=\"wp-block-columns has-2-columns\">\n<div class=\"wp-block-column\">\n<div class=\"wp-block-columns has-2-columns\">\n<div class=\"wp-block-column\">\n<p>Parties du programme<\/p>\n<\/div>\n<div class=\"wp-block-column\">\n<p class=\"has-text-align-center\">Corps &amp; Sant\u00e9<\/p>\n<figure class=\"wp-block-image\"><a href=\"https:\/\/evoluscience.fr\/index.php\/cycle-4\/cinquieme\/5-corps-et-sante\/\"><img loading=\"lazy\" decoding=\"async\" width=\"600\" height=\"600\" src=\"https:\/\/evoluscience.fr\/wp-content\/uploads\/2019\/09\/caducee_vert.jpg\" alt=\"\" class=\"wp-image-246\" srcset=\"https:\/\/www.evoluscience.fr\/wp-content\/uploads\/2019\/09\/caducee_vert.jpg 600w, https:\/\/www.evoluscience.fr\/wp-content\/uploads\/2019\/09\/caducee_vert-150x150.jpg 150w, https:\/\/www.evoluscience.fr\/wp-content\/uploads\/2019\/09\/caducee_vert-300x300.jpg 300w, https:\/\/www.evoluscience.fr\/wp-content\/uploads\/2019\/09\/caducee_vert-520x520.jpg 520w\" sizes=\"auto, (max-width: 600px) 100vw, 600px\" \/><\/a><\/figure>\n<\/div>\n<\/div>\n<p><\/p>\n<\/div>\n<div class=\"wp-block-column\">\n<div class=\"wp-block-columns has-2-columns\">\n<div class=\"wp-block-column\">\n<p class=\"has-text-align-center\">Le       Vivant<\/p>\n<figure class=\"wp-block-image\"><a href=\"https:\/\/evoluscience.fr\/index.php\/cycle-4\/quatrieme-2\/5e-le-vivant\/\"><img loading=\"lazy\" decoding=\"async\" width=\"600\" height=\"600\" src=\"https:\/\/evoluscience.fr\/wp-content\/uploads\/2019\/09\/rainette_vert.jpg\" alt=\"\" class=\"wp-image-250\" srcset=\"https:\/\/www.evoluscience.fr\/wp-content\/uploads\/2019\/09\/rainette_vert.jpg 600w, https:\/\/www.evoluscience.fr\/wp-content\/uploads\/2019\/09\/rainette_vert-150x150.jpg 150w, https:\/\/www.evoluscience.fr\/wp-content\/uploads\/2019\/09\/rainette_vert-300x300.jpg 300w, https:\/\/www.evoluscience.fr\/wp-content\/uploads\/2019\/09\/rainette_vert-520x520.jpg 520w\" sizes=\"auto, (max-width: 600px) 100vw, 600px\" \/><\/a><\/figure>\n<\/div>\n<div class=\"wp-block-column\">\n<p class=\"has-text-align-center\">La         Terre<\/p>\n<figure class=\"wp-block-image\"><a href=\"https:\/\/evoluscience.fr\/index.php\/cycle-4\/cinquieme\/5e-la-planete-terre-lenvironnement-et-laction-humaine\/\"><img loading=\"lazy\" decoding=\"async\" width=\"600\" height=\"600\" src=\"https:\/\/evoluscience.fr\/wp-content\/uploads\/2019\/09\/terre_vert.jpg\" alt=\"\" class=\"wp-image-253\" srcset=\"https:\/\/www.evoluscience.fr\/wp-content\/uploads\/2019\/09\/terre_vert.jpg 600w, https:\/\/www.evoluscience.fr\/wp-content\/uploads\/2019\/09\/terre_vert-150x150.jpg 150w, https:\/\/www.evoluscience.fr\/wp-content\/uploads\/2019\/09\/terre_vert-300x300.jpg 300w, https:\/\/www.evoluscience.fr\/wp-content\/uploads\/2019\/09\/terre_vert-520x520.jpg 520w\" sizes=\"auto, (max-width: 600px) 100vw, 600px\" \/><\/a><\/figure>\n<\/div>\n<\/div>\n<\/div>\n<\/div>\n<\/div>\n<\/div><\/div>\n\n\n\n<div style=\"height:100px\" aria-hidden=\"true\" class=\"wp-block-spacer\"><\/div>\n\n\n\n<p><\/p>\n\n\n<div class=\"wp-block-image\">\n<figure class=\"aligncenter size-large is-resized\"><img loading=\"lazy\" decoding=\"async\" width=\"1024\" height=\"768\" src=\"https:\/\/www.evoluscience.fr\/wp-content\/uploads\/2023\/08\/image-1024x768.png\" alt=\"\" class=\"wp-image-9384\" style=\"width:565px;height:424px\" srcset=\"https:\/\/www.evoluscience.fr\/wp-content\/uploads\/2023\/08\/image-1024x768.png 1024w, https:\/\/www.evoluscience.fr\/wp-content\/uploads\/2023\/08\/image-300x225.png 300w, https:\/\/www.evoluscience.fr\/wp-content\/uploads\/2023\/08\/image-768x576.png 768w, https:\/\/www.evoluscience.fr\/wp-content\/uploads\/2023\/08\/image-1536x1152.png 1536w, https:\/\/www.evoluscience.fr\/wp-content\/uploads\/2023\/08\/image-520x390.png 520w, https:\/\/www.evoluscience.fr\/wp-content\/uploads\/2023\/08\/image-740x555.png 740w, https:\/\/www.evoluscience.fr\/wp-content\/uploads\/2023\/08\/image.png 2048w\" sizes=\"auto, (max-width: 1024px) 100vw, 1024px\" \/><\/figure>\n<\/div>","protected":false},"excerpt":{"rendered":"<p>En 5e, on entre dans le cycle 4 des cours de SVT. Il sera \u00e9tudi\u00e9 trois parties dont l&rsquo;objectif est principalement cette ann\u00e9e de d\u00e9couvrir ce qui nous entoure et ce qu&rsquo;il y a en<a class=\"read-more\" href=\"https:\/\/www.evoluscience.fr\/index.php\/cycle-4\/cinquieme\/\">Continue reading<\/a><\/p>\n","protected":false},"author":1,"featured_media":0,"parent":183,"menu_order":3,"comment_status":"closed","ping_status":"closed","template":"","meta":{"_monsterinsights_skip_tracking":false,"_monsterinsights_sitenote_active":false,"_monsterinsights_sitenote_note":"","_monsterinsights_sitenote_category":0,"_themeisle_gutenberg_block_has_review":false,"footnotes":""},"class_list":["post-1333","page","type-page","status-publish","hentry"],"_links":{"self":[{"href":"https:\/\/www.evoluscience.fr\/index.php\/wp-json\/wp\/v2\/pages\/1333","targetHints":{"allow":["GET"]}}],"collection":[{"href":"https:\/\/www.evoluscience.fr\/index.php\/wp-json\/wp\/v2\/pages"}],"about":[{"href":"https:\/\/www.evoluscience.fr\/index.php\/wp-json\/wp\/v2\/types\/page"}],"author":[{"embeddable":true,"href":"https:\/\/www.evoluscience.fr\/index.php\/wp-json\/wp\/v2\/users\/1"}],"replies":[{"embeddable":true,"href":"https:\/\/www.evoluscience.fr\/index.php\/wp-json\/wp\/v2\/comments?post=1333"}],"version-history":[{"count":0,"href":"https:\/\/www.evoluscience.fr\/index.php\/wp-json\/wp\/v2\/pages\/1333\/revisions"}],"up":[{"embeddable":true,"href":"https:\/\/www.evoluscience.fr\/index.php\/wp-json\/wp\/v2\/pages\/183"}],"wp:attachment":[{"href":"https:\/\/www.evoluscience.fr\/index.php\/wp-json\/wp\/v2\/media?parent=1333"}],"curies":[{"name":"wp","href":"https:\/\/api.w.org\/{rel}","templated":true}]}}