{"id":1309,"date":"2019-10-01T12:19:58","date_gmt":"2019-10-01T10:19:58","guid":{"rendered":"http:\/\/evoluscience.fr\/?page_id=1309"},"modified":"2025-02-05T20:55:48","modified_gmt":"2025-02-05T19:55:48","slug":"capsule","status":"publish","type":"page","link":"https:\/\/www.evoluscience.fr\/index.php\/cycle-4\/troisieme-2\/troisieme\/chapitre-3-hygiene-de-vie-et-systeme-immunitaire\/activite-5\/capsule\/","title":{"rendered":"Capsule"},"content":{"rendered":"\n<div id=\"wp-block-themeisle-blocks-advanced-columns-47dda16d\" class=\"wp-block-themeisle-blocks-advanced-columns has-1-columns has-desktop-equal-layout has-tablet-equal-layout has-mobile-equal-layout has-vertical-unset\"><div class=\"wp-block-themeisle-blocks-advanced-columns-overlay\"><\/div><div class=\"innerblocks-wrap\">\n<div id=\"wp-block-themeisle-blocks-advanced-column-507c33b2\" class=\"wp-block-themeisle-blocks-advanced-column\">\n<p><strong><em>A partir de la vid\u00e9o, r\u00e9aliser un r\u00e9sum\u00e9 de 2-3 phrases.<\/em><\/strong><\/p>\n\n\n\n<figure class=\"wp-block-video\"><video controls src=\"https:\/\/www.evoluscience.fr\/wp-content\/uploads\/2025\/02\/Tout-savoir-sur-LOUIS-PASTEUR-\ud83e\ude7a.mp4\"><\/video><\/figure>\n<\/div>\n<\/div><\/div>\n\n\n\n<p>Source : https:\/\/www.youtube.com\/watch?v=UepgIZLLc7k<\/p>\n\n\n\n<p><\/p>\n","protected":false},"excerpt":{"rendered":"<p>Source : https:\/\/www.youtube.com\/watch?v=UepgIZLLc7k<\/p>\n","protected":false},"author":1,"featured_media":0,"parent":1303,"menu_order":3,"comment_status":"closed","ping_status":"closed","template":"","meta":{"_monsterinsights_skip_tracking":false,"_monsterinsights_sitenote_active":false,"_monsterinsights_sitenote_note":"","_monsterinsights_sitenote_category":0,"_themeisle_gutenberg_block_has_review":false,"footnotes":""},"class_list":["post-1309","page","type-page","status-publish","hentry"],"_links":{"self":[{"href":"https:\/\/www.evoluscience.fr\/index.php\/wp-json\/wp\/v2\/pages\/1309","targetHints":{"allow":["GET"]}}],"collection":[{"href":"https:\/\/www.evoluscience.fr\/index.php\/wp-json\/wp\/v2\/pages"}],"about":[{"href":"https:\/\/www.evoluscience.fr\/index.php\/wp-json\/wp\/v2\/types\/page"}],"author":[{"embeddable":true,"href":"https:\/\/www.evoluscience.fr\/index.php\/wp-json\/wp\/v2\/users\/1"}],"replies":[{"embeddable":true,"href":"https:\/\/www.evoluscience.fr\/index.php\/wp-json\/wp\/v2\/comments?post=1309"}],"version-history":[{"count":0,"href":"https:\/\/www.evoluscience.fr\/index.php\/wp-json\/wp\/v2\/pages\/1309\/revisions"}],"up":[{"embeddable":true,"href":"https:\/\/www.evoluscience.fr\/index.php\/wp-json\/wp\/v2\/pages\/1303"}],"wp:attachment":[{"href":"https:\/\/www.evoluscience.fr\/index.php\/wp-json\/wp\/v2\/media?parent=1309"}],"curies":[{"name":"wp","href":"https:\/\/api.w.org\/{rel}","templated":true}]}}