{"id":12978,"date":"2025-11-30T14:39:08","date_gmt":"2025-11-30T13:39:08","guid":{"rendered":"https:\/\/www.evoluscience.fr\/?page_id=12978"},"modified":"2025-11-30T22:55:27","modified_gmt":"2025-11-30T21:55:27","slug":"chapitre-4-les-changements-de-peuplement","status":"publish","type":"page","link":"https:\/\/www.evoluscience.fr\/index.php\/sixieme\/partie-1\/chapitre-4-les-changements-de-peuplement\/","title":{"rendered":"\u00a0Chapitre 4 \u2013 Les changements de peuplement"},"content":{"rendered":"\n<p><em>Le temps passe et les extraterrestres remarquent qu\u2019ils ne voient pas toujours les m\u00eames \u00eatres vivants et qu\u2019il fait plus froid.<\/em><\/p>\n\n\n\n<p class=\"has-vivid-green-cyan-color has-text-color has-link-color wp-elements-dea258f10f56cae44a89fc3323912f00\">Comment s\u2019adaptent les \u00eatres vivants \u00e0 diff\u00e9rentes conditions de vie&nbsp;?<\/p>\n\n\n\n<div style=\"height:100px\" aria-hidden=\"true\" class=\"wp-block-spacer\"><\/div>\n\n\n\n<p><a href=\"https:\/\/www.evoluscience.fr\/index.php\/sixieme\/partie-1\/chapitre-4-les-changements-de-peuplement\/activite-1\/\" target=\"_blank\" rel=\"noopener\" title=\"\">Activit\u00e9 1\u00a0 &#8211; Comparaison de deux \u00e9cosyst\u00e8mes\u00a0: aquatique et terrestre<\/a><\/p>\n\n\n\n<p><a href=\"https:\/\/www.evoluscience.fr\/index.php\/sixieme\/partie-1\/chapitre-4-les-changements-de-peuplement\/activite-2\/\" target=\"_blank\" rel=\"noopener\" title=\"\">Activit\u00e9 2\u00a0 &#8211; Comparaison d\u2019un m\u00eame \u00e9cosyst\u00e8me entre \u00e9t\u00e9 et automne<\/a><\/p>\n\n\n\n<p><a href=\"https:\/\/www.evoluscience.fr\/index.php\/sixieme\/partie-1\/chapitre-4-les-changements-de-peuplement\/activite-3\/\" target=\"_blank\" rel=\"noopener\" title=\"\">Activit\u00e9 3\u00a0&#8211; Etude d\u2019adaptations au passage \u00e0 la \u00ab\u00a0mauvaise\u00a0\u00bb saison<\/a><\/p>\n\n\n\n<p><a href=\"https:\/\/www.evoluscience.fr\/index.php\/sixieme\/partie-1\/chapitre-4-les-changements-de-peuplement\/activite-4\/\" target=\"_blank\" rel=\"noopener\" title=\"\">Activit\u00e9 4\u00a0&#8211;\u00a0Etude de l\u2019effet d\u2019un incendie sur un \u00e9cosyst\u00e8me<\/a><\/p>\n\n\n\n<p><\/p>\n","protected":false},"excerpt":{"rendered":"<p>Le temps passe et les extraterrestres remarquent qu\u2019ils ne voient pas toujours les m\u00eames \u00eatres vivants et qu\u2019il fait plus froid. Comment s\u2019adaptent les \u00eatres vivants \u00e0 diff\u00e9rentes conditions de vie&nbsp;? Activit\u00e9 1\u00a0 &#8211; Comparaison<a class=\"read-more\" href=\"https:\/\/www.evoluscience.fr\/index.php\/sixieme\/partie-1\/chapitre-4-les-changements-de-peuplement\/\">Continue reading<\/a><\/p>\n","protected":false},"author":1,"featured_media":0,"parent":12307,"menu_order":4,"comment_status":"closed","ping_status":"closed","template":"","meta":{"_monsterinsights_skip_tracking":false,"_monsterinsights_sitenote_active":false,"_monsterinsights_sitenote_note":"","_monsterinsights_sitenote_category":0,"_themeisle_gutenberg_block_has_review":false,"footnotes":""},"class_list":["post-12978","page","type-page","status-publish","hentry"],"_links":{"self":[{"href":"https:\/\/www.evoluscience.fr\/index.php\/wp-json\/wp\/v2\/pages\/12978","targetHints":{"allow":["GET"]}}],"collection":[{"href":"https:\/\/www.evoluscience.fr\/index.php\/wp-json\/wp\/v2\/pages"}],"about":[{"href":"https:\/\/www.evoluscience.fr\/index.php\/wp-json\/wp\/v2\/types\/page"}],"author":[{"embeddable":true,"href":"https:\/\/www.evoluscience.fr\/index.php\/wp-json\/wp\/v2\/users\/1"}],"replies":[{"embeddable":true,"href":"https:\/\/www.evoluscience.fr\/index.php\/wp-json\/wp\/v2\/comments?post=12978"}],"version-history":[{"count":0,"href":"https:\/\/www.evoluscience.fr\/index.php\/wp-json\/wp\/v2\/pages\/12978\/revisions"}],"up":[{"embeddable":true,"href":"https:\/\/www.evoluscience.fr\/index.php\/wp-json\/wp\/v2\/pages\/12307"}],"wp:attachment":[{"href":"https:\/\/www.evoluscience.fr\/index.php\/wp-json\/wp\/v2\/media?parent=12978"}],"curies":[{"name":"wp","href":"https:\/\/api.w.org\/{rel}","templated":true}]}}